{"id":100,"date":"2018-01-06T18:51:36","date_gmt":"2018-01-06T18:51:36","guid":{"rendered":"http:\/\/praxis-beylich.de\/?page_id=100"},"modified":"2025-11-25T19:40:09","modified_gmt":"2025-11-25T18:40:09","slug":"preisliste","status":"publish","type":"page","link":"https:\/\/praxis-beylich.de\/?page_id=100","title":{"rendered":"Preisliste"},"content":{"rendered":"\n<p>Die gesetzlichen wie zunehmend auch die privaten Krankenkassen \u00fcbernehmen l\u00e4ngst nicht mehr alle Leistungen, sondern nur noch solche, die (aus Krankenkassen-Sicht) medizinisch notwendig, wissenschaftlich gesichert und wirtschaftlich sind. In diesem Zusammenhang werden auch Hausbesuche nicht mehr &#8222;ohne Murren&#8220; bezahlt. Nach dem SGB V hat der Patient &#8222;&#8230; Anspruch auf Hausbehandlung, wenn ihm <strong><em>aus medizinischen Gr\u00fcnden<\/em><\/strong> ein Aufsuchen der Praxis nicht m\u00f6glich oder zumutbar ist.&#8220; Das gilt nat\u00fcrlich auch f\u00fcr den \u00e4rztlichen Notdienst. Ein Missbrauch kann einen Regress zur Folge haben. Aber das nur nebenbei.<\/p>\n\n\n\n<p>Aus diesen Gr\u00fcnden m\u00fcssen wir folgende Leistungen mit den Patienten privat abrechnen (sog. IGeL = <strong>I<\/strong>ndividuelle <strong>Ge<\/strong>sundheits-<strong>L<\/strong>eistungen):<\/p>\n\n\n\n<figure class=\"wp-block-table\"><table class=\"has-fixed-layout\"><tbody><tr><td><strong>medizinische Ma\u00dfnahmen<\/strong><\/td><td><strong>&nbsp;Preis<\/strong><\/td><\/tr><tr><td>ABI-Messung<\/td><td>19,50 \u20ac<\/td><\/tr><tr><td>Akupunktur, Erstbehandlung<\/td><td>92,00 \u20ac<\/td><\/tr><tr><td>Akupunktur, K\u00f6rper-, &gt;20 Min.<\/td><td>50,00 \u20ac<\/td><\/tr><tr><td>Akupunktur, Ohr-, &gt;20 Min.44<\/td><td>45,00 \u20ac<\/td><\/tr><tr><td>Akupunktur, Dauernadeln<\/td><td>30,00 \u20ac<\/td><\/tr><tr><td>HIV-Test<\/td><td>ca. 40,00 \u20ac <\/td><\/tr><tr><td>Infusion, bis 20 Min.<\/td><td>16,00 \u20ac<\/td><\/tr><tr><td>Infusion, &gt;20 Min.<\/td><td>30,00 \u20ac<\/td><\/tr><tr><td>Injektionen, im., sc.<\/td><td>5,00 \u20ac<\/td><\/tr><tr><td>Injektionen, iv.<\/td><td>9,00 \u20ac<\/td><\/tr><tr><td>Impfungen, ggf. zzgl. Impfstoff<\/td><td>5,00 \u20ac<\/td><\/tr><tr><td><span style=\"caret-color: rgb(0, 0, 0); color: rgb(0, 0, 0); font-family: -webkit-standard; font-size: medium; white-space: normal;\">Medizinische Behandlung von Infektionen durch kosmetische Eingriffe<\/span><\/td><td>nach Aufwand ab 10,00 \u20ac<\/td><\/tr><tr><td><span style=\"caret-color: rgb(0, 0, 0); color: rgb(0, 0, 0); font-family: -webkit-standard; font-size: medium; white-space: normal;\">Piercings<\/span><\/td><td>20,00 \u2013 50,00 \u20ac<\/td><\/tr><tr><td>Procain-Basen-Therapie (Infusion)<\/td><td>50 &#8211; 130 \u20ac (nach Zeit und Wirkstoffmenge)<\/td><\/tr><tr><td>PSA-Test<\/td><td>ca. 25,00 \u20ac<\/td><\/tr><tr><td>SKS Skin Therapy System &#8222;Phlebolyser&#8220;<\/td><td>ab 80,00 \u20ac<\/td><\/tr><tr><td>Stechen von Ohrl\u00f6chern<\/td><td>10,00 \u20ac<\/td><\/tr><tr><td>Sto\u00dfwellentherapie, fokussierte  (ESWT)<\/td><td>50,00 \u20ac<\/td><\/tr><tr><td>Toxoplasmose-Test<\/td><td>ca. 20,00 \u20ac<\/td><\/tr><tr><td>Unterspritzung mit Botox gegen Schwitzen<\/td><td>75,00 \u20ac<\/td><\/tr><tr><td><\/td><td><\/td><\/tr><tr><td><strong>Bescheinigungen<\/strong><\/td><td>&nbsp;<\/td><\/tr><tr><td>Beantwortung von Versicherungsanfragen zum K\u00f6rperschaden oder zur AF<\/td><td>&nbsp;70,00 \u20ac<\/td><\/tr><tr><td>Beantwortung von Versicherungsanfragen<\/td><td>20,00 &#8211; 75,00 \u20ac<\/td><\/tr><tr><td>Bescheinigungen f\u00fcr Beh\u00f6rden<\/td><td>21,00 \u20ac<\/td><\/tr><tr><td>Bescheinigung f\u00fcr Heimaufnahme<\/td><td><span style=\"caret-color: rgb(0, 0, 0); color: rgb(0, 0, 0); font-family: -webkit-standard; font-size: medium; white-space: normal;\">25,00 \u20ac<\/span><\/td><\/tr><tr><td>Bescheinigung f\u00fcr Reiser\u00fccktrittsversicherung<\/td><td><span style=\"caret-color: rgb(0, 0, 0); color: rgb(0, 0, 0); font-family: -webkit-standard; font-size: medium; white-space: normal;\">25,00 \u20ac<\/span><\/td><\/tr><tr><td>Tauglichkeitsuntersuchungen f\u00fcr Lkw und Hebezeuge<\/td><td>70,00 \u20ac<\/td><\/tr><tr><td>Tauglichkeitsuntersuchungen Sportbootf\u00fchrerschein<\/td><td>75,00 \u20ac<\/td><\/tr><tr><td>Tauglichkeitsuntersuchungen f\u00fcr Sport<\/td><td>40,00 \u20ac<\/td><\/tr><tr><td>Sportbefreiungen<\/td><td>&nbsp; 5,00 \u20ac<\/td><\/tr><tr><td>Schulbefreiungen<\/td><td>&nbsp; 5,00 \u20ac<\/td><\/tr><tr><td>Kindergartenuntersuchung<\/td><td>20,00 \u20ac<\/td><\/tr><tr><td>&nbsp;<\/td><td>&nbsp;<\/td><\/tr><tr><td><strong>Beratungen<\/strong><\/td><td><strong>&nbsp;<\/strong><\/td><\/tr><tr><td>reisemedizinische Beratung&nbsp; (zzgl. eventueller Impfkosten)<\/td><td>20,00 \u20ac<\/td><\/tr><tr><td><strong>&nbsp;<\/strong><\/td><td><strong>&nbsp;<\/strong><\/td><\/tr><tr><td><strong>Verwaltung<\/strong><\/td><td><strong>&nbsp;<\/strong><\/td><\/tr><tr><td>Kopien von Befunden<\/td><td>0,51 \u20ac\/Seite<\/td><\/tr><tr><td>Zweitschriften<\/td><td>1,50 \u20ac\/Seite<\/td><\/tr><\/tbody><\/table><\/figure>\n","protected":false},"excerpt":{"rendered":"<p>Die gesetzlichen wie zunehmend auch die privaten Krankenkassen \u00fcbernehmen l\u00e4ngst nicht mehr alle Leistungen, sondern nur noch solche, die (aus Krankenkassen-Sicht) medizinisch notwendig, wissenschaftlich gesichert und wirtschaftlich sind. In diesem Zusammenhang werden auch Hausbesuche nicht mehr &#8222;ohne Murren&#8220; bezahlt. Nach dem SGB V hat der Patient &#8222;&#8230; Anspruch auf Hausbehandlung, wenn ihm aus medizinischen Gr\u00fcnden &hellip; <\/p>\n<p class=\"link-more\"><a href=\"https:\/\/praxis-beylich.de\/?page_id=100\" class=\"more-link\"><span class=\"screen-reader-text\">\u201ePreisliste\u201c <\/span>weiterlesen<\/a><\/p>\n","protected":false},"author":1,"featured_media":0,"parent":0,"menu_order":0,"comment_status":"closed","ping_status":"closed","template":"","meta":{"_monsterinsights_skip_tracking":false,"_monsterinsights_sitenote_active":false,"_monsterinsights_sitenote_note":"","_monsterinsights_sitenote_category":0,"footnotes":""},"class_list":["post-100","page","type-page","status-publish","hentry"],"yoast_head":"<!-- This site is optimized with the Yoast SEO plugin v27.4 - https:\/\/yoast.com\/product\/yoast-seo-wordpress\/ -->\n<title>Preisliste - PRAXIS F\u00dcR ALLGEMEINMEDIZIN<\/title>\n<meta name=\"robots\" content=\"index, follow, max-snippet:-1, max-image-preview:large, max-video-preview:-1\" \/>\n<link rel=\"canonical\" href=\"https:\/\/praxis-beylich.de\/?page_id=100\" \/>\n<meta property=\"og:locale\" content=\"de_DE\" \/>\n<meta property=\"og:type\" content=\"article\" \/>\n<meta property=\"og:title\" content=\"Preisliste - PRAXIS F\u00dcR ALLGEMEINMEDIZIN\" \/>\n<meta property=\"og:description\" content=\"Die gesetzlichen wie zunehmend auch die privaten Krankenkassen \u00fcbernehmen l\u00e4ngst nicht mehr alle Leistungen, sondern nur noch solche, die (aus Krankenkassen-Sicht) medizinisch notwendig, wissenschaftlich gesichert und wirtschaftlich sind. In diesem Zusammenhang werden auch Hausbesuche nicht mehr &#8222;ohne Murren&#8220; bezahlt. Nach dem SGB V hat der Patient &#8222;&#8230; Anspruch auf Hausbehandlung, wenn ihm aus medizinischen Gr\u00fcnden &hellip; \u201ePreisliste\u201c weiterlesen\" \/>\n<meta property=\"og:url\" content=\"https:\/\/praxis-beylich.de\/?page_id=100\" \/>\n<meta property=\"og:site_name\" content=\"PRAXIS F\u00dcR ALLGEMEINMEDIZIN\" \/>\n<meta property=\"article:modified_time\" content=\"2025-11-25T18:40:09+00:00\" \/>\n<meta name=\"twitter:card\" content=\"summary_large_image\" \/>\n<meta name=\"twitter:label1\" content=\"Gesch\u00e4tzte Lesezeit\" \/>\n\t<meta name=\"twitter:data1\" content=\"2\u00a0Minuten\" \/>\n<script type=\"application\/ld+json\" class=\"yoast-schema-graph\">{\"@context\":\"https:\\\/\\\/schema.org\",\"@graph\":[{\"@type\":\"WebPage\",\"@id\":\"https:\\\/\\\/praxis-beylich.de\\\/?page_id=100\",\"url\":\"https:\\\/\\\/praxis-beylich.de\\\/?page_id=100\",\"name\":\"Preisliste - PRAXIS F\u00dcR ALLGEMEINMEDIZIN\",\"isPartOf\":{\"@id\":\"https:\\\/\\\/praxis-beylich.de\\\/#website\"},\"datePublished\":\"2018-01-06T18:51:36+00:00\",\"dateModified\":\"2025-11-25T18:40:09+00:00\",\"breadcrumb\":{\"@id\":\"https:\\\/\\\/praxis-beylich.de\\\/?page_id=100#breadcrumb\"},\"inLanguage\":\"de\",\"potentialAction\":[{\"@type\":\"ReadAction\",\"target\":[\"https:\\\/\\\/praxis-beylich.de\\\/?page_id=100\"]}]},{\"@type\":\"BreadcrumbList\",\"@id\":\"https:\\\/\\\/praxis-beylich.de\\\/?page_id=100#breadcrumb\",\"itemListElement\":[{\"@type\":\"ListItem\",\"position\":1,\"name\":\"Startseite\",\"item\":\"https:\\\/\\\/praxis-beylich.de\\\/\"},{\"@type\":\"ListItem\",\"position\":2,\"name\":\"Preisliste\"}]},{\"@type\":\"WebSite\",\"@id\":\"https:\\\/\\\/praxis-beylich.de\\\/#website\",\"url\":\"https:\\\/\\\/praxis-beylich.de\\\/\",\"name\":\"PRAXIS F\u00dcR ALLGEMEINMEDIZIN\",\"description\":\"Dipl.-Med. Michael Beylich, Facharzt f\u00fcr Allgemeinmedizin, Notarzt, Badearzt, Akupunkturarzt\",\"publisher\":{\"@id\":\"https:\\\/\\\/praxis-beylich.de\\\/#organization\"},\"potentialAction\":[{\"@type\":\"SearchAction\",\"target\":{\"@type\":\"EntryPoint\",\"urlTemplate\":\"https:\\\/\\\/praxis-beylich.de\\\/?s={search_term_string}\"},\"query-input\":{\"@type\":\"PropertyValueSpecification\",\"valueRequired\":true,\"valueName\":\"search_term_string\"}}],\"inLanguage\":\"de\"},{\"@type\":\"Organization\",\"@id\":\"https:\\\/\\\/praxis-beylich.de\\\/#organization\",\"name\":\"Praxis f\u00fcr Allgemeinmedizin\",\"url\":\"https:\\\/\\\/praxis-beylich.de\\\/\",\"logo\":{\"@type\":\"ImageObject\",\"inLanguage\":\"de\",\"@id\":\"https:\\\/\\\/praxis-beylich.de\\\/#\\\/schema\\\/logo\\\/image\\\/\",\"url\":\"http:\\\/\\\/praxis-beylich.de\\\/wp-content\\\/uploads\\\/2018\\\/01\\\/YinYang-1.png\",\"contentUrl\":\"http:\\\/\\\/praxis-beylich.de\\\/wp-content\\\/uploads\\\/2018\\\/01\\\/YinYang-1.png\",\"width\":133,\"height\":134,\"caption\":\"Praxis f\u00fcr Allgemeinmedizin\"},\"image\":{\"@id\":\"https:\\\/\\\/praxis-beylich.de\\\/#\\\/schema\\\/logo\\\/image\\\/\"}}]}<\/script>\n<!-- \/ Yoast SEO plugin. -->","yoast_head_json":{"title":"Preisliste - PRAXIS F\u00dcR ALLGEMEINMEDIZIN","robots":{"index":"index","follow":"follow","max-snippet":"max-snippet:-1","max-image-preview":"max-image-preview:large","max-video-preview":"max-video-preview:-1"},"canonical":"https:\/\/praxis-beylich.de\/?page_id=100","og_locale":"de_DE","og_type":"article","og_title":"Preisliste - PRAXIS F\u00dcR ALLGEMEINMEDIZIN","og_description":"Die gesetzlichen wie zunehmend auch die privaten Krankenkassen \u00fcbernehmen l\u00e4ngst nicht mehr alle Leistungen, sondern nur noch solche, die (aus Krankenkassen-Sicht) medizinisch notwendig, wissenschaftlich gesichert und wirtschaftlich sind. In diesem Zusammenhang werden auch Hausbesuche nicht mehr &#8222;ohne Murren&#8220; bezahlt. Nach dem SGB V hat der Patient &#8222;&#8230; Anspruch auf Hausbehandlung, wenn ihm aus medizinischen Gr\u00fcnden &hellip; \u201ePreisliste\u201c weiterlesen","og_url":"https:\/\/praxis-beylich.de\/?page_id=100","og_site_name":"PRAXIS F\u00dcR ALLGEMEINMEDIZIN","article_modified_time":"2025-11-25T18:40:09+00:00","twitter_card":"summary_large_image","twitter_misc":{"Gesch\u00e4tzte Lesezeit":"2\u00a0Minuten"},"schema":{"@context":"https:\/\/schema.org","@graph":[{"@type":"WebPage","@id":"https:\/\/praxis-beylich.de\/?page_id=100","url":"https:\/\/praxis-beylich.de\/?page_id=100","name":"Preisliste - PRAXIS F\u00dcR ALLGEMEINMEDIZIN","isPartOf":{"@id":"https:\/\/praxis-beylich.de\/#website"},"datePublished":"2018-01-06T18:51:36+00:00","dateModified":"2025-11-25T18:40:09+00:00","breadcrumb":{"@id":"https:\/\/praxis-beylich.de\/?page_id=100#breadcrumb"},"inLanguage":"de","potentialAction":[{"@type":"ReadAction","target":["https:\/\/praxis-beylich.de\/?page_id=100"]}]},{"@type":"BreadcrumbList","@id":"https:\/\/praxis-beylich.de\/?page_id=100#breadcrumb","itemListElement":[{"@type":"ListItem","position":1,"name":"Startseite","item":"https:\/\/praxis-beylich.de\/"},{"@type":"ListItem","position":2,"name":"Preisliste"}]},{"@type":"WebSite","@id":"https:\/\/praxis-beylich.de\/#website","url":"https:\/\/praxis-beylich.de\/","name":"PRAXIS F\u00dcR ALLGEMEINMEDIZIN","description":"Dipl.-Med. Michael Beylich, Facharzt f\u00fcr Allgemeinmedizin, Notarzt, Badearzt, Akupunkturarzt","publisher":{"@id":"https:\/\/praxis-beylich.de\/#organization"},"potentialAction":[{"@type":"SearchAction","target":{"@type":"EntryPoint","urlTemplate":"https:\/\/praxis-beylich.de\/?s={search_term_string}"},"query-input":{"@type":"PropertyValueSpecification","valueRequired":true,"valueName":"search_term_string"}}],"inLanguage":"de"},{"@type":"Organization","@id":"https:\/\/praxis-beylich.de\/#organization","name":"Praxis f\u00fcr Allgemeinmedizin","url":"https:\/\/praxis-beylich.de\/","logo":{"@type":"ImageObject","inLanguage":"de","@id":"https:\/\/praxis-beylich.de\/#\/schema\/logo\/image\/","url":"http:\/\/praxis-beylich.de\/wp-content\/uploads\/2018\/01\/YinYang-1.png","contentUrl":"http:\/\/praxis-beylich.de\/wp-content\/uploads\/2018\/01\/YinYang-1.png","width":133,"height":134,"caption":"Praxis f\u00fcr Allgemeinmedizin"},"image":{"@id":"https:\/\/praxis-beylich.de\/#\/schema\/logo\/image\/"}}]}},"_links":{"self":[{"href":"https:\/\/praxis-beylich.de\/index.php?rest_route=\/wp\/v2\/pages\/100","targetHints":{"allow":["GET"]}}],"collection":[{"href":"https:\/\/praxis-beylich.de\/index.php?rest_route=\/wp\/v2\/pages"}],"about":[{"href":"https:\/\/praxis-beylich.de\/index.php?rest_route=\/wp\/v2\/types\/page"}],"author":[{"embeddable":true,"href":"https:\/\/praxis-beylich.de\/index.php?rest_route=\/wp\/v2\/users\/1"}],"replies":[{"embeddable":true,"href":"https:\/\/praxis-beylich.de\/index.php?rest_route=%2Fwp%2Fv2%2Fcomments&post=100"}],"version-history":[{"count":26,"href":"https:\/\/praxis-beylich.de\/index.php?rest_route=\/wp\/v2\/pages\/100\/revisions"}],"predecessor-version":[{"id":2575,"href":"https:\/\/praxis-beylich.de\/index.php?rest_route=\/wp\/v2\/pages\/100\/revisions\/2575"}],"wp:attachment":[{"href":"https:\/\/praxis-beylich.de\/index.php?rest_route=%2Fwp%2Fv2%2Fmedia&parent=100"}],"curies":[{"name":"wp","href":"https:\/\/api.w.org\/{rel}","templated":true}]}}