{"id":104,"date":"2018-01-06T18:51:36","date_gmt":"2018-01-06T18:51:36","guid":{"rendered":"http:\/\/praxis-beylich.de\/?page_id=104"},"modified":"2024-04-25T10:54:53","modified_gmt":"2024-04-25T08:54:53","slug":"dauernadeln","status":"publish","type":"page","link":"https:\/\/praxis-beylich.de\/?page_id=104","title":{"rendered":"Dauernadeln"},"content":{"rendered":"<p><strong>Dauernadeln<\/strong><\/p>\n<div class=\"page\" title=\"Page 1\">\n<div class=\"layoutArea\">\n<div class=\"column\">\n<p>Die Dauernadeln sind sterile Einmalnadeln. Sie werden nach individueller Pr\u00fcfung durch den Arzt in einige Punkte der Ohrmuschel eingestochen.<\/p>\n<p>Vor dem Stechen der Nadeln werden die Ohrmuscheln, auf denen sich Punkte f\u00fcr den ganzen K\u00f6rper befinden, untersucht.<\/p>\n<p>Die kleinen Nadeln, die in das Ohr eingestochen wurden, m\u00fcssen stimuliert werden, um ihre volle Wirksamkeit zu entfalten. Diese Stimulation wird mit dem kleinen Dauermagneten durchgef\u00fchrt, der sich am Ende des Plastikst\u00e4bchens beendet.<\/p>\n<p>Der kleine Dipol-Magnet ist schwarz eingef\u00e4rbt. Die beste Wirkung erzielt man, indem man den Magneten dicht \u00fcber die Nadel h\u00e4lt, oder sie leicht ber\u00fchrt und die Plastikhalterung mit dem Magneten zwischen zwei Fingern rasch hin und her dreht. Dabei wird nach dem Generator-Prinzip \u2013 wie z.B. auch beim Fahrrad-Dynamo \u2013 ein sehr schwacher elektrischer Strom erzeugt, der die Wirkung der Nadel verst\u00e4rkt.<\/p>\n<p>\u00dcblicherweise wird der Arzt einen kleinen Schutzaufkleber auf die Nadel und damit \u00fcber die Ein- stichstelle kleben. Einen neuen Verbandsstreifen (auf Rolle) k\u00f6nnen Sie als Ersatz f\u00fcr einen abge- l\u00f6sten oder verschmutzten Aufkleber in Ihrer Apotheke kaufen.<\/p>\n<p>Die Wirkung des Magneten geht durch das Schutzpflaster hindurch. Bei der Verwendung des magnetischen Nadelstimulators bleibt daher dieses auf der Nadel.<\/p>\n<p>Je schneller man das St\u00e4bchen dreht, umso wirksamer ist die Stimulation. Diese Stimulation soll f\u00fcr die Dauer von 15 \u2013 20 Sekunden pro Nadel mehrere Male (3-5 mal) amTag wiederholt werden und au\u00dferdem jedes Mal, wenn die Beschwerden auftreten, wogegen Sie die Dauernadeln erhalten haben (z.B. Schmerzen, Rauchverlangen).<\/p>\n<\/div>\n<div class=\"column\">\n<p>Da die Nadeln nur etwa 1 mm \u00fcber die Hautober- \u00e4che herausragen, fallen sie nicht auf.<\/p>\n<p>Vermeiden Sie, sich an den Stellen die Ohren zu waschen, wo die Nadeln stecken, und verwenden Sie in der Umgebung der Nadeln vor\u00fcbergehend zur S\u00e4uberung K\u00f6lnisch Wasser oder Rasierwasser.<\/p>\n<p>Die Nadel darf keine Schmerzen verursachen. Um die Nadel herum darf keine R\u00f6tung der Haut als Entz\u00fcndungszeichen auftreten. Falls doch, muss die Nadel mit einer Pinzette (z.B. Enthaarungspinzette o.\u00e4.) entfernt werden. Die Stelle wird dann an- schlie\u00dfend mit etwas Alkohol oder Wundbenzin gereinigt. In unklaren F\u00e4llen lassen Sie die Stelle von Ihrem Arzt kontrollieren.<\/p>\n<p>Sie behalten die Dauernadeln etwa eine Woche im Ohr. Falls die Nadeln nicht von der Haut abgestos- sen werden und sich die Umgebung der Nadel nicht entz\u00fcndet (r\u00f6tet), k\u00f6nnen Sie die Nadeln auch noch l\u00e4nger stecken lassen, wenn Sie t\u00e4glich die Einstichstelle kontrollieren.<\/p>\n<p>Sie k\u00f6nnen die Nadeln mit einer Pinzette selbst leicht entfernen, \u00fcblicherweise muss also der Patient deswegen nicht die Arztpraxis aufsuchen.<\/p>\n<p>Eine regelm\u00e4\u00dfige Stimulation mit dem Magnet- St\u00e4bchen vermeidet fast immer eine vorzeitige Absto\u00dfung der Nadel.<\/p>\n<p>Falls die Nadel nicht von Ihnen mit einer Pinzette entfernt wird, erfolgt nach einer gewissen Zeit ganz von selbst die nat\u00fcrliche Absto\u00dfungsreaktion der Haut und die Nadel f\u00e4llt ab.<\/p>\n<p><span style=\"font-size: 10pt;\">Autor: Prof. mult. h.c. VRC Dr. med. Frank R. Bahr, Gr\u00fcnder und Ehrenpr\u00e4sident der Deutschen Akademie f\u00fcr Akupunktur | DAA e.V.\u00a0<\/span><\/p>\n<\/div>\n<\/div>\n<\/div>\n","protected":false},"excerpt":{"rendered":"<p>Dauernadeln Die Dauernadeln sind sterile Einmalnadeln. Sie werden nach individueller Pr\u00fcfung durch den Arzt in einige Punkte der Ohrmuschel eingestochen. Vor dem Stechen der Nadeln werden die Ohrmuscheln, auf denen sich Punkte f\u00fcr den ganzen K\u00f6rper befinden, untersucht. Die kleinen Nadeln, die in das Ohr eingestochen wurden, m\u00fcssen stimuliert werden, um ihre volle Wirksamkeit zu &hellip; <\/p>\n<p class=\"link-more\"><a href=\"https:\/\/praxis-beylich.de\/?page_id=104\" class=\"more-link\"><span class=\"screen-reader-text\">\u201eDauernadeln\u201c <\/span>weiterlesen<\/a><\/p>\n","protected":false},"author":1,"featured_media":0,"parent":0,"menu_order":0,"comment_status":"closed","ping_status":"closed","template":"","meta":{"_monsterinsights_skip_tracking":false,"_monsterinsights_sitenote_active":false,"_monsterinsights_sitenote_note":"","_monsterinsights_sitenote_category":0,"footnotes":""},"class_list":["post-104","page","type-page","status-publish","hentry"],"yoast_head":"<!-- This site is optimized with the Yoast SEO plugin v27.4 - https:\/\/yoast.com\/product\/yoast-seo-wordpress\/ -->\n<title>Dauernadeln - PRAXIS F\u00dcR ALLGEMEINMEDIZIN<\/title>\n<meta name=\"robots\" content=\"index, follow, max-snippet:-1, max-image-preview:large, max-video-preview:-1\" \/>\n<link rel=\"canonical\" href=\"https:\/\/praxis-beylich.de\/?page_id=104\" \/>\n<meta property=\"og:locale\" content=\"de_DE\" \/>\n<meta property=\"og:type\" content=\"article\" \/>\n<meta property=\"og:title\" content=\"Dauernadeln - PRAXIS F\u00dcR ALLGEMEINMEDIZIN\" \/>\n<meta property=\"og:description\" content=\"Dauernadeln Die Dauernadeln sind sterile Einmalnadeln. Sie werden nach individueller Pr\u00fcfung durch den Arzt in einige Punkte der Ohrmuschel eingestochen. Vor dem Stechen der Nadeln werden die Ohrmuscheln, auf denen sich Punkte f\u00fcr den ganzen K\u00f6rper befinden, untersucht. Die kleinen Nadeln, die in das Ohr eingestochen wurden, m\u00fcssen stimuliert werden, um ihre volle Wirksamkeit zu &hellip; \u201eDauernadeln\u201c weiterlesen\" \/>\n<meta property=\"og:url\" content=\"https:\/\/praxis-beylich.de\/?page_id=104\" \/>\n<meta property=\"og:site_name\" content=\"PRAXIS F\u00dcR ALLGEMEINMEDIZIN\" \/>\n<meta property=\"article:modified_time\" content=\"2024-04-25T08:54:53+00:00\" \/>\n<meta name=\"twitter:card\" content=\"summary_large_image\" \/>\n<meta name=\"twitter:label1\" content=\"Gesch\u00e4tzte Lesezeit\" \/>\n\t<meta name=\"twitter:data1\" content=\"3\u00a0Minuten\" \/>\n<script type=\"application\/ld+json\" class=\"yoast-schema-graph\">{\"@context\":\"https:\\\/\\\/schema.org\",\"@graph\":[{\"@type\":\"WebPage\",\"@id\":\"https:\\\/\\\/praxis-beylich.de\\\/?page_id=104\",\"url\":\"https:\\\/\\\/praxis-beylich.de\\\/?page_id=104\",\"name\":\"Dauernadeln - PRAXIS F\u00dcR ALLGEMEINMEDIZIN\",\"isPartOf\":{\"@id\":\"https:\\\/\\\/praxis-beylich.de\\\/#website\"},\"datePublished\":\"2018-01-06T18:51:36+00:00\",\"dateModified\":\"2024-04-25T08:54:53+00:00\",\"breadcrumb\":{\"@id\":\"https:\\\/\\\/praxis-beylich.de\\\/?page_id=104#breadcrumb\"},\"inLanguage\":\"de\",\"potentialAction\":[{\"@type\":\"ReadAction\",\"target\":[\"https:\\\/\\\/praxis-beylich.de\\\/?page_id=104\"]}]},{\"@type\":\"BreadcrumbList\",\"@id\":\"https:\\\/\\\/praxis-beylich.de\\\/?page_id=104#breadcrumb\",\"itemListElement\":[{\"@type\":\"ListItem\",\"position\":1,\"name\":\"Startseite\",\"item\":\"https:\\\/\\\/praxis-beylich.de\\\/\"},{\"@type\":\"ListItem\",\"position\":2,\"name\":\"Dauernadeln\"}]},{\"@type\":\"WebSite\",\"@id\":\"https:\\\/\\\/praxis-beylich.de\\\/#website\",\"url\":\"https:\\\/\\\/praxis-beylich.de\\\/\",\"name\":\"PRAXIS F\u00dcR ALLGEMEINMEDIZIN\",\"description\":\"Dipl.-Med. Michael Beylich, Facharzt f\u00fcr Allgemeinmedizin, Notarzt, Badearzt, Akupunkturarzt\",\"publisher\":{\"@id\":\"https:\\\/\\\/praxis-beylich.de\\\/#organization\"},\"potentialAction\":[{\"@type\":\"SearchAction\",\"target\":{\"@type\":\"EntryPoint\",\"urlTemplate\":\"https:\\\/\\\/praxis-beylich.de\\\/?s={search_term_string}\"},\"query-input\":{\"@type\":\"PropertyValueSpecification\",\"valueRequired\":true,\"valueName\":\"search_term_string\"}}],\"inLanguage\":\"de\"},{\"@type\":\"Organization\",\"@id\":\"https:\\\/\\\/praxis-beylich.de\\\/#organization\",\"name\":\"Praxis f\u00fcr Allgemeinmedizin\",\"url\":\"https:\\\/\\\/praxis-beylich.de\\\/\",\"logo\":{\"@type\":\"ImageObject\",\"inLanguage\":\"de\",\"@id\":\"https:\\\/\\\/praxis-beylich.de\\\/#\\\/schema\\\/logo\\\/image\\\/\",\"url\":\"http:\\\/\\\/praxis-beylich.de\\\/wp-content\\\/uploads\\\/2018\\\/01\\\/YinYang-1.png\",\"contentUrl\":\"http:\\\/\\\/praxis-beylich.de\\\/wp-content\\\/uploads\\\/2018\\\/01\\\/YinYang-1.png\",\"width\":133,\"height\":134,\"caption\":\"Praxis f\u00fcr Allgemeinmedizin\"},\"image\":{\"@id\":\"https:\\\/\\\/praxis-beylich.de\\\/#\\\/schema\\\/logo\\\/image\\\/\"}}]}<\/script>\n<!-- \/ Yoast SEO plugin. -->","yoast_head_json":{"title":"Dauernadeln - PRAXIS F\u00dcR ALLGEMEINMEDIZIN","robots":{"index":"index","follow":"follow","max-snippet":"max-snippet:-1","max-image-preview":"max-image-preview:large","max-video-preview":"max-video-preview:-1"},"canonical":"https:\/\/praxis-beylich.de\/?page_id=104","og_locale":"de_DE","og_type":"article","og_title":"Dauernadeln - PRAXIS F\u00dcR ALLGEMEINMEDIZIN","og_description":"Dauernadeln Die Dauernadeln sind sterile Einmalnadeln. Sie werden nach individueller Pr\u00fcfung durch den Arzt in einige Punkte der Ohrmuschel eingestochen. Vor dem Stechen der Nadeln werden die Ohrmuscheln, auf denen sich Punkte f\u00fcr den ganzen K\u00f6rper befinden, untersucht. Die kleinen Nadeln, die in das Ohr eingestochen wurden, m\u00fcssen stimuliert werden, um ihre volle Wirksamkeit zu &hellip; \u201eDauernadeln\u201c weiterlesen","og_url":"https:\/\/praxis-beylich.de\/?page_id=104","og_site_name":"PRAXIS F\u00dcR ALLGEMEINMEDIZIN","article_modified_time":"2024-04-25T08:54:53+00:00","twitter_card":"summary_large_image","twitter_misc":{"Gesch\u00e4tzte Lesezeit":"3\u00a0Minuten"},"schema":{"@context":"https:\/\/schema.org","@graph":[{"@type":"WebPage","@id":"https:\/\/praxis-beylich.de\/?page_id=104","url":"https:\/\/praxis-beylich.de\/?page_id=104","name":"Dauernadeln - PRAXIS F\u00dcR ALLGEMEINMEDIZIN","isPartOf":{"@id":"https:\/\/praxis-beylich.de\/#website"},"datePublished":"2018-01-06T18:51:36+00:00","dateModified":"2024-04-25T08:54:53+00:00","breadcrumb":{"@id":"https:\/\/praxis-beylich.de\/?page_id=104#breadcrumb"},"inLanguage":"de","potentialAction":[{"@type":"ReadAction","target":["https:\/\/praxis-beylich.de\/?page_id=104"]}]},{"@type":"BreadcrumbList","@id":"https:\/\/praxis-beylich.de\/?page_id=104#breadcrumb","itemListElement":[{"@type":"ListItem","position":1,"name":"Startseite","item":"https:\/\/praxis-beylich.de\/"},{"@type":"ListItem","position":2,"name":"Dauernadeln"}]},{"@type":"WebSite","@id":"https:\/\/praxis-beylich.de\/#website","url":"https:\/\/praxis-beylich.de\/","name":"PRAXIS F\u00dcR ALLGEMEINMEDIZIN","description":"Dipl.-Med. Michael Beylich, Facharzt f\u00fcr Allgemeinmedizin, Notarzt, Badearzt, Akupunkturarzt","publisher":{"@id":"https:\/\/praxis-beylich.de\/#organization"},"potentialAction":[{"@type":"SearchAction","target":{"@type":"EntryPoint","urlTemplate":"https:\/\/praxis-beylich.de\/?s={search_term_string}"},"query-input":{"@type":"PropertyValueSpecification","valueRequired":true,"valueName":"search_term_string"}}],"inLanguage":"de"},{"@type":"Organization","@id":"https:\/\/praxis-beylich.de\/#organization","name":"Praxis f\u00fcr Allgemeinmedizin","url":"https:\/\/praxis-beylich.de\/","logo":{"@type":"ImageObject","inLanguage":"de","@id":"https:\/\/praxis-beylich.de\/#\/schema\/logo\/image\/","url":"http:\/\/praxis-beylich.de\/wp-content\/uploads\/2018\/01\/YinYang-1.png","contentUrl":"http:\/\/praxis-beylich.de\/wp-content\/uploads\/2018\/01\/YinYang-1.png","width":133,"height":134,"caption":"Praxis f\u00fcr Allgemeinmedizin"},"image":{"@id":"https:\/\/praxis-beylich.de\/#\/schema\/logo\/image\/"}}]}},"_links":{"self":[{"href":"https:\/\/praxis-beylich.de\/index.php?rest_route=\/wp\/v2\/pages\/104","targetHints":{"allow":["GET"]}}],"collection":[{"href":"https:\/\/praxis-beylich.de\/index.php?rest_route=\/wp\/v2\/pages"}],"about":[{"href":"https:\/\/praxis-beylich.de\/index.php?rest_route=\/wp\/v2\/types\/page"}],"author":[{"embeddable":true,"href":"https:\/\/praxis-beylich.de\/index.php?rest_route=\/wp\/v2\/users\/1"}],"replies":[{"embeddable":true,"href":"https:\/\/praxis-beylich.de\/index.php?rest_route=%2Fwp%2Fv2%2Fcomments&post=104"}],"version-history":[{"count":2,"href":"https:\/\/praxis-beylich.de\/index.php?rest_route=\/wp\/v2\/pages\/104\/revisions"}],"predecessor-version":[{"id":189,"href":"https:\/\/praxis-beylich.de\/index.php?rest_route=\/wp\/v2\/pages\/104\/revisions\/189"}],"wp:attachment":[{"href":"https:\/\/praxis-beylich.de\/index.php?rest_route=%2Fwp%2Fv2%2Fmedia&parent=104"}],"curies":[{"name":"wp","href":"https:\/\/api.w.org\/{rel}","templated":true}]}}