{"id":105,"date":"2018-01-06T18:51:36","date_gmt":"2018-01-06T18:51:36","guid":{"rendered":"http:\/\/praxis-beylich.de\/?page_id=105"},"modified":"2024-04-25T10:52:40","modified_gmt":"2024-04-25T08:52:40","slug":"antiraucher-akupunktur","status":"publish","type":"page","link":"https:\/\/praxis-beylich.de\/?page_id=105","title":{"rendered":"Antiraucher-Akupunktur"},"content":{"rendered":"<p><strong>Anti-Raucher-Akupunktur<\/strong><\/p>\n<div class=\"page\" title=\"Page 1\">\n<div class=\"layoutArea\">\n<div class=\"column\">\n<p>Die Anti-Raucher-Akupunktur unterst\u00fctzt Sie bei dem Wunsch, das Rauchen aufzugeben. Durch die Nadeln wird das Rauchverlangen unterdr\u00fcckt. Au\u00dferdem werden auch die \u201eEntzugserscheinungen\u201c wie Reizbarkeit oder Aggressivit\u00e4t stark herabgesetzt.<\/p>\n<p>Sie sollten vor der Behandlung nicht rauchen, auch wenn Sie Rauchverlangen haben. Sie k\u00f6nnen dann n\u00e4mlich selbst nach der Nadelung der Suchtpunkte des Ohres feststellen, dass dadurch das Rauchver- langen ged\u00e4mpft wurde und Sie auf das Rauchen verzichten k\u00f6nnen.<\/p>\n<p>Man kann schon nach der ersten Behandlung das Rauchen einstellen, ganz sicher aber nach der zweiten Akupunktursitzung. Vermeiden Sie daher, bei sich oder in Griffn\u00e4he Zigaretten zu haben, damit Sie nicht ohne echtes Rauchverlangen aufgrund eines eingefahrenen Automatismus rauchen.<\/p>\n<p>Wenn Sie vor der Behandlung durch Akupunktur Ihre Rauchgewohnheiten kritisch betrachten, werden Sie bald heraus finden, zu welchen Tageszeiten Sie besonders anf\u00e4llig f\u00fcr die Zigarette sind.<\/p>\n<p>Gerade in diesen Momenten sollten Sie darauf achten, nicht \u201ezuf\u00e4llig\u201c aus reiner Gewohnheit zu rauchen, obwohl Sie eigentlich kein Verlangen danach haben.<\/p>\n<p>Wenn Sie den magnetischen Nadelstimulator verwenden, der Ihnen mitgegeben wird, werden Sie bemerken, dass Sie kein echtes Rauchver- langen mehr haben.<\/p>\n<p>Nach dieser Behandlung sollten verschwunden sein:<\/p>\n<p>\u2013 ein unwiderstehliches Rauchverlangen<br \/>\n\u2013 Reizbarkeit<br \/>\n\u2013 Unbehagen (Kopfdruck usw.)<\/p>\n<\/div>\n<div class=\"column\">\n<p>Es ist lediglich notwendig, sich an eine neue Gewohnheit anzupassen. Bitte lesen Sie das Merkblatt \u00fcber den Umgang mit den Dauernadeln sorgf\u00e4ltig durch. Bei Beachtung aller Hinweise wird es keine Entz\u00fcndung an den Einstichstellen geben, und die Nadeln werden nicht vorzeitig herausfallen.<\/p>\n<p>Sie werden durch die beschriebene Stimulation der Dauernadeln mit dem mitgegebenen Magneten zu Hause selbst zu einem optimalenTherapieerfolg beitragen k\u00f6nnen.<\/p>\n<p>Generell sollten Sie zus\u00e4tzlich zur Akupunktur alles vermeiden, was Sie zum &#8222;automatischen&#8220; Griff zur Zigarette verf\u00fchren k\u00f6nnte, wie z. B. das Glas Bier, die Tasse Kaffee zur Entspannung, Beisammensein mit (rauchenden) Freunden usw. Das sind oftmals Gelegenheiten, bei denen aus reiner Gewohnheit zur Zigarette gegriffen wird. Suchen Sie bewu\u00dft nach solchen &#8222;Gelegenheiten&#8220; und versuchen Sie, diese zumindest zeitweise zu eliminieren. Hat man einmal aufgeh\u00f6rt zu rauchen, sind sie sp\u00e4ter oftmals nicht mehr gef\u00e4hrlich.<\/p>\n<p>Wenn Sie auch nun demn\u00e4chst von der Rauchsucht befreit sein werden, so k\u00f6nnten Sie doch sp\u00e4ter der Versuchung erliegen, eine Zigarette zu rauchen aus Anlass eines Familienfestes, bei schlechten Nach- richten oder ganz einfach bei einer Aufregung. Tun Sie das nicht, weil Sie sonst unvermeidlich wieder anfangen werden zu rauchen.<\/p>\n<p>ver\u00e4ndert nach: Prof. mult. h.c. VRC Dr. med. Frank R. Bahr, Gr\u00fcnder und Ehrenpr\u00e4sident der Deutschen Akademie f\u00fcr Akupunktur | DAA e.V.<\/p>\n<\/div>\n<\/div>\n<\/div>\n","protected":false},"excerpt":{"rendered":"<p>Anti-Raucher-Akupunktur Die Anti-Raucher-Akupunktur unterst\u00fctzt Sie bei dem Wunsch, das Rauchen aufzugeben. Durch die Nadeln wird das Rauchverlangen unterdr\u00fcckt. Au\u00dferdem werden auch die \u201eEntzugserscheinungen\u201c wie Reizbarkeit oder Aggressivit\u00e4t stark herabgesetzt. Sie sollten vor der Behandlung nicht rauchen, auch wenn Sie Rauchverlangen haben. Sie k\u00f6nnen dann n\u00e4mlich selbst nach der Nadelung der Suchtpunkte des Ohres feststellen, dass &hellip; <\/p>\n<p class=\"link-more\"><a href=\"https:\/\/praxis-beylich.de\/?page_id=105\" class=\"more-link\"><span class=\"screen-reader-text\">\u201eAntiraucher-Akupunktur\u201c <\/span>weiterlesen<\/a><\/p>\n","protected":false},"author":1,"featured_media":0,"parent":0,"menu_order":0,"comment_status":"closed","ping_status":"closed","template":"","meta":{"_monsterinsights_skip_tracking":false,"_monsterinsights_sitenote_active":false,"_monsterinsights_sitenote_note":"","_monsterinsights_sitenote_category":0,"footnotes":""},"class_list":["post-105","page","type-page","status-publish","hentry"],"yoast_head":"<!-- This site is optimized with the Yoast SEO plugin v27.4 - https:\/\/yoast.com\/product\/yoast-seo-wordpress\/ -->\n<title>Antiraucher-Akupunktur - PRAXIS F\u00dcR ALLGEMEINMEDIZIN<\/title>\n<meta name=\"robots\" content=\"index, follow, max-snippet:-1, max-image-preview:large, max-video-preview:-1\" \/>\n<link rel=\"canonical\" href=\"https:\/\/praxis-beylich.de\/?page_id=105\" \/>\n<meta property=\"og:locale\" content=\"de_DE\" \/>\n<meta property=\"og:type\" content=\"article\" \/>\n<meta property=\"og:title\" content=\"Antiraucher-Akupunktur - PRAXIS F\u00dcR ALLGEMEINMEDIZIN\" \/>\n<meta property=\"og:description\" content=\"Anti-Raucher-Akupunktur Die Anti-Raucher-Akupunktur unterst\u00fctzt Sie bei dem Wunsch, das Rauchen aufzugeben. Durch die Nadeln wird das Rauchverlangen unterdr\u00fcckt. Au\u00dferdem werden auch die \u201eEntzugserscheinungen\u201c wie Reizbarkeit oder Aggressivit\u00e4t stark herabgesetzt. Sie sollten vor der Behandlung nicht rauchen, auch wenn Sie Rauchverlangen haben. Sie k\u00f6nnen dann n\u00e4mlich selbst nach der Nadelung der Suchtpunkte des Ohres feststellen, dass &hellip; \u201eAntiraucher-Akupunktur\u201c weiterlesen\" \/>\n<meta property=\"og:url\" content=\"https:\/\/praxis-beylich.de\/?page_id=105\" \/>\n<meta property=\"og:site_name\" content=\"PRAXIS F\u00dcR ALLGEMEINMEDIZIN\" \/>\n<meta property=\"article:modified_time\" content=\"2024-04-25T08:52:40+00:00\" \/>\n<meta name=\"twitter:card\" content=\"summary_large_image\" \/>\n<meta name=\"twitter:label1\" content=\"Gesch\u00e4tzte Lesezeit\" \/>\n\t<meta name=\"twitter:data1\" content=\"3\u00a0Minuten\" \/>\n<script type=\"application\/ld+json\" class=\"yoast-schema-graph\">{\"@context\":\"https:\\\/\\\/schema.org\",\"@graph\":[{\"@type\":\"WebPage\",\"@id\":\"https:\\\/\\\/praxis-beylich.de\\\/?page_id=105\",\"url\":\"https:\\\/\\\/praxis-beylich.de\\\/?page_id=105\",\"name\":\"Antiraucher-Akupunktur - PRAXIS F\u00dcR ALLGEMEINMEDIZIN\",\"isPartOf\":{\"@id\":\"https:\\\/\\\/praxis-beylich.de\\\/#website\"},\"datePublished\":\"2018-01-06T18:51:36+00:00\",\"dateModified\":\"2024-04-25T08:52:40+00:00\",\"breadcrumb\":{\"@id\":\"https:\\\/\\\/praxis-beylich.de\\\/?page_id=105#breadcrumb\"},\"inLanguage\":\"de\",\"potentialAction\":[{\"@type\":\"ReadAction\",\"target\":[\"https:\\\/\\\/praxis-beylich.de\\\/?page_id=105\"]}]},{\"@type\":\"BreadcrumbList\",\"@id\":\"https:\\\/\\\/praxis-beylich.de\\\/?page_id=105#breadcrumb\",\"itemListElement\":[{\"@type\":\"ListItem\",\"position\":1,\"name\":\"Startseite\",\"item\":\"https:\\\/\\\/praxis-beylich.de\\\/\"},{\"@type\":\"ListItem\",\"position\":2,\"name\":\"Antiraucher-Akupunktur\"}]},{\"@type\":\"WebSite\",\"@id\":\"https:\\\/\\\/praxis-beylich.de\\\/#website\",\"url\":\"https:\\\/\\\/praxis-beylich.de\\\/\",\"name\":\"PRAXIS F\u00dcR ALLGEMEINMEDIZIN\",\"description\":\"Dipl.-Med. Michael Beylich, Facharzt f\u00fcr Allgemeinmedizin, Notarzt, Badearzt, Akupunkturarzt\",\"publisher\":{\"@id\":\"https:\\\/\\\/praxis-beylich.de\\\/#organization\"},\"potentialAction\":[{\"@type\":\"SearchAction\",\"target\":{\"@type\":\"EntryPoint\",\"urlTemplate\":\"https:\\\/\\\/praxis-beylich.de\\\/?s={search_term_string}\"},\"query-input\":{\"@type\":\"PropertyValueSpecification\",\"valueRequired\":true,\"valueName\":\"search_term_string\"}}],\"inLanguage\":\"de\"},{\"@type\":\"Organization\",\"@id\":\"https:\\\/\\\/praxis-beylich.de\\\/#organization\",\"name\":\"Praxis f\u00fcr Allgemeinmedizin\",\"url\":\"https:\\\/\\\/praxis-beylich.de\\\/\",\"logo\":{\"@type\":\"ImageObject\",\"inLanguage\":\"de\",\"@id\":\"https:\\\/\\\/praxis-beylich.de\\\/#\\\/schema\\\/logo\\\/image\\\/\",\"url\":\"http:\\\/\\\/praxis-beylich.de\\\/wp-content\\\/uploads\\\/2018\\\/01\\\/YinYang-1.png\",\"contentUrl\":\"http:\\\/\\\/praxis-beylich.de\\\/wp-content\\\/uploads\\\/2018\\\/01\\\/YinYang-1.png\",\"width\":133,\"height\":134,\"caption\":\"Praxis f\u00fcr Allgemeinmedizin\"},\"image\":{\"@id\":\"https:\\\/\\\/praxis-beylich.de\\\/#\\\/schema\\\/logo\\\/image\\\/\"}}]}<\/script>\n<!-- \/ Yoast SEO plugin. -->","yoast_head_json":{"title":"Antiraucher-Akupunktur - PRAXIS F\u00dcR ALLGEMEINMEDIZIN","robots":{"index":"index","follow":"follow","max-snippet":"max-snippet:-1","max-image-preview":"max-image-preview:large","max-video-preview":"max-video-preview:-1"},"canonical":"https:\/\/praxis-beylich.de\/?page_id=105","og_locale":"de_DE","og_type":"article","og_title":"Antiraucher-Akupunktur - PRAXIS F\u00dcR ALLGEMEINMEDIZIN","og_description":"Anti-Raucher-Akupunktur Die Anti-Raucher-Akupunktur unterst\u00fctzt Sie bei dem Wunsch, das Rauchen aufzugeben. Durch die Nadeln wird das Rauchverlangen unterdr\u00fcckt. Au\u00dferdem werden auch die \u201eEntzugserscheinungen\u201c wie Reizbarkeit oder Aggressivit\u00e4t stark herabgesetzt. Sie sollten vor der Behandlung nicht rauchen, auch wenn Sie Rauchverlangen haben. Sie k\u00f6nnen dann n\u00e4mlich selbst nach der Nadelung der Suchtpunkte des Ohres feststellen, dass &hellip; \u201eAntiraucher-Akupunktur\u201c weiterlesen","og_url":"https:\/\/praxis-beylich.de\/?page_id=105","og_site_name":"PRAXIS F\u00dcR ALLGEMEINMEDIZIN","article_modified_time":"2024-04-25T08:52:40+00:00","twitter_card":"summary_large_image","twitter_misc":{"Gesch\u00e4tzte Lesezeit":"3\u00a0Minuten"},"schema":{"@context":"https:\/\/schema.org","@graph":[{"@type":"WebPage","@id":"https:\/\/praxis-beylich.de\/?page_id=105","url":"https:\/\/praxis-beylich.de\/?page_id=105","name":"Antiraucher-Akupunktur - PRAXIS F\u00dcR ALLGEMEINMEDIZIN","isPartOf":{"@id":"https:\/\/praxis-beylich.de\/#website"},"datePublished":"2018-01-06T18:51:36+00:00","dateModified":"2024-04-25T08:52:40+00:00","breadcrumb":{"@id":"https:\/\/praxis-beylich.de\/?page_id=105#breadcrumb"},"inLanguage":"de","potentialAction":[{"@type":"ReadAction","target":["https:\/\/praxis-beylich.de\/?page_id=105"]}]},{"@type":"BreadcrumbList","@id":"https:\/\/praxis-beylich.de\/?page_id=105#breadcrumb","itemListElement":[{"@type":"ListItem","position":1,"name":"Startseite","item":"https:\/\/praxis-beylich.de\/"},{"@type":"ListItem","position":2,"name":"Antiraucher-Akupunktur"}]},{"@type":"WebSite","@id":"https:\/\/praxis-beylich.de\/#website","url":"https:\/\/praxis-beylich.de\/","name":"PRAXIS F\u00dcR ALLGEMEINMEDIZIN","description":"Dipl.-Med. Michael Beylich, Facharzt f\u00fcr Allgemeinmedizin, Notarzt, Badearzt, Akupunkturarzt","publisher":{"@id":"https:\/\/praxis-beylich.de\/#organization"},"potentialAction":[{"@type":"SearchAction","target":{"@type":"EntryPoint","urlTemplate":"https:\/\/praxis-beylich.de\/?s={search_term_string}"},"query-input":{"@type":"PropertyValueSpecification","valueRequired":true,"valueName":"search_term_string"}}],"inLanguage":"de"},{"@type":"Organization","@id":"https:\/\/praxis-beylich.de\/#organization","name":"Praxis f\u00fcr Allgemeinmedizin","url":"https:\/\/praxis-beylich.de\/","logo":{"@type":"ImageObject","inLanguage":"de","@id":"https:\/\/praxis-beylich.de\/#\/schema\/logo\/image\/","url":"http:\/\/praxis-beylich.de\/wp-content\/uploads\/2018\/01\/YinYang-1.png","contentUrl":"http:\/\/praxis-beylich.de\/wp-content\/uploads\/2018\/01\/YinYang-1.png","width":133,"height":134,"caption":"Praxis f\u00fcr Allgemeinmedizin"},"image":{"@id":"https:\/\/praxis-beylich.de\/#\/schema\/logo\/image\/"}}]}},"_links":{"self":[{"href":"https:\/\/praxis-beylich.de\/index.php?rest_route=\/wp\/v2\/pages\/105","targetHints":{"allow":["GET"]}}],"collection":[{"href":"https:\/\/praxis-beylich.de\/index.php?rest_route=\/wp\/v2\/pages"}],"about":[{"href":"https:\/\/praxis-beylich.de\/index.php?rest_route=\/wp\/v2\/types\/page"}],"author":[{"embeddable":true,"href":"https:\/\/praxis-beylich.de\/index.php?rest_route=\/wp\/v2\/users\/1"}],"replies":[{"embeddable":true,"href":"https:\/\/praxis-beylich.de\/index.php?rest_route=%2Fwp%2Fv2%2Fcomments&post=105"}],"version-history":[{"count":4,"href":"https:\/\/praxis-beylich.de\/index.php?rest_route=\/wp\/v2\/pages\/105\/revisions"}],"predecessor-version":[{"id":2308,"href":"https:\/\/praxis-beylich.de\/index.php?rest_route=\/wp\/v2\/pages\/105\/revisions\/2308"}],"wp:attachment":[{"href":"https:\/\/praxis-beylich.de\/index.php?rest_route=%2Fwp%2Fv2%2Fmedia&parent=105"}],"curies":[{"name":"wp","href":"https:\/\/api.w.org\/{rel}","templated":true}]}}