{"id":107,"date":"2018-01-06T18:51:36","date_gmt":"2018-01-06T18:51:36","guid":{"rendered":"http:\/\/praxis-beylich.de\/?page_id=107"},"modified":"2022-11-19T20:49:06","modified_gmt":"2022-11-19T19:49:06","slug":"allergien","status":"publish","type":"page","link":"https:\/\/praxis-beylich.de\/?page_id=107","title":{"rendered":"Allergien"},"content":{"rendered":"<p><strong>Allergien (Nahrungsmittel, Pollen)<\/strong><\/p>\n<div class=\"page\" title=\"Page 1\">\n<div class=\"layoutArea\">\n<div class=\"column\">\n<p>Allergien auf Nahrungsmittel k\u00f6nnen Ursache f\u00fcr bestimmte Erkrankungen sein oder diese unterhalten. Werden sie nicht erkannt, kann die Erkrankung nicht mit dauerhaftem Erfolg behandelt werden.<\/p>\n<p>Allergische Reaktionen auf Nahrungsmittel k\u00f6nnen bereits im fr\u00fchesten S\u00e4uglingsalter vorliegen oder mit zunehmendem Alter erworben werden.<\/p>\n<p>Besonders oft bestehen Allergien gegen Milch, Milchprodukte, Eier, Weizen, Sojaprodukte, N\u00fcsse (oft nur gegen einige Sorten wie z. B. Haselnuss, Walnuss), manchmal gegen bestimmte Gem\u00fcse oder Fisch und h\u00e4ufig aber auch gegen Getreide wie Weizen, Roggen, Hafer.<\/p>\n<p>Durch Nahrungsmittelallergien ausgel\u00f6ste oder unterhaltene Erkrankungen k\u00f6nnen z. B. sein<\/p>\n<p>\u2013 Neurodermitis<br \/>\n\u2013 Psoriasis (Schuppen echte)<br \/>\n\u2013 Heuschnupfen<br \/>\n\u2013 Asthma bronchiale<br \/>\n\u2013 Kontaktallergien<br \/>\n\u2013 Akne vulgaris<br \/>\n\u2013 Migr\u00e4ne<br \/>\n\u2013 Kopfschmerzen<br \/>\n\u2013 Chronische Durchf\u00e4lle<br \/>\n\u2013 Divertikulitis des Darmes<br \/>\n\u2013 Morbus Crohn, Colitis ulcerosa<br \/>\n\u2013 Hyperkinetisches Syndrom der Kinder \u2013 Auswirkungen auf die Psyche<\/p>\n<p>Manchmal sind die Symptome auch leichter, es besteht z. B. lediglich eine Neigung zu Bl\u00e4hungen nach dem Essen (sehr oft ein Hinweis auf Nah- rungsmittelallergie) oder chronische M\u00fcdigkeit, evtl. Schlafst\u00f6rungen, bei Kindern unruhiges Verhalten oder Aggressivit\u00e4t. In vielen F\u00e4llen f\u00fchrt eine bereits bestehende Nahrungsmittelallergie \u00fcberhaupt erst dazu, dass ein Mensch zus\u00e4tzlich auch noch auf andere Stoffe allergisch reagiert.<\/p>\n<\/div>\n<div class=\"column\">\n<p>Aufgaben des Darms und einer gesunden Keimbesiedlung<\/p>\n<p>Die Darmschleimhaut erreicht durch ihre Falten und Zottenbildung eine Ober \u00e4che von \u00fcber 200 Quadratmetern. An dieser Fl\u00e4che ist sie intensiver als jeder andere K\u00f6rperbereich der Konfrontation mit k\u00f6rperfremden Stoffen aus der Nahrung sowie Mikroben ausgesetzt.<\/p>\n<p>Diesem Ansturm kann die Darmschleimhaut nur unter der Mitwirkung k\u00f6rperfreundlicher Bakterien standhalten. Diese Bakterien liefern wichtige Beitr\u00e4ge f\u00fcr die K\u00f6rperfunktion und leben selber auf und mit der Darmschleimhaut. Man nennt dieses freundliche Zusammenleben Symbiose. Insgesamt nden sich etwa 1014 Keimarten auf der Darmschleimhaut, also 100 000 Milliarden \u2013 eine unvorstellbare Zahl.<\/p>\n<p>Die normale, gesunde Darmflora<\/p>\n<p>\u2013 bildet eine Barriere gegen das Eindringen krankmachender Keime und sch\u00fctzt damit vor Infektion.<\/p>\n<p>\u2013 stimuliert und trainiert das zum Darm geh\u00f6ren- de Immunsystem, das gr\u00f6\u00dfte lymphatische Organ des gesamten K\u00f6rpers, also die k\u00f6rpereigene Abwehr.<\/p>\n<p>\u2013 sch\u00fctzt den K\u00f6rper vor der Aufnahme von allergieausl\u00f6senden Stoffen aus der Nahrung.<\/p>\n<p>\u2013 f\u00f6rdert die Bildung von Fols\u00e4ure und Immunglobulin-A (sch\u00fctzender Film auf den Schleim- h\u00e4uten, der Allergenen und Keimen den Durchtritt in den K\u00f6rper verwehrt).<\/p>\n<p>\u2013 sch\u00fctzt den K\u00f6rper vor der Bildung giftiger Stoffwechselprodukte krankmachender Bakterien (die u. a. leber- und nerven-belastend wirken).<\/p>\n<p>\u2013 sch\u00fctzt vor Verstopfung (regt die Bildung bestimmter Stoffe an, die zur Verdauung notwendig sind).<\/p>\n<\/div>\n<\/div>\n<\/div>\n<div class=\"page\" title=\"Page 2\">\n<div class=\"layoutArea\">\n<div class=\"column\">\n<p>Ver\u00e4ndert sich die normale (physiologische) Stoffwechsellage im Darm (z. B. durch unvertr\u00e4g- liche Nahrungsmittel) k\u00f6nnen \u201efalsche\u201c (pathologische) Keime heranwachsen und sich vermehren, z. B. auch Darmpilze. Die gesunde Darmflora wird zur\u00fcckgedr\u00e4ngt und kann damit ihre normalen Aufgaben nicht mehr erf\u00fcllen. Diesen Zustand nennt man Dysbiose oder Darmfehlbesiedlung. (Eine solche Dysbiose kann auch schon durch die ganz \u201enormale Zivilisationskost\u201c erzeugt werden).<\/p>\n<p>Ablauf einer allergischen reaktion auf Nahrungs- mittel<\/p>\n<p>Wird ein Lebensmittel gegessen, auf das der Organismus allergisch reagiert, f\u00fchrt dies sofort bzw. nach einiger Zeit zu schwerwiegenden Ver\u00e4nderungen im K\u00f6rper:<\/p>\n<p>1. In der Darmschleimhaut wird durch den Kontakt mit dem allergenen Nahrungsmittel Histamin freigesetzt (Antigen-Antik\u00f6rper-Reaktion). Histamin ist der Stoff, der unter anderem zur Schwellung von Schleimh\u00e4uten (verstopfte Nase) und Augentr\u00e4nen oder zu Quaddelbildung der Haut f\u00fchren kann. Es ist auch bekannt, dass der Genuss histaminhaltiger Speisen Migr\u00e4ne ausl\u00f6sen kann.<\/p>\n<p>2. Durch die ver\u00e4nderte Stoffwechsellage entsteht eine pathologische (krankhafte) Keim- besiedlung (Dysbiose, s.o.).<\/p>\n<p>3. Die pathologische Darmflora selbst produziert Stoffe, die f\u00fcr den K\u00f6rper sehr giftig sind: z. B. Indole, Phenole, Skatole, Ammoniak. Da die Darmwand bei einer Keimfehlbesiedlung zudem noch besonders ungesch\u00fctzt und deshalb durchl\u00e4ssig ist, k\u00f6nnen diese Gifte in die Blutbahn aufgenommen werden (Wirkung u.a. auf der Haut, Bronchien, evtl. Nervensystem).<\/p>\n<\/div>\n<div class=\"column\">\n<p>4. Eine Keimfehlbesiedlung des Darms beg\u00fcnstigt immer auch das Wachstum von Pilzen (besonders Candida albicans). Die von ihnen produzierten Pilzgifte gelangen \u00fcber die Darm- wand in den K\u00f6rper und k\u00f6nnen selbst direkt Krankheiten erzeugen (bestimmte Asthmaformen, Hauterkrankungen etc.) oder bestehende Krankheiten unterhalten.<\/p>\n<p>5. Die im Bereich des Darms gelegenen Lymph- knoten stellen etwa 80% der k\u00f6rpereigenen Abwehr dar. Bei einer Fehlbesiedlung des Darmes wird diese Abwehrfunktion gest\u00f6rt. H\u00e4ufig m\u00fcssen dann Abwehrorgane mit \u00e4hnlicher Gewebestruktur diese Aufgabe zum Teil zus\u00e4tzlich \u00fcbernehmen: Gaumen- und Rachenmandeln.<\/p>\n<p>Vergr\u00f6\u00dferte Mandeln oder Polypen bei Kindern sind oftmals die Folge einer solchen Abwehr- schw\u00e4che des Darms. Vergr\u00f6\u00dferte Polypen verlegen den inneren Geh\u00f6rgang, was zu h\u00e4ufigen Mittelohrentz\u00fcndungen f\u00fchren kann. Werden sie deshalb dann operativ entfernt, treten zwar weniger Mittelohrentz\u00fcndungen auf, die eigentliche Ursache, n\u00e4mlich eine Nahrungs- mittelallergie, ist damit nicht beseitigt. Die Symptome verschieben sich h\u00e4ufig auf einen anderen K\u00f6rperbereich.<\/p>\n<p>Ist ein bestimmter Punkt im Gr\u00f6\u00dfenwachstum der Polypen noch nicht \u00fcberschritten, f\u00fchrt bei diesen Kindern allein das Erkennen und Weglassen von unvertr\u00e4glichen (allergen wirksamen) Nahrungsmitteln oft schon zu einer ausreichenden R\u00fcckbildung, so dass eine Operation \u00fcberfl\u00fcssig wird. Zudem sinkt die Infektneigung.<\/p>\n<p>Dr. med. Bernd Ramme, Pr\u00e4sident der DAA e.V.<\/p>\n<\/div>\n<\/div>\n<\/div>\n","protected":false},"excerpt":{"rendered":"<p>Allergien (Nahrungsmittel, Pollen) Allergien auf Nahrungsmittel k\u00f6nnen Ursache f\u00fcr bestimmte Erkrankungen sein oder diese unterhalten. Werden sie nicht erkannt, kann die Erkrankung nicht mit dauerhaftem Erfolg behandelt werden. Allergische Reaktionen auf Nahrungsmittel k\u00f6nnen bereits im fr\u00fchesten S\u00e4uglingsalter vorliegen oder mit zunehmendem Alter erworben werden. Besonders oft bestehen Allergien gegen Milch, Milchprodukte, Eier, Weizen, Sojaprodukte, N\u00fcsse &hellip; <\/p>\n<p class=\"link-more\"><a href=\"https:\/\/praxis-beylich.de\/?page_id=107\" class=\"more-link\"><span class=\"screen-reader-text\">\u201eAllergien\u201c <\/span>weiterlesen<\/a><\/p>\n","protected":false},"author":1,"featured_media":2204,"parent":0,"menu_order":0,"comment_status":"closed","ping_status":"closed","template":"","meta":{"_monsterinsights_skip_tracking":false,"_monsterinsights_sitenote_active":false,"_monsterinsights_sitenote_note":"","_monsterinsights_sitenote_category":0,"footnotes":""},"class_list":["post-107","page","type-page","status-publish","has-post-thumbnail","hentry"],"yoast_head":"<!-- This site is optimized with the Yoast SEO plugin v27.4 - https:\/\/yoast.com\/product\/yoast-seo-wordpress\/ -->\n<title>Allergien - PRAXIS F\u00dcR ALLGEMEINMEDIZIN<\/title>\n<meta name=\"robots\" content=\"index, follow, max-snippet:-1, max-image-preview:large, max-video-preview:-1\" \/>\n<link rel=\"canonical\" href=\"https:\/\/praxis-beylich.de\/?page_id=107\" \/>\n<meta property=\"og:locale\" content=\"de_DE\" \/>\n<meta property=\"og:type\" content=\"article\" \/>\n<meta property=\"og:title\" content=\"Allergien - PRAXIS F\u00dcR ALLGEMEINMEDIZIN\" \/>\n<meta property=\"og:description\" content=\"Allergien (Nahrungsmittel, Pollen) Allergien auf Nahrungsmittel k\u00f6nnen Ursache f\u00fcr bestimmte Erkrankungen sein oder diese unterhalten. Werden sie nicht erkannt, kann die Erkrankung nicht mit dauerhaftem Erfolg behandelt werden. Allergische Reaktionen auf Nahrungsmittel k\u00f6nnen bereits im fr\u00fchesten S\u00e4uglingsalter vorliegen oder mit zunehmendem Alter erworben werden. Besonders oft bestehen Allergien gegen Milch, Milchprodukte, Eier, Weizen, Sojaprodukte, N\u00fcsse &hellip; \u201eAllergien\u201c weiterlesen\" \/>\n<meta property=\"og:url\" content=\"https:\/\/praxis-beylich.de\/?page_id=107\" \/>\n<meta property=\"og:site_name\" content=\"PRAXIS F\u00dcR ALLGEMEINMEDIZIN\" \/>\n<meta property=\"article:modified_time\" content=\"2022-11-19T19:49:06+00:00\" \/>\n<meta property=\"og:image\" content=\"https:\/\/praxis-beylich.de\/wp-content\/uploads\/2022\/11\/Allergie.jpeg\" \/>\n\t<meta property=\"og:image:width\" content=\"375\" \/>\n\t<meta property=\"og:image:height\" content=\"250\" \/>\n\t<meta property=\"og:image:type\" content=\"image\/jpeg\" \/>\n<meta name=\"twitter:card\" content=\"summary_large_image\" \/>\n<meta name=\"twitter:label1\" content=\"Gesch\u00e4tzte Lesezeit\" \/>\n\t<meta name=\"twitter:data1\" content=\"5\u00a0Minuten\" \/>\n<script type=\"application\/ld+json\" class=\"yoast-schema-graph\">{\"@context\":\"https:\\\/\\\/schema.org\",\"@graph\":[{\"@type\":\"WebPage\",\"@id\":\"https:\\\/\\\/praxis-beylich.de\\\/?page_id=107\",\"url\":\"https:\\\/\\\/praxis-beylich.de\\\/?page_id=107\",\"name\":\"Allergien - PRAXIS F\u00dcR ALLGEMEINMEDIZIN\",\"isPartOf\":{\"@id\":\"https:\\\/\\\/praxis-beylich.de\\\/#website\"},\"primaryImageOfPage\":{\"@id\":\"https:\\\/\\\/praxis-beylich.de\\\/?page_id=107#primaryimage\"},\"image\":{\"@id\":\"https:\\\/\\\/praxis-beylich.de\\\/?page_id=107#primaryimage\"},\"thumbnailUrl\":\"https:\\\/\\\/praxis-beylich.de\\\/wp-content\\\/uploads\\\/2022\\\/11\\\/Allergie.jpeg\",\"datePublished\":\"2018-01-06T18:51:36+00:00\",\"dateModified\":\"2022-11-19T19:49:06+00:00\",\"breadcrumb\":{\"@id\":\"https:\\\/\\\/praxis-beylich.de\\\/?page_id=107#breadcrumb\"},\"inLanguage\":\"de\",\"potentialAction\":[{\"@type\":\"ReadAction\",\"target\":[\"https:\\\/\\\/praxis-beylich.de\\\/?page_id=107\"]}]},{\"@type\":\"ImageObject\",\"inLanguage\":\"de\",\"@id\":\"https:\\\/\\\/praxis-beylich.de\\\/?page_id=107#primaryimage\",\"url\":\"https:\\\/\\\/praxis-beylich.de\\\/wp-content\\\/uploads\\\/2022\\\/11\\\/Allergie.jpeg\",\"contentUrl\":\"https:\\\/\\\/praxis-beylich.de\\\/wp-content\\\/uploads\\\/2022\\\/11\\\/Allergie.jpeg\",\"width\":375,\"height\":250},{\"@type\":\"BreadcrumbList\",\"@id\":\"https:\\\/\\\/praxis-beylich.de\\\/?page_id=107#breadcrumb\",\"itemListElement\":[{\"@type\":\"ListItem\",\"position\":1,\"name\":\"Startseite\",\"item\":\"https:\\\/\\\/praxis-beylich.de\\\/\"},{\"@type\":\"ListItem\",\"position\":2,\"name\":\"Allergien\"}]},{\"@type\":\"WebSite\",\"@id\":\"https:\\\/\\\/praxis-beylich.de\\\/#website\",\"url\":\"https:\\\/\\\/praxis-beylich.de\\\/\",\"name\":\"PRAXIS F\u00dcR ALLGEMEINMEDIZIN\",\"description\":\"Dipl.-Med. Michael Beylich, Facharzt f\u00fcr Allgemeinmedizin, Notarzt, Badearzt, Akupunkturarzt\",\"publisher\":{\"@id\":\"https:\\\/\\\/praxis-beylich.de\\\/#organization\"},\"potentialAction\":[{\"@type\":\"SearchAction\",\"target\":{\"@type\":\"EntryPoint\",\"urlTemplate\":\"https:\\\/\\\/praxis-beylich.de\\\/?s={search_term_string}\"},\"query-input\":{\"@type\":\"PropertyValueSpecification\",\"valueRequired\":true,\"valueName\":\"search_term_string\"}}],\"inLanguage\":\"de\"},{\"@type\":\"Organization\",\"@id\":\"https:\\\/\\\/praxis-beylich.de\\\/#organization\",\"name\":\"Praxis f\u00fcr Allgemeinmedizin\",\"url\":\"https:\\\/\\\/praxis-beylich.de\\\/\",\"logo\":{\"@type\":\"ImageObject\",\"inLanguage\":\"de\",\"@id\":\"https:\\\/\\\/praxis-beylich.de\\\/#\\\/schema\\\/logo\\\/image\\\/\",\"url\":\"http:\\\/\\\/praxis-beylich.de\\\/wp-content\\\/uploads\\\/2018\\\/01\\\/YinYang-1.png\",\"contentUrl\":\"http:\\\/\\\/praxis-beylich.de\\\/wp-content\\\/uploads\\\/2018\\\/01\\\/YinYang-1.png\",\"width\":133,\"height\":134,\"caption\":\"Praxis f\u00fcr Allgemeinmedizin\"},\"image\":{\"@id\":\"https:\\\/\\\/praxis-beylich.de\\\/#\\\/schema\\\/logo\\\/image\\\/\"}}]}<\/script>\n<!-- \/ Yoast SEO plugin. -->","yoast_head_json":{"title":"Allergien - PRAXIS F\u00dcR ALLGEMEINMEDIZIN","robots":{"index":"index","follow":"follow","max-snippet":"max-snippet:-1","max-image-preview":"max-image-preview:large","max-video-preview":"max-video-preview:-1"},"canonical":"https:\/\/praxis-beylich.de\/?page_id=107","og_locale":"de_DE","og_type":"article","og_title":"Allergien - PRAXIS F\u00dcR ALLGEMEINMEDIZIN","og_description":"Allergien (Nahrungsmittel, Pollen) Allergien auf Nahrungsmittel k\u00f6nnen Ursache f\u00fcr bestimmte Erkrankungen sein oder diese unterhalten. Werden sie nicht erkannt, kann die Erkrankung nicht mit dauerhaftem Erfolg behandelt werden. Allergische Reaktionen auf Nahrungsmittel k\u00f6nnen bereits im fr\u00fchesten S\u00e4uglingsalter vorliegen oder mit zunehmendem Alter erworben werden. Besonders oft bestehen Allergien gegen Milch, Milchprodukte, Eier, Weizen, Sojaprodukte, N\u00fcsse &hellip; \u201eAllergien\u201c weiterlesen","og_url":"https:\/\/praxis-beylich.de\/?page_id=107","og_site_name":"PRAXIS F\u00dcR ALLGEMEINMEDIZIN","article_modified_time":"2022-11-19T19:49:06+00:00","og_image":[{"width":375,"height":250,"url":"https:\/\/praxis-beylich.de\/wp-content\/uploads\/2022\/11\/Allergie.jpeg","type":"image\/jpeg"}],"twitter_card":"summary_large_image","twitter_misc":{"Gesch\u00e4tzte Lesezeit":"5\u00a0Minuten"},"schema":{"@context":"https:\/\/schema.org","@graph":[{"@type":"WebPage","@id":"https:\/\/praxis-beylich.de\/?page_id=107","url":"https:\/\/praxis-beylich.de\/?page_id=107","name":"Allergien - PRAXIS F\u00dcR ALLGEMEINMEDIZIN","isPartOf":{"@id":"https:\/\/praxis-beylich.de\/#website"},"primaryImageOfPage":{"@id":"https:\/\/praxis-beylich.de\/?page_id=107#primaryimage"},"image":{"@id":"https:\/\/praxis-beylich.de\/?page_id=107#primaryimage"},"thumbnailUrl":"https:\/\/praxis-beylich.de\/wp-content\/uploads\/2022\/11\/Allergie.jpeg","datePublished":"2018-01-06T18:51:36+00:00","dateModified":"2022-11-19T19:49:06+00:00","breadcrumb":{"@id":"https:\/\/praxis-beylich.de\/?page_id=107#breadcrumb"},"inLanguage":"de","potentialAction":[{"@type":"ReadAction","target":["https:\/\/praxis-beylich.de\/?page_id=107"]}]},{"@type":"ImageObject","inLanguage":"de","@id":"https:\/\/praxis-beylich.de\/?page_id=107#primaryimage","url":"https:\/\/praxis-beylich.de\/wp-content\/uploads\/2022\/11\/Allergie.jpeg","contentUrl":"https:\/\/praxis-beylich.de\/wp-content\/uploads\/2022\/11\/Allergie.jpeg","width":375,"height":250},{"@type":"BreadcrumbList","@id":"https:\/\/praxis-beylich.de\/?page_id=107#breadcrumb","itemListElement":[{"@type":"ListItem","position":1,"name":"Startseite","item":"https:\/\/praxis-beylich.de\/"},{"@type":"ListItem","position":2,"name":"Allergien"}]},{"@type":"WebSite","@id":"https:\/\/praxis-beylich.de\/#website","url":"https:\/\/praxis-beylich.de\/","name":"PRAXIS F\u00dcR ALLGEMEINMEDIZIN","description":"Dipl.-Med. Michael Beylich, Facharzt f\u00fcr Allgemeinmedizin, Notarzt, Badearzt, Akupunkturarzt","publisher":{"@id":"https:\/\/praxis-beylich.de\/#organization"},"potentialAction":[{"@type":"SearchAction","target":{"@type":"EntryPoint","urlTemplate":"https:\/\/praxis-beylich.de\/?s={search_term_string}"},"query-input":{"@type":"PropertyValueSpecification","valueRequired":true,"valueName":"search_term_string"}}],"inLanguage":"de"},{"@type":"Organization","@id":"https:\/\/praxis-beylich.de\/#organization","name":"Praxis f\u00fcr Allgemeinmedizin","url":"https:\/\/praxis-beylich.de\/","logo":{"@type":"ImageObject","inLanguage":"de","@id":"https:\/\/praxis-beylich.de\/#\/schema\/logo\/image\/","url":"http:\/\/praxis-beylich.de\/wp-content\/uploads\/2018\/01\/YinYang-1.png","contentUrl":"http:\/\/praxis-beylich.de\/wp-content\/uploads\/2018\/01\/YinYang-1.png","width":133,"height":134,"caption":"Praxis f\u00fcr Allgemeinmedizin"},"image":{"@id":"https:\/\/praxis-beylich.de\/#\/schema\/logo\/image\/"}}]}},"_links":{"self":[{"href":"https:\/\/praxis-beylich.de\/index.php?rest_route=\/wp\/v2\/pages\/107","targetHints":{"allow":["GET"]}}],"collection":[{"href":"https:\/\/praxis-beylich.de\/index.php?rest_route=\/wp\/v2\/pages"}],"about":[{"href":"https:\/\/praxis-beylich.de\/index.php?rest_route=\/wp\/v2\/types\/page"}],"author":[{"embeddable":true,"href":"https:\/\/praxis-beylich.de\/index.php?rest_route=\/wp\/v2\/users\/1"}],"replies":[{"embeddable":true,"href":"https:\/\/praxis-beylich.de\/index.php?rest_route=%2Fwp%2Fv2%2Fcomments&post=107"}],"version-history":[{"count":2,"href":"https:\/\/praxis-beylich.de\/index.php?rest_route=\/wp\/v2\/pages\/107\/revisions"}],"predecessor-version":[{"id":184,"href":"https:\/\/praxis-beylich.de\/index.php?rest_route=\/wp\/v2\/pages\/107\/revisions\/184"}],"wp:featuredmedia":[{"embeddable":true,"href":"https:\/\/praxis-beylich.de\/index.php?rest_route=\/wp\/v2\/media\/2204"}],"wp:attachment":[{"href":"https:\/\/praxis-beylich.de\/index.php?rest_route=%2Fwp%2Fv2%2Fmedia&parent=107"}],"curies":[{"name":"wp","href":"https:\/\/api.w.org\/{rel}","templated":true}]}}