{"id":110,"date":"2018-01-06T18:51:36","date_gmt":"2018-01-06T18:51:36","guid":{"rendered":"http:\/\/praxis-beylich.de\/?page_id=110"},"modified":"2026-04-08T09:25:09","modified_gmt":"2026-04-08T07:25:09","slug":"organisatorisches","status":"publish","type":"page","link":"https:\/\/praxis-beylich.de\/?page_id=110","title":{"rendered":"Organisatorisches"},"content":{"rendered":"<h1><span style=\"color: #ff0000;\"><strong><u>Zur Beachtung f\u00fcr unsere Patienten<\/u><\/strong><\/span><\/h1>\n<p><b>In der Zeit vom 11.04.2026 bis zum 19.04.2026<\/b><b>\u00a0bleibt unsere Praxis wegen Urlaubs geschlossen.<\/b><\/p>\n<p>Die Vertretung in dieser Zeit \u00fcbernehmen<\/p>\n<ul>\n<li style=\"list-style-type: none;\">\n<ul>\n<li>Frau Dr. Blankenburg, Bad Tennstedt, Bahnhofstra\u00dfe 49, Tel. 036041-41031,<\/li>\n<li>Frau Dr. Funke, Bad Tennstedt, Kurstr. 5, Tel. 036041-57094 und<\/li>\n<li>Herr Dr. Arand, Bad Tennstedt, Bahnhofstr. 57, Tel. 57221<\/li>\n<li>oder auch alle anderen Kollegen des Versorgungsbereiches.<\/li>\n<\/ul>\n<\/li>\n<\/ul>\n<p><span style=\"font-size: 1rem;\">Medizinische Hilfe erhalten Sie auch durch den kassen\u00e4rztlichen Notdienst im Hufeland-Klinikum Bad Langensalza bzw. \u00fcber die <strong><span style=\"color: #0000ff;\">kassen\u00e4rztliche Leitstelle<\/span><\/strong> in Weimar unter der <strong><span style=\"color: #0000ff;\">Rufnummer 116 117<\/span><\/strong>.<\/span><\/p>\n<p><strong>Wichtig:<\/strong> Auch wenn eine Vertretung namentlich ausgewiesen werden muss, haben alle Patienten in Deutschland noch immer freie Arztwahl. Das hei\u00dft, sie d\u00fcrfen immer den Arzt ihres Vertrauens aufsuchen. Allerdings besteht f\u00fcr den Arzt dann keine Behandlungspflicht (Notf\u00e4lle nat\u00fcrlich ausgenommen).<\/p>\n","protected":false},"excerpt":{"rendered":"<p>Zur Beachtung f\u00fcr unsere Patienten In der Zeit vom 11.04.2026 bis zum 19.04.2026\u00a0bleibt unsere Praxis wegen Urlaubs geschlossen. Die Vertretung in dieser Zeit \u00fcbernehmen Frau Dr. Blankenburg, Bad Tennstedt, Bahnhofstra\u00dfe 49, Tel. 036041-41031, Frau Dr. Funke, Bad Tennstedt, Kurstr. 5, Tel. 036041-57094 und Herr Dr. Arand, Bad Tennstedt, Bahnhofstr. 57, Tel. 57221 oder auch alle &hellip; <\/p>\n<p class=\"link-more\"><a href=\"https:\/\/praxis-beylich.de\/?page_id=110\" class=\"more-link\"><span class=\"screen-reader-text\">\u201eOrganisatorisches\u201c <\/span>weiterlesen<\/a><\/p>\n","protected":false},"author":1,"featured_media":0,"parent":0,"menu_order":0,"comment_status":"closed","ping_status":"closed","template":"","meta":{"_monsterinsights_skip_tracking":false,"_monsterinsights_sitenote_active":false,"_monsterinsights_sitenote_note":"","_monsterinsights_sitenote_category":0,"footnotes":""},"class_list":["post-110","page","type-page","status-publish","hentry"],"yoast_head":"<!-- This site is optimized with the Yoast SEO plugin v27.4 - https:\/\/yoast.com\/product\/yoast-seo-wordpress\/ -->\n<title>Organisatorisches - PRAXIS F\u00dcR ALLGEMEINMEDIZIN<\/title>\n<meta name=\"robots\" content=\"index, follow, max-snippet:-1, max-image-preview:large, max-video-preview:-1\" \/>\n<link rel=\"canonical\" href=\"https:\/\/praxis-beylich.de\/?page_id=110\" \/>\n<meta property=\"og:locale\" content=\"de_DE\" \/>\n<meta property=\"og:type\" content=\"article\" \/>\n<meta property=\"og:title\" content=\"Organisatorisches - PRAXIS F\u00dcR ALLGEMEINMEDIZIN\" \/>\n<meta property=\"og:description\" content=\"Zur Beachtung f\u00fcr unsere Patienten In der Zeit vom 11.04.2026 bis zum 19.04.2026\u00a0bleibt unsere Praxis wegen Urlaubs geschlossen. Die Vertretung in dieser Zeit \u00fcbernehmen Frau Dr. Blankenburg, Bad Tennstedt, Bahnhofstra\u00dfe 49, Tel. 036041-41031, Frau Dr. Funke, Bad Tennstedt, Kurstr. 5, Tel. 036041-57094 und Herr Dr. Arand, Bad Tennstedt, Bahnhofstr. 57, Tel. 57221 oder auch alle &hellip; \u201eOrganisatorisches\u201c weiterlesen\" \/>\n<meta property=\"og:url\" content=\"https:\/\/praxis-beylich.de\/?page_id=110\" \/>\n<meta property=\"og:site_name\" content=\"PRAXIS F\u00dcR ALLGEMEINMEDIZIN\" \/>\n<meta property=\"article:modified_time\" content=\"2026-04-08T07:25:09+00:00\" \/>\n<meta name=\"twitter:card\" content=\"summary_large_image\" \/>\n<meta name=\"twitter:label1\" content=\"Gesch\u00e4tzte Lesezeit\" \/>\n\t<meta name=\"twitter:data1\" content=\"1\u00a0Minute\" \/>\n<script type=\"application\/ld+json\" class=\"yoast-schema-graph\">{\"@context\":\"https:\\\/\\\/schema.org\",\"@graph\":[{\"@type\":\"WebPage\",\"@id\":\"https:\\\/\\\/praxis-beylich.de\\\/?page_id=110\",\"url\":\"https:\\\/\\\/praxis-beylich.de\\\/?page_id=110\",\"name\":\"Organisatorisches - PRAXIS F\u00dcR ALLGEMEINMEDIZIN\",\"isPartOf\":{\"@id\":\"https:\\\/\\\/praxis-beylich.de\\\/#website\"},\"datePublished\":\"2018-01-06T18:51:36+00:00\",\"dateModified\":\"2026-04-08T07:25:09+00:00\",\"breadcrumb\":{\"@id\":\"https:\\\/\\\/praxis-beylich.de\\\/?page_id=110#breadcrumb\"},\"inLanguage\":\"de\",\"potentialAction\":[{\"@type\":\"ReadAction\",\"target\":[\"https:\\\/\\\/praxis-beylich.de\\\/?page_id=110\"]}]},{\"@type\":\"BreadcrumbList\",\"@id\":\"https:\\\/\\\/praxis-beylich.de\\\/?page_id=110#breadcrumb\",\"itemListElement\":[{\"@type\":\"ListItem\",\"position\":1,\"name\":\"Startseite\",\"item\":\"https:\\\/\\\/praxis-beylich.de\\\/\"},{\"@type\":\"ListItem\",\"position\":2,\"name\":\"Organisatorisches\"}]},{\"@type\":\"WebSite\",\"@id\":\"https:\\\/\\\/praxis-beylich.de\\\/#website\",\"url\":\"https:\\\/\\\/praxis-beylich.de\\\/\",\"name\":\"PRAXIS F\u00dcR ALLGEMEINMEDIZIN\",\"description\":\"Dipl.-Med. Michael Beylich, Facharzt f\u00fcr Allgemeinmedizin, Notarzt, Badearzt, Akupunkturarzt\",\"publisher\":{\"@id\":\"https:\\\/\\\/praxis-beylich.de\\\/#organization\"},\"potentialAction\":[{\"@type\":\"SearchAction\",\"target\":{\"@type\":\"EntryPoint\",\"urlTemplate\":\"https:\\\/\\\/praxis-beylich.de\\\/?s={search_term_string}\"},\"query-input\":{\"@type\":\"PropertyValueSpecification\",\"valueRequired\":true,\"valueName\":\"search_term_string\"}}],\"inLanguage\":\"de\"},{\"@type\":\"Organization\",\"@id\":\"https:\\\/\\\/praxis-beylich.de\\\/#organization\",\"name\":\"Praxis f\u00fcr Allgemeinmedizin\",\"url\":\"https:\\\/\\\/praxis-beylich.de\\\/\",\"logo\":{\"@type\":\"ImageObject\",\"inLanguage\":\"de\",\"@id\":\"https:\\\/\\\/praxis-beylich.de\\\/#\\\/schema\\\/logo\\\/image\\\/\",\"url\":\"http:\\\/\\\/praxis-beylich.de\\\/wp-content\\\/uploads\\\/2018\\\/01\\\/YinYang-1.png\",\"contentUrl\":\"http:\\\/\\\/praxis-beylich.de\\\/wp-content\\\/uploads\\\/2018\\\/01\\\/YinYang-1.png\",\"width\":133,\"height\":134,\"caption\":\"Praxis f\u00fcr Allgemeinmedizin\"},\"image\":{\"@id\":\"https:\\\/\\\/praxis-beylich.de\\\/#\\\/schema\\\/logo\\\/image\\\/\"}}]}<\/script>\n<!-- \/ Yoast SEO plugin. -->","yoast_head_json":{"title":"Organisatorisches - PRAXIS F\u00dcR ALLGEMEINMEDIZIN","robots":{"index":"index","follow":"follow","max-snippet":"max-snippet:-1","max-image-preview":"max-image-preview:large","max-video-preview":"max-video-preview:-1"},"canonical":"https:\/\/praxis-beylich.de\/?page_id=110","og_locale":"de_DE","og_type":"article","og_title":"Organisatorisches - PRAXIS F\u00dcR ALLGEMEINMEDIZIN","og_description":"Zur Beachtung f\u00fcr unsere Patienten In der Zeit vom 11.04.2026 bis zum 19.04.2026\u00a0bleibt unsere Praxis wegen Urlaubs geschlossen. Die Vertretung in dieser Zeit \u00fcbernehmen Frau Dr. Blankenburg, Bad Tennstedt, Bahnhofstra\u00dfe 49, Tel. 036041-41031, Frau Dr. Funke, Bad Tennstedt, Kurstr. 5, Tel. 036041-57094 und Herr Dr. Arand, Bad Tennstedt, Bahnhofstr. 57, Tel. 57221 oder auch alle &hellip; \u201eOrganisatorisches\u201c weiterlesen","og_url":"https:\/\/praxis-beylich.de\/?page_id=110","og_site_name":"PRAXIS F\u00dcR ALLGEMEINMEDIZIN","article_modified_time":"2026-04-08T07:25:09+00:00","twitter_card":"summary_large_image","twitter_misc":{"Gesch\u00e4tzte Lesezeit":"1\u00a0Minute"},"schema":{"@context":"https:\/\/schema.org","@graph":[{"@type":"WebPage","@id":"https:\/\/praxis-beylich.de\/?page_id=110","url":"https:\/\/praxis-beylich.de\/?page_id=110","name":"Organisatorisches - PRAXIS F\u00dcR ALLGEMEINMEDIZIN","isPartOf":{"@id":"https:\/\/praxis-beylich.de\/#website"},"datePublished":"2018-01-06T18:51:36+00:00","dateModified":"2026-04-08T07:25:09+00:00","breadcrumb":{"@id":"https:\/\/praxis-beylich.de\/?page_id=110#breadcrumb"},"inLanguage":"de","potentialAction":[{"@type":"ReadAction","target":["https:\/\/praxis-beylich.de\/?page_id=110"]}]},{"@type":"BreadcrumbList","@id":"https:\/\/praxis-beylich.de\/?page_id=110#breadcrumb","itemListElement":[{"@type":"ListItem","position":1,"name":"Startseite","item":"https:\/\/praxis-beylich.de\/"},{"@type":"ListItem","position":2,"name":"Organisatorisches"}]},{"@type":"WebSite","@id":"https:\/\/praxis-beylich.de\/#website","url":"https:\/\/praxis-beylich.de\/","name":"PRAXIS F\u00dcR ALLGEMEINMEDIZIN","description":"Dipl.-Med. Michael Beylich, Facharzt f\u00fcr Allgemeinmedizin, Notarzt, Badearzt, Akupunkturarzt","publisher":{"@id":"https:\/\/praxis-beylich.de\/#organization"},"potentialAction":[{"@type":"SearchAction","target":{"@type":"EntryPoint","urlTemplate":"https:\/\/praxis-beylich.de\/?s={search_term_string}"},"query-input":{"@type":"PropertyValueSpecification","valueRequired":true,"valueName":"search_term_string"}}],"inLanguage":"de"},{"@type":"Organization","@id":"https:\/\/praxis-beylich.de\/#organization","name":"Praxis f\u00fcr Allgemeinmedizin","url":"https:\/\/praxis-beylich.de\/","logo":{"@type":"ImageObject","inLanguage":"de","@id":"https:\/\/praxis-beylich.de\/#\/schema\/logo\/image\/","url":"http:\/\/praxis-beylich.de\/wp-content\/uploads\/2018\/01\/YinYang-1.png","contentUrl":"http:\/\/praxis-beylich.de\/wp-content\/uploads\/2018\/01\/YinYang-1.png","width":133,"height":134,"caption":"Praxis f\u00fcr Allgemeinmedizin"},"image":{"@id":"https:\/\/praxis-beylich.de\/#\/schema\/logo\/image\/"}}]}},"_links":{"self":[{"href":"https:\/\/praxis-beylich.de\/index.php?rest_route=\/wp\/v2\/pages\/110","targetHints":{"allow":["GET"]}}],"collection":[{"href":"https:\/\/praxis-beylich.de\/index.php?rest_route=\/wp\/v2\/pages"}],"about":[{"href":"https:\/\/praxis-beylich.de\/index.php?rest_route=\/wp\/v2\/types\/page"}],"author":[{"embeddable":true,"href":"https:\/\/praxis-beylich.de\/index.php?rest_route=\/wp\/v2\/users\/1"}],"replies":[{"embeddable":true,"href":"https:\/\/praxis-beylich.de\/index.php?rest_route=%2Fwp%2Fv2%2Fcomments&post=110"}],"version-history":[{"count":95,"href":"https:\/\/praxis-beylich.de\/index.php?rest_route=\/wp\/v2\/pages\/110\/revisions"}],"predecessor-version":[{"id":2641,"href":"https:\/\/praxis-beylich.de\/index.php?rest_route=\/wp\/v2\/pages\/110\/revisions\/2641"}],"wp:attachment":[{"href":"https:\/\/praxis-beylich.de\/index.php?rest_route=%2Fwp%2Fv2%2Fmedia&parent=110"}],"curies":[{"name":"wp","href":"https:\/\/api.w.org\/{rel}","templated":true}]}}