{"id":114,"date":"2018-01-06T18:51:37","date_gmt":"2018-01-06T18:51:37","guid":{"rendered":"http:\/\/praxis-beylich.de\/?page_id=114"},"modified":"2025-08-01T18:53:46","modified_gmt":"2025-08-01T16:53:46","slug":"schlaganfall","status":"publish","type":"page","link":"https:\/\/praxis-beylich.de\/?page_id=114","title":{"rendered":"Schlaganfall"},"content":{"rendered":"<p>Gew\u00f6hnlich kommt der Schlaganfall \u201eauf einen Schlag\u201c, das suggeriert bereits der Name. Dem ist aber bei weitem nicht so, denn oftmals gibt es Vorboten, die allerdings nicht bemerkt &#8211; oder besser &#8211; beachtet werden.<\/p>\n<p>Um das zu verstehen, m\u00fcssen wir einen kleinen Ausflug in die \u201eEntstehungsgeschichte\u201c, die \u00c4tiopathogenese, machen. Schlaganf\u00e4lle k\u00f6nnen, einfach gesagt, auf zwei unterschiedlichen Mechanismen beruhen, zum ersten auf einer Blutung im Sch\u00e4delinneren und zum zweiten durch eine Minderdurchblutung bestimmter Hirngebiete.<\/p>\n<p>Sogenannte Intrazerebralen Blutungen entstehen z. B., wenn ein verkalktes Blutgef\u00e4\u00df durch zu hohen Druck rei\u00dft oder wenn es durch ein Sch\u00e4del-Hirn-Trauma oder eine Sch\u00e4delprellung zur mechanischen Besch\u00e4digung eines Blutgef\u00e4\u00dfes im Sch\u00e4delinneren kommt. Dann tritt Blut aus, es bildet sich ein Bluterguss, der seinerseits auf bestimmte Hirnareale Druck aus\u00fcbt und dort zu einer Funktionsbeeintr\u00e4chtigung f\u00fchrt.<\/p>\n<p>Das Gegenteil passiert bei einer Minderdurchblutung, z. B. wenn sich ein verkalktes Hirngef\u00e4\u00df durch einen Thrombus (Blutgerinnsel) zusetzt oder wenn durch zu niedrigen Blutdruck \u2013 bei alten Menschen h\u00e4ufig durch Austrocknung wegen Fl\u00fcssigkeitsmangels \u2013 die Sauerstoffversorgung des Gehirns nicht mehr ausreicht. In selteneren F\u00e4llen k\u00f6nnen das auch einmal Gef\u00e4\u00dfspasmen sein (krampfartiges Zusammenziehen kleiner Blutgef\u00e4\u00dfe), die dann in der Regel stressbedingt sind und auch einmal j\u00fcngere Menschen betreffen k\u00f6nnen. Auch hier kommt es zur Sch\u00e4digung betroffener Hirnabschnitte.<\/p>\n<p>Beide Situationen sind gef\u00e4hrlich und bed\u00fcrfen sofortiger Hilfe, denn die Toleranz der Nervenzellen im Gehirn gegen\u00fcber Sauerstoffmangel ist sehr begrenzt. Man spricht vom sog. Zeitfenster. Dieses\u00a0<span style=\"color: #ff0000;\"><em><strong>Zeitfenster<\/strong><\/em><\/span> darf <span style=\"color: #ff0000;\"><em><strong>maximal<\/strong> <strong>2 Stunden<\/strong> <\/em><\/span>betragen. Danach ist das Gehirn irreversibel gesch\u00e4digt, das hei\u00dft, es bleiben Dauersch\u00e4den zur\u00fcck.<\/p>\n<p>Doch noch einmal zur\u00fcck an den Anfang. Hier war von Vorboten die Rede. Diese treten meist passager, vor\u00fcbergehend auf und werden deshalb oft \u00fcbersehen. Am besten k\u00f6nnen das Angeh\u00f6rige beurteilen, denn sie kennen die betreffende Person am besten.<\/p>\n<p>Aufmerksamkeitsst\u00f6rungen, Wortfindungsst\u00f6rungen, Vergesslichkeit, M\u00fcdigkeit, Schw\u00e4chezust\u00e4nde, unerkl\u00e4rliche D\u00e4mmerzust\u00e4nde, Wesensver\u00e4nderungen, starke Kopfschmerzen usw. k\u00f6nnen erste Anzeichen f\u00fcr einen drohenden Schlaganfall sein. Oftmals treten solche Ver\u00e4nderungen nur leicht und kurzzeitig auf, und deshalb wird ihnen oft keine Bedeutung beigemessen.<\/p>\n<p>Darum die dringende Bitte an alle: Wenn Ihnen an Ihren Angeh\u00f6rigen Dinge auffallen, die auf eine gest\u00f6rte Hirnfunktion hindeuten, rufen Sie baldm\u00f6glichst einen Arzt. Das gilt erst recht bei bereits bestehenden Ausfallserscheinungen. Hier ist es berechtigt, \u00fcber den <strong><span style=\"color: #ff0000;\">Notruf 112<\/span><\/strong> den Rettungsdienst zu alarmieren, denn diesen Patienten kann nur in einer sogenannten Stroke-Unit (Schlaganfall-Spezialeinheit, hier z.B. im \u00d6HK M\u00fchlhausen) <strong><span style=\"color: #ff0000;\">innerhalb der ersten zwei Stunden<\/span><\/strong> effektiv geholfen werden. Die Amerikaner haben hier einen passenden Spruch bereit:\u00a0<strong>Time is Brain (deutsch: Zeit ist Hirn).<\/strong><\/p>\n<p>Ihr Praxis-Team<\/p>\n","protected":false},"excerpt":{"rendered":"<p>Gew\u00f6hnlich kommt der Schlaganfall \u201eauf einen Schlag\u201c, das suggeriert bereits der Name. Dem ist aber bei weitem nicht so, denn oftmals gibt es Vorboten, die allerdings nicht bemerkt &#8211; oder besser &#8211; beachtet werden. Um das zu verstehen, m\u00fcssen wir einen kleinen Ausflug in die \u201eEntstehungsgeschichte\u201c, die \u00c4tiopathogenese, machen. Schlaganf\u00e4lle k\u00f6nnen, einfach gesagt, auf zwei &hellip; <\/p>\n<p class=\"link-more\"><a href=\"https:\/\/praxis-beylich.de\/?page_id=114\" class=\"more-link\"><span class=\"screen-reader-text\">\u201eSchlaganfall\u201c <\/span>weiterlesen<\/a><\/p>\n","protected":false},"author":1,"featured_media":2211,"parent":0,"menu_order":0,"comment_status":"closed","ping_status":"closed","template":"","meta":{"_monsterinsights_skip_tracking":false,"_monsterinsights_sitenote_active":false,"_monsterinsights_sitenote_note":"","_monsterinsights_sitenote_category":0,"footnotes":""},"class_list":["post-114","page","type-page","status-publish","has-post-thumbnail","hentry"],"yoast_head":"<!-- This site is optimized with the Yoast SEO plugin v27.4 - https:\/\/yoast.com\/product\/yoast-seo-wordpress\/ -->\n<title>Schlaganfall - PRAXIS F\u00dcR ALLGEMEINMEDIZIN<\/title>\n<meta name=\"robots\" content=\"index, follow, max-snippet:-1, max-image-preview:large, max-video-preview:-1\" \/>\n<link rel=\"canonical\" href=\"https:\/\/praxis-beylich.de\/?page_id=114\" \/>\n<meta property=\"og:locale\" content=\"de_DE\" \/>\n<meta property=\"og:type\" content=\"article\" \/>\n<meta property=\"og:title\" content=\"Schlaganfall - PRAXIS F\u00dcR ALLGEMEINMEDIZIN\" \/>\n<meta property=\"og:description\" content=\"Gew\u00f6hnlich kommt der Schlaganfall \u201eauf einen Schlag\u201c, das suggeriert bereits der Name. Dem ist aber bei weitem nicht so, denn oftmals gibt es Vorboten, die allerdings nicht bemerkt &#8211; oder besser &#8211; beachtet werden. Um das zu verstehen, m\u00fcssen wir einen kleinen Ausflug in die \u201eEntstehungsgeschichte\u201c, die \u00c4tiopathogenese, machen. Schlaganf\u00e4lle k\u00f6nnen, einfach gesagt, auf zwei &hellip; \u201eSchlaganfall\u201c weiterlesen\" \/>\n<meta property=\"og:url\" content=\"https:\/\/praxis-beylich.de\/?page_id=114\" \/>\n<meta property=\"og:site_name\" content=\"PRAXIS F\u00dcR ALLGEMEINMEDIZIN\" \/>\n<meta property=\"article:modified_time\" content=\"2025-08-01T16:53:46+00:00\" \/>\n<meta property=\"og:image\" content=\"https:\/\/praxis-beylich.de\/wp-content\/uploads\/2022\/11\/Schlaganfall-1.png\" \/>\n\t<meta property=\"og:image:width\" content=\"550\" \/>\n\t<meta property=\"og:image:height\" content=\"275\" \/>\n\t<meta property=\"og:image:type\" content=\"image\/png\" \/>\n<meta name=\"twitter:card\" content=\"summary_large_image\" \/>\n<meta name=\"twitter:label1\" content=\"Gesch\u00e4tzte Lesezeit\" \/>\n\t<meta name=\"twitter:data1\" content=\"3\u00a0Minuten\" \/>\n<script type=\"application\/ld+json\" class=\"yoast-schema-graph\">{\"@context\":\"https:\\\/\\\/schema.org\",\"@graph\":[{\"@type\":\"WebPage\",\"@id\":\"https:\\\/\\\/praxis-beylich.de\\\/?page_id=114\",\"url\":\"https:\\\/\\\/praxis-beylich.de\\\/?page_id=114\",\"name\":\"Schlaganfall - PRAXIS F\u00dcR ALLGEMEINMEDIZIN\",\"isPartOf\":{\"@id\":\"https:\\\/\\\/praxis-beylich.de\\\/#website\"},\"primaryImageOfPage\":{\"@id\":\"https:\\\/\\\/praxis-beylich.de\\\/?page_id=114#primaryimage\"},\"image\":{\"@id\":\"https:\\\/\\\/praxis-beylich.de\\\/?page_id=114#primaryimage\"},\"thumbnailUrl\":\"https:\\\/\\\/praxis-beylich.de\\\/wp-content\\\/uploads\\\/2022\\\/11\\\/Schlaganfall-1.png\",\"datePublished\":\"2018-01-06T18:51:37+00:00\",\"dateModified\":\"2025-08-01T16:53:46+00:00\",\"breadcrumb\":{\"@id\":\"https:\\\/\\\/praxis-beylich.de\\\/?page_id=114#breadcrumb\"},\"inLanguage\":\"de\",\"potentialAction\":[{\"@type\":\"ReadAction\",\"target\":[\"https:\\\/\\\/praxis-beylich.de\\\/?page_id=114\"]}]},{\"@type\":\"ImageObject\",\"inLanguage\":\"de\",\"@id\":\"https:\\\/\\\/praxis-beylich.de\\\/?page_id=114#primaryimage\",\"url\":\"https:\\\/\\\/praxis-beylich.de\\\/wp-content\\\/uploads\\\/2022\\\/11\\\/Schlaganfall-1.png\",\"contentUrl\":\"https:\\\/\\\/praxis-beylich.de\\\/wp-content\\\/uploads\\\/2022\\\/11\\\/Schlaganfall-1.png\",\"width\":550,\"height\":275},{\"@type\":\"BreadcrumbList\",\"@id\":\"https:\\\/\\\/praxis-beylich.de\\\/?page_id=114#breadcrumb\",\"itemListElement\":[{\"@type\":\"ListItem\",\"position\":1,\"name\":\"Startseite\",\"item\":\"https:\\\/\\\/praxis-beylich.de\\\/\"},{\"@type\":\"ListItem\",\"position\":2,\"name\":\"Schlaganfall\"}]},{\"@type\":\"WebSite\",\"@id\":\"https:\\\/\\\/praxis-beylich.de\\\/#website\",\"url\":\"https:\\\/\\\/praxis-beylich.de\\\/\",\"name\":\"PRAXIS F\u00dcR ALLGEMEINMEDIZIN\",\"description\":\"Dipl.-Med. Michael Beylich, Facharzt f\u00fcr Allgemeinmedizin, Notarzt, Badearzt, Akupunkturarzt\",\"publisher\":{\"@id\":\"https:\\\/\\\/praxis-beylich.de\\\/#organization\"},\"potentialAction\":[{\"@type\":\"SearchAction\",\"target\":{\"@type\":\"EntryPoint\",\"urlTemplate\":\"https:\\\/\\\/praxis-beylich.de\\\/?s={search_term_string}\"},\"query-input\":{\"@type\":\"PropertyValueSpecification\",\"valueRequired\":true,\"valueName\":\"search_term_string\"}}],\"inLanguage\":\"de\"},{\"@type\":\"Organization\",\"@id\":\"https:\\\/\\\/praxis-beylich.de\\\/#organization\",\"name\":\"Praxis f\u00fcr Allgemeinmedizin\",\"url\":\"https:\\\/\\\/praxis-beylich.de\\\/\",\"logo\":{\"@type\":\"ImageObject\",\"inLanguage\":\"de\",\"@id\":\"https:\\\/\\\/praxis-beylich.de\\\/#\\\/schema\\\/logo\\\/image\\\/\",\"url\":\"http:\\\/\\\/praxis-beylich.de\\\/wp-content\\\/uploads\\\/2018\\\/01\\\/YinYang-1.png\",\"contentUrl\":\"http:\\\/\\\/praxis-beylich.de\\\/wp-content\\\/uploads\\\/2018\\\/01\\\/YinYang-1.png\",\"width\":133,\"height\":134,\"caption\":\"Praxis f\u00fcr Allgemeinmedizin\"},\"image\":{\"@id\":\"https:\\\/\\\/praxis-beylich.de\\\/#\\\/schema\\\/logo\\\/image\\\/\"}}]}<\/script>\n<!-- \/ Yoast SEO plugin. -->","yoast_head_json":{"title":"Schlaganfall - PRAXIS F\u00dcR ALLGEMEINMEDIZIN","robots":{"index":"index","follow":"follow","max-snippet":"max-snippet:-1","max-image-preview":"max-image-preview:large","max-video-preview":"max-video-preview:-1"},"canonical":"https:\/\/praxis-beylich.de\/?page_id=114","og_locale":"de_DE","og_type":"article","og_title":"Schlaganfall - PRAXIS F\u00dcR ALLGEMEINMEDIZIN","og_description":"Gew\u00f6hnlich kommt der Schlaganfall \u201eauf einen Schlag\u201c, das suggeriert bereits der Name. Dem ist aber bei weitem nicht so, denn oftmals gibt es Vorboten, die allerdings nicht bemerkt &#8211; oder besser &#8211; beachtet werden. Um das zu verstehen, m\u00fcssen wir einen kleinen Ausflug in die \u201eEntstehungsgeschichte\u201c, die \u00c4tiopathogenese, machen. Schlaganf\u00e4lle k\u00f6nnen, einfach gesagt, auf zwei &hellip; \u201eSchlaganfall\u201c weiterlesen","og_url":"https:\/\/praxis-beylich.de\/?page_id=114","og_site_name":"PRAXIS F\u00dcR ALLGEMEINMEDIZIN","article_modified_time":"2025-08-01T16:53:46+00:00","og_image":[{"width":550,"height":275,"url":"https:\/\/praxis-beylich.de\/wp-content\/uploads\/2022\/11\/Schlaganfall-1.png","type":"image\/png"}],"twitter_card":"summary_large_image","twitter_misc":{"Gesch\u00e4tzte Lesezeit":"3\u00a0Minuten"},"schema":{"@context":"https:\/\/schema.org","@graph":[{"@type":"WebPage","@id":"https:\/\/praxis-beylich.de\/?page_id=114","url":"https:\/\/praxis-beylich.de\/?page_id=114","name":"Schlaganfall - PRAXIS F\u00dcR ALLGEMEINMEDIZIN","isPartOf":{"@id":"https:\/\/praxis-beylich.de\/#website"},"primaryImageOfPage":{"@id":"https:\/\/praxis-beylich.de\/?page_id=114#primaryimage"},"image":{"@id":"https:\/\/praxis-beylich.de\/?page_id=114#primaryimage"},"thumbnailUrl":"https:\/\/praxis-beylich.de\/wp-content\/uploads\/2022\/11\/Schlaganfall-1.png","datePublished":"2018-01-06T18:51:37+00:00","dateModified":"2025-08-01T16:53:46+00:00","breadcrumb":{"@id":"https:\/\/praxis-beylich.de\/?page_id=114#breadcrumb"},"inLanguage":"de","potentialAction":[{"@type":"ReadAction","target":["https:\/\/praxis-beylich.de\/?page_id=114"]}]},{"@type":"ImageObject","inLanguage":"de","@id":"https:\/\/praxis-beylich.de\/?page_id=114#primaryimage","url":"https:\/\/praxis-beylich.de\/wp-content\/uploads\/2022\/11\/Schlaganfall-1.png","contentUrl":"https:\/\/praxis-beylich.de\/wp-content\/uploads\/2022\/11\/Schlaganfall-1.png","width":550,"height":275},{"@type":"BreadcrumbList","@id":"https:\/\/praxis-beylich.de\/?page_id=114#breadcrumb","itemListElement":[{"@type":"ListItem","position":1,"name":"Startseite","item":"https:\/\/praxis-beylich.de\/"},{"@type":"ListItem","position":2,"name":"Schlaganfall"}]},{"@type":"WebSite","@id":"https:\/\/praxis-beylich.de\/#website","url":"https:\/\/praxis-beylich.de\/","name":"PRAXIS F\u00dcR ALLGEMEINMEDIZIN","description":"Dipl.-Med. Michael Beylich, Facharzt f\u00fcr Allgemeinmedizin, Notarzt, Badearzt, Akupunkturarzt","publisher":{"@id":"https:\/\/praxis-beylich.de\/#organization"},"potentialAction":[{"@type":"SearchAction","target":{"@type":"EntryPoint","urlTemplate":"https:\/\/praxis-beylich.de\/?s={search_term_string}"},"query-input":{"@type":"PropertyValueSpecification","valueRequired":true,"valueName":"search_term_string"}}],"inLanguage":"de"},{"@type":"Organization","@id":"https:\/\/praxis-beylich.de\/#organization","name":"Praxis f\u00fcr Allgemeinmedizin","url":"https:\/\/praxis-beylich.de\/","logo":{"@type":"ImageObject","inLanguage":"de","@id":"https:\/\/praxis-beylich.de\/#\/schema\/logo\/image\/","url":"http:\/\/praxis-beylich.de\/wp-content\/uploads\/2018\/01\/YinYang-1.png","contentUrl":"http:\/\/praxis-beylich.de\/wp-content\/uploads\/2018\/01\/YinYang-1.png","width":133,"height":134,"caption":"Praxis f\u00fcr Allgemeinmedizin"},"image":{"@id":"https:\/\/praxis-beylich.de\/#\/schema\/logo\/image\/"}}]}},"_links":{"self":[{"href":"https:\/\/praxis-beylich.de\/index.php?rest_route=\/wp\/v2\/pages\/114","targetHints":{"allow":["GET"]}}],"collection":[{"href":"https:\/\/praxis-beylich.de\/index.php?rest_route=\/wp\/v2\/pages"}],"about":[{"href":"https:\/\/praxis-beylich.de\/index.php?rest_route=\/wp\/v2\/types\/page"}],"author":[{"embeddable":true,"href":"https:\/\/praxis-beylich.de\/index.php?rest_route=\/wp\/v2\/users\/1"}],"replies":[{"embeddable":true,"href":"https:\/\/praxis-beylich.de\/index.php?rest_route=%2Fwp%2Fv2%2Fcomments&post=114"}],"version-history":[{"count":9,"href":"https:\/\/praxis-beylich.de\/index.php?rest_route=\/wp\/v2\/pages\/114\/revisions"}],"predecessor-version":[{"id":2548,"href":"https:\/\/praxis-beylich.de\/index.php?rest_route=\/wp\/v2\/pages\/114\/revisions\/2548"}],"wp:featuredmedia":[{"embeddable":true,"href":"https:\/\/praxis-beylich.de\/index.php?rest_route=\/wp\/v2\/media\/2211"}],"wp:attachment":[{"href":"https:\/\/praxis-beylich.de\/index.php?rest_route=%2Fwp%2Fv2%2Fmedia&parent=114"}],"curies":[{"name":"wp","href":"https:\/\/api.w.org\/{rel}","templated":true}]}}