{"id":211,"date":"2018-01-06T21:06:10","date_gmt":"2018-01-06T21:06:10","guid":{"rendered":"http:\/\/praxis-beylich.de\/?page_id=211"},"modified":"2025-11-26T14:27:52","modified_gmt":"2025-11-26T13:27:52","slug":"michael-beylich","status":"publish","type":"page","link":"https:\/\/praxis-beylich.de\/?page_id=211","title":{"rendered":"Michael Beylich"},"content":{"rendered":"<p style=\"text-align: left;\"><strong>Privates<\/strong><br \/>\nIch wurde als erstes von vier Kindern am 01. Juni 1949 in Leipzig geboren. Mein Vater war Verkaufsstellenleiter, meine Mutter selbst\u00e4ndige Schneidermeisterin. Aufgrund beruflicher Ver\u00e4nderungen meines Vaters \u2013 er begann ein Lehrerstudium in Gotha \u2013 zog die Familie in der Folgezeit mehrfach um, so dass ich einen Teil meiner Kindheit in der Oberlausitz in Gro\u00dfsch\u00f6nau (bis 1960) und einen weiteren Teil in K\u00f6then\/Sachsen-Anhalt (bis 1964) verbrachte.<br \/>\nMeine eigene Ausbildung bedingte dann einen Wohnungswechsel nach Ballenstedt\/Harz, wieder Leipzig, dann Tangerm\u00fcnde, Stendal und Goldberg\/Mecklenburg, und endete schlie\u00dflich 1981 in Bad Tennstedt.<\/p>\n<p style=\"text-align: left;\"><strong>Ausbildung<\/strong><\/p>\n<table style=\"width: 894.640625px;\">\n<tbody>\n<tr>\n<td style=\"width: 135px;\">\u00a01956 \u2013 1960<\/td>\n<td style=\"width: 743.640625px;\">&#8222;Pestalozzi&#8220;-Grundschule in Gro\u00dfsch\u00f6nau<\/td>\n<\/tr>\n<tr>\n<td style=\"width: 135px;\">\u00a01960 &#8211; 1964<\/td>\n<td style=\"width: 743.640625px;\">POS \u201eJohann Sebastian Bach\u201c in K\u00f6then<\/td>\n<\/tr>\n<tr>\n<td style=\"width: 135px;\">\u00a01964 \u2013 1968<\/td>\n<td style=\"width: 743.640625px;\">\u201eWilhelm Pieck\u201c in Ballenstedt &#8211; Abitur mit\u00a0Berufsausbildung<\/td>\n<\/tr>\n<tr>\n<td style=\"width: 135px;\">\u00a01968<\/td>\n<td style=\"width: 743.640625px;\">staatliche Anerkennung als Krankenpfleger<\/td>\n<\/tr>\n<tr>\n<td style=\"width: 135px;\">\u00a01968 \u2013 1974<\/td>\n<td style=\"width: 743.640625px;\">Karl-Marx-Universit\u00e4t Leipzig, Medizinische Fakult\u00e4t<\/td>\n<\/tr>\n<tr>\n<td style=\"width: 135px;\">\u00a01974<\/td>\n<td style=\"width: 743.640625px;\">Approbation als Arzt<\/td>\n<\/tr>\n<tr>\n<td style=\"width: 135px;\">\u00a01974 \u2013 1976<\/td>\n<td style=\"width: 743.640625px;\">Facharztausbildung Stadtambulatorium Tangerm\u00fcnde und Johanniter-Krankenhaus der Altmark Stendal (Chirurgie, Innere Medizin, Gyn\u00e4kologie und Geburtshilfe)<\/td>\n<\/tr>\n<tr>\n<td style=\"width: 135px;\">\u00a01976 \u2013 1978<\/td>\n<td style=\"width: 743.640625px;\">aktiver Wehrdienst in Goldberg \/ Facharztausbildung<\/td>\n<\/tr>\n<tr>\n<td style=\"width: 135px;\">\u00a01978 \u2013 1979<\/td>\n<td style=\"width: 743.640625px;\">Facharztausbildung Betriebspoliklinik des VEB KKW Stendal (Kinderheilkunde, Orthop\u00e4die, Neurologie, Augenheilkunde und HNO)<\/td>\n<\/tr>\n<tr>\n<td style=\"width: 135px;\">\u00a01979<\/td>\n<td style=\"width: 743.640625px;\">Staatliche Anerkennung als Facharzt f\u00fcr Allgemeinmedizin<\/td>\n<\/tr>\n<tr>\n<td style=\"width: 135px;\">1979 \u2013 1981<\/td>\n<td style=\"width: 743.640625px;\">Facharzt f\u00fcr Allgemeinmedizin, Leiter des Betriebsambulatoriums der Betriebspoliklinik des VEB KKW Stendal und Stellvertreter des \u00c4rztlichen Direktors der Betriebspoliklinik, verantwortlicher Arzt f\u00fcr Strahlenschutz, verantwortlicher Arzt f\u00fcr Ersthelfer-Ausbildung<\/td>\n<\/tr>\n<tr>\n<td style=\"width: 135px;\">\u00a01981 \u2013 1989<\/td>\n<td style=\"width: 743.640625px;\">Niederlassung in eigener Praxis; Zertifikat als Badearzt, Notarzt und Leitender Notarzt<\/td>\n<\/tr>\n<\/tbody>\n<\/table>\n<p style=\"text-align: left;\"><strong>Fertigkeiten<\/strong><\/p>\n<p>Facharzt f\u00fcr Allgemeinmedizin\u200b<\/p>\n<table style=\"width: 945px;\">\n<tbody>\n<tr>\n<td style=\"width: 111.453125px;\">1974<\/td>\n<td style=\"width: 764.546875px;\">\u00a0Ausbildungszertifikat Ersthelfer-Ausbildung<\/td>\n<\/tr>\n<tr>\n<td style=\"width: 111.453125px;\">1978<\/td>\n<td style=\"width: 764.546875px;\">\u00a0Leiter einer selbst\u00e4ndigen medizinischen Abteilung im Range eines Majors<\/td>\n<\/tr>\n<tr>\n<td style=\"width: 111.453125px;\">\u00a01979<\/td>\n<td style=\"width: 764.546875px;\">\u00a0Facharzt f\u00fcr Allgemeinmedizin<\/td>\n<\/tr>\n<tr>\n<td style=\"width: 111.453125px;\"><\/td>\n<td style=\"width: 764.546875px;\">\u00a0verantwortlicher Arzt f\u00fcr Strahlenschutz im VEB Kernkraftwerk Stendal<\/td>\n<\/tr>\n<tr>\n<td style=\"width: 111.453125px;\">\u00a01981<\/td>\n<td style=\"width: 764.546875px;\">\u00a0Kurarzt<\/td>\n<\/tr>\n<tr>\n<td style=\"width: 111.453125px;\">\u00a01989<\/td>\n<td style=\"width: 764.546875px;\">\u00a0Badearzt<\/td>\n<\/tr>\n<tr>\n<td style=\"width: 111.453125px;\">\u00a01990<\/td>\n<td style=\"width: 764.546875px;\">\u00a0Akupunkturarzt der DAAAM M\u00fcnchen<\/td>\n<\/tr>\n<tr>\n<td style=\"width: 111.453125px;\">\u00a02001<\/td>\n<td style=\"width: 764.546875px;\">\u00a0Notarzt (seit 1976 in der DDR notfallm\u00e4\u00dfig im System der SMH t\u00e4tig)<\/td>\n<\/tr>\n<tr>\n<td style=\"width: 111.453125px;\">\u00a02001<\/td>\n<td style=\"width: 764.546875px;\">\u00a0Leitender Notarzt<\/td>\n<\/tr>\n<tr>\n<td style=\"width: 111.453125px;\">\u00a02006<\/td>\n<td style=\"width: 764.546875px;\">\u00a0Akademische Lehrpraxis der FSU Jena<\/td>\n<\/tr>\n<tr>\n<td style=\"width: 111.453125px;\">2012<\/td>\n<td style=\"width: 764.546875px;\">Schulungszertifikat Diabetes mellitus<\/td>\n<\/tr>\n<tr>\n<td style=\"width: 111.453125px;\">2014<\/td>\n<td style=\"width: 764.546875px;\">Ausbildungszertifikat Allgemeinmedizin<\/td>\n<\/tr>\n<\/tbody>\n<\/table>\n","protected":false},"excerpt":{"rendered":"<p>Privates Ich wurde als erstes von vier Kindern am 01. Juni 1949 in Leipzig geboren. Mein Vater war Verkaufsstellenleiter, meine Mutter selbst\u00e4ndige Schneidermeisterin. Aufgrund beruflicher Ver\u00e4nderungen meines Vaters \u2013 er begann ein Lehrerstudium in Gotha \u2013 zog die Familie in der Folgezeit mehrfach um, so dass ich einen Teil meiner Kindheit in der Oberlausitz in &hellip; <\/p>\n<p class=\"link-more\"><a href=\"https:\/\/praxis-beylich.de\/?page_id=211\" class=\"more-link\"><span class=\"screen-reader-text\">\u201eMichael Beylich\u201c <\/span>weiterlesen<\/a><\/p>\n","protected":false},"author":1,"featured_media":2100,"parent":0,"menu_order":0,"comment_status":"closed","ping_status":"closed","template":"","meta":{"_monsterinsights_skip_tracking":false,"_monsterinsights_sitenote_active":false,"_monsterinsights_sitenote_note":"","_monsterinsights_sitenote_category":0,"footnotes":""},"class_list":["post-211","page","type-page","status-publish","has-post-thumbnail","hentry"],"yoast_head":"<!-- This site is optimized with the Yoast SEO plugin v27.4 - https:\/\/yoast.com\/product\/yoast-seo-wordpress\/ -->\n<title>Michael Beylich - PRAXIS F\u00dcR ALLGEMEINMEDIZIN<\/title>\n<meta name=\"robots\" content=\"index, follow, max-snippet:-1, max-image-preview:large, max-video-preview:-1\" \/>\n<link rel=\"canonical\" href=\"https:\/\/praxis-beylich.de\/?page_id=211\" \/>\n<meta property=\"og:locale\" content=\"de_DE\" \/>\n<meta property=\"og:type\" content=\"article\" \/>\n<meta property=\"og:title\" content=\"Michael Beylich - PRAXIS F\u00dcR ALLGEMEINMEDIZIN\" \/>\n<meta property=\"og:description\" content=\"Privates Ich wurde als erstes von vier Kindern am 01. Juni 1949 in Leipzig geboren. Mein Vater war Verkaufsstellenleiter, meine Mutter selbst\u00e4ndige Schneidermeisterin. Aufgrund beruflicher Ver\u00e4nderungen meines Vaters \u2013 er begann ein Lehrerstudium in Gotha \u2013 zog die Familie in der Folgezeit mehrfach um, so dass ich einen Teil meiner Kindheit in der Oberlausitz in &hellip; \u201eMichael Beylich\u201c weiterlesen\" \/>\n<meta property=\"og:url\" content=\"https:\/\/praxis-beylich.de\/?page_id=211\" \/>\n<meta property=\"og:site_name\" content=\"PRAXIS F\u00dcR ALLGEMEINMEDIZIN\" \/>\n<meta property=\"article:modified_time\" content=\"2025-11-26T13:27:52+00:00\" \/>\n<meta property=\"og:image\" content=\"https:\/\/praxis-beylich.de\/wp-content\/uploads\/2022\/09\/IMG_4556-e1662732519550.jpg\" \/>\n\t<meta property=\"og:image:width\" content=\"857\" \/>\n\t<meta property=\"og:image:height\" content=\"955\" \/>\n\t<meta property=\"og:image:type\" content=\"image\/jpeg\" \/>\n<meta name=\"twitter:card\" content=\"summary_large_image\" \/>\n<meta name=\"twitter:label1\" content=\"Gesch\u00e4tzte Lesezeit\" \/>\n\t<meta name=\"twitter:data1\" content=\"2\u00a0Minuten\" \/>\n<script type=\"application\/ld+json\" class=\"yoast-schema-graph\">{\"@context\":\"https:\\\/\\\/schema.org\",\"@graph\":[{\"@type\":\"WebPage\",\"@id\":\"https:\\\/\\\/praxis-beylich.de\\\/?page_id=211\",\"url\":\"https:\\\/\\\/praxis-beylich.de\\\/?page_id=211\",\"name\":\"Michael Beylich - PRAXIS F\u00dcR ALLGEMEINMEDIZIN\",\"isPartOf\":{\"@id\":\"https:\\\/\\\/praxis-beylich.de\\\/#website\"},\"primaryImageOfPage\":{\"@id\":\"https:\\\/\\\/praxis-beylich.de\\\/?page_id=211#primaryimage\"},\"image\":{\"@id\":\"https:\\\/\\\/praxis-beylich.de\\\/?page_id=211#primaryimage\"},\"thumbnailUrl\":\"https:\\\/\\\/praxis-beylich.de\\\/wp-content\\\/uploads\\\/2022\\\/09\\\/IMG_4556-e1662732519550.jpg\",\"datePublished\":\"2018-01-06T21:06:10+00:00\",\"dateModified\":\"2025-11-26T13:27:52+00:00\",\"breadcrumb\":{\"@id\":\"https:\\\/\\\/praxis-beylich.de\\\/?page_id=211#breadcrumb\"},\"inLanguage\":\"de\",\"potentialAction\":[{\"@type\":\"ReadAction\",\"target\":[\"https:\\\/\\\/praxis-beylich.de\\\/?page_id=211\"]}]},{\"@type\":\"ImageObject\",\"inLanguage\":\"de\",\"@id\":\"https:\\\/\\\/praxis-beylich.de\\\/?page_id=211#primaryimage\",\"url\":\"https:\\\/\\\/praxis-beylich.de\\\/wp-content\\\/uploads\\\/2022\\\/09\\\/IMG_4556-e1662732519550.jpg\",\"contentUrl\":\"https:\\\/\\\/praxis-beylich.de\\\/wp-content\\\/uploads\\\/2022\\\/09\\\/IMG_4556-e1662732519550.jpg\",\"width\":857,\"height\":955},{\"@type\":\"BreadcrumbList\",\"@id\":\"https:\\\/\\\/praxis-beylich.de\\\/?page_id=211#breadcrumb\",\"itemListElement\":[{\"@type\":\"ListItem\",\"position\":1,\"name\":\"Startseite\",\"item\":\"https:\\\/\\\/praxis-beylich.de\\\/\"},{\"@type\":\"ListItem\",\"position\":2,\"name\":\"Michael Beylich\"}]},{\"@type\":\"WebSite\",\"@id\":\"https:\\\/\\\/praxis-beylich.de\\\/#website\",\"url\":\"https:\\\/\\\/praxis-beylich.de\\\/\",\"name\":\"PRAXIS F\u00dcR ALLGEMEINMEDIZIN\",\"description\":\"Dipl.-Med. Michael Beylich, Facharzt f\u00fcr Allgemeinmedizin, Notarzt, Badearzt, Akupunkturarzt\",\"publisher\":{\"@id\":\"https:\\\/\\\/praxis-beylich.de\\\/#organization\"},\"potentialAction\":[{\"@type\":\"SearchAction\",\"target\":{\"@type\":\"EntryPoint\",\"urlTemplate\":\"https:\\\/\\\/praxis-beylich.de\\\/?s={search_term_string}\"},\"query-input\":{\"@type\":\"PropertyValueSpecification\",\"valueRequired\":true,\"valueName\":\"search_term_string\"}}],\"inLanguage\":\"de\"},{\"@type\":\"Organization\",\"@id\":\"https:\\\/\\\/praxis-beylich.de\\\/#organization\",\"name\":\"Praxis f\u00fcr Allgemeinmedizin\",\"url\":\"https:\\\/\\\/praxis-beylich.de\\\/\",\"logo\":{\"@type\":\"ImageObject\",\"inLanguage\":\"de\",\"@id\":\"https:\\\/\\\/praxis-beylich.de\\\/#\\\/schema\\\/logo\\\/image\\\/\",\"url\":\"http:\\\/\\\/praxis-beylich.de\\\/wp-content\\\/uploads\\\/2018\\\/01\\\/YinYang-1.png\",\"contentUrl\":\"http:\\\/\\\/praxis-beylich.de\\\/wp-content\\\/uploads\\\/2018\\\/01\\\/YinYang-1.png\",\"width\":133,\"height\":134,\"caption\":\"Praxis f\u00fcr Allgemeinmedizin\"},\"image\":{\"@id\":\"https:\\\/\\\/praxis-beylich.de\\\/#\\\/schema\\\/logo\\\/image\\\/\"}}]}<\/script>\n<!-- \/ Yoast SEO plugin. -->","yoast_head_json":{"title":"Michael Beylich - PRAXIS F\u00dcR ALLGEMEINMEDIZIN","robots":{"index":"index","follow":"follow","max-snippet":"max-snippet:-1","max-image-preview":"max-image-preview:large","max-video-preview":"max-video-preview:-1"},"canonical":"https:\/\/praxis-beylich.de\/?page_id=211","og_locale":"de_DE","og_type":"article","og_title":"Michael Beylich - PRAXIS F\u00dcR ALLGEMEINMEDIZIN","og_description":"Privates Ich wurde als erstes von vier Kindern am 01. Juni 1949 in Leipzig geboren. Mein Vater war Verkaufsstellenleiter, meine Mutter selbst\u00e4ndige Schneidermeisterin. Aufgrund beruflicher Ver\u00e4nderungen meines Vaters \u2013 er begann ein Lehrerstudium in Gotha \u2013 zog die Familie in der Folgezeit mehrfach um, so dass ich einen Teil meiner Kindheit in der Oberlausitz in &hellip; \u201eMichael Beylich\u201c weiterlesen","og_url":"https:\/\/praxis-beylich.de\/?page_id=211","og_site_name":"PRAXIS F\u00dcR ALLGEMEINMEDIZIN","article_modified_time":"2025-11-26T13:27:52+00:00","og_image":[{"width":857,"height":955,"url":"https:\/\/praxis-beylich.de\/wp-content\/uploads\/2022\/09\/IMG_4556-e1662732519550.jpg","type":"image\/jpeg"}],"twitter_card":"summary_large_image","twitter_misc":{"Gesch\u00e4tzte Lesezeit":"2\u00a0Minuten"},"schema":{"@context":"https:\/\/schema.org","@graph":[{"@type":"WebPage","@id":"https:\/\/praxis-beylich.de\/?page_id=211","url":"https:\/\/praxis-beylich.de\/?page_id=211","name":"Michael Beylich - PRAXIS F\u00dcR ALLGEMEINMEDIZIN","isPartOf":{"@id":"https:\/\/praxis-beylich.de\/#website"},"primaryImageOfPage":{"@id":"https:\/\/praxis-beylich.de\/?page_id=211#primaryimage"},"image":{"@id":"https:\/\/praxis-beylich.de\/?page_id=211#primaryimage"},"thumbnailUrl":"https:\/\/praxis-beylich.de\/wp-content\/uploads\/2022\/09\/IMG_4556-e1662732519550.jpg","datePublished":"2018-01-06T21:06:10+00:00","dateModified":"2025-11-26T13:27:52+00:00","breadcrumb":{"@id":"https:\/\/praxis-beylich.de\/?page_id=211#breadcrumb"},"inLanguage":"de","potentialAction":[{"@type":"ReadAction","target":["https:\/\/praxis-beylich.de\/?page_id=211"]}]},{"@type":"ImageObject","inLanguage":"de","@id":"https:\/\/praxis-beylich.de\/?page_id=211#primaryimage","url":"https:\/\/praxis-beylich.de\/wp-content\/uploads\/2022\/09\/IMG_4556-e1662732519550.jpg","contentUrl":"https:\/\/praxis-beylich.de\/wp-content\/uploads\/2022\/09\/IMG_4556-e1662732519550.jpg","width":857,"height":955},{"@type":"BreadcrumbList","@id":"https:\/\/praxis-beylich.de\/?page_id=211#breadcrumb","itemListElement":[{"@type":"ListItem","position":1,"name":"Startseite","item":"https:\/\/praxis-beylich.de\/"},{"@type":"ListItem","position":2,"name":"Michael Beylich"}]},{"@type":"WebSite","@id":"https:\/\/praxis-beylich.de\/#website","url":"https:\/\/praxis-beylich.de\/","name":"PRAXIS F\u00dcR ALLGEMEINMEDIZIN","description":"Dipl.-Med. Michael Beylich, Facharzt f\u00fcr Allgemeinmedizin, Notarzt, Badearzt, Akupunkturarzt","publisher":{"@id":"https:\/\/praxis-beylich.de\/#organization"},"potentialAction":[{"@type":"SearchAction","target":{"@type":"EntryPoint","urlTemplate":"https:\/\/praxis-beylich.de\/?s={search_term_string}"},"query-input":{"@type":"PropertyValueSpecification","valueRequired":true,"valueName":"search_term_string"}}],"inLanguage":"de"},{"@type":"Organization","@id":"https:\/\/praxis-beylich.de\/#organization","name":"Praxis f\u00fcr Allgemeinmedizin","url":"https:\/\/praxis-beylich.de\/","logo":{"@type":"ImageObject","inLanguage":"de","@id":"https:\/\/praxis-beylich.de\/#\/schema\/logo\/image\/","url":"http:\/\/praxis-beylich.de\/wp-content\/uploads\/2018\/01\/YinYang-1.png","contentUrl":"http:\/\/praxis-beylich.de\/wp-content\/uploads\/2018\/01\/YinYang-1.png","width":133,"height":134,"caption":"Praxis f\u00fcr Allgemeinmedizin"},"image":{"@id":"https:\/\/praxis-beylich.de\/#\/schema\/logo\/image\/"}}]}},"_links":{"self":[{"href":"https:\/\/praxis-beylich.de\/index.php?rest_route=\/wp\/v2\/pages\/211","targetHints":{"allow":["GET"]}}],"collection":[{"href":"https:\/\/praxis-beylich.de\/index.php?rest_route=\/wp\/v2\/pages"}],"about":[{"href":"https:\/\/praxis-beylich.de\/index.php?rest_route=\/wp\/v2\/types\/page"}],"author":[{"embeddable":true,"href":"https:\/\/praxis-beylich.de\/index.php?rest_route=\/wp\/v2\/users\/1"}],"replies":[{"embeddable":true,"href":"https:\/\/praxis-beylich.de\/index.php?rest_route=%2Fwp%2Fv2%2Fcomments&post=211"}],"version-history":[{"count":9,"href":"https:\/\/praxis-beylich.de\/index.php?rest_route=\/wp\/v2\/pages\/211\/revisions"}],"predecessor-version":[{"id":2578,"href":"https:\/\/praxis-beylich.de\/index.php?rest_route=\/wp\/v2\/pages\/211\/revisions\/2578"}],"wp:featuredmedia":[{"embeddable":true,"href":"https:\/\/praxis-beylich.de\/index.php?rest_route=\/wp\/v2\/media\/2100"}],"wp:attachment":[{"href":"https:\/\/praxis-beylich.de\/index.php?rest_route=%2Fwp%2Fv2%2Fmedia&parent=211"}],"curies":[{"name":"wp","href":"https:\/\/api.w.org\/{rel}","templated":true}]}}