{"id":2132,"date":"2022-09-10T17:56:29","date_gmt":"2022-09-10T15:56:29","guid":{"rendered":"http:\/\/praxis-beylich.de\/?page_id=2132"},"modified":"2025-12-02T16:58:16","modified_gmt":"2025-12-02T15:58:16","slug":"leonie-michalski","status":"publish","type":"page","link":"https:\/\/praxis-beylich.de\/?page_id=2132","title":{"rendered":"Leonie Michalski"},"content":{"rendered":"\n<p style=\"text-align: left;\">\u00a0<\/p>\n<p style=\"text-align: left;\"><strong>Ausbildung<\/strong><\/p>\n<table style=\"width: 130.625%; height: 144px;\">\n<tbody>\n<tr style=\"height: 20px;\">\n<td style=\"width: 135px; height: 20px;\">\u00a02009 &#8211; 2013<\/td>\n<td style=\"width: 743.640625px; height: 20px;\">Grundschule in Bad Tennstedt<\/td>\n<\/tr>\n<tr style=\"height: 20px;\">\n<td style=\"width: 135px; height: 20px;\">\u00a02013 &#8211; 2019<\/td>\n<td style=\"width: 743.640625px; height: 20px;\">\u00a0Oskar-Gr\u00fcndler-Gymnasium Gebesee<\/td>\n<\/tr>\n<tr style=\"height: 20px;\">\n<td style=\"width: 135px; height: 20px;\">\u00a02019 &#8211; 2020<\/td>\n<td style=\"width: 743.640625px; height: 20px;\">\u00a0Realschule Bad Tennstedt<\/td>\n<\/tr>\n<tr>\n<td style=\"width: 135px;\">\u00a02020 &#8211; 2023<\/td>\n<td style=\"width: 743.641px;\">Auszubildende Praxis Dipl.-Med. M. Beylich<\/td>\n<\/tr>\n<tr>\n<td style=\"width: 135px;\">\u00a0ab Juli 2023<\/td>\n<td style=\"width: 743.640625px;\">\u00a0Medizinische Fachangestellte<\/td>\n<\/tr>\n<\/tbody>\n<\/table>\n<p>\u00a0<\/p>\n\n\n\n<p><strong>Fertigkeiten<\/strong><\/p>\n\n\n\n<figure class=\"wp-block-table\"><table class=\"has-fixed-layout\"><tbody><tr><td>&nbsp;<\/td><td>Selbst\u00e4ndige T\u00e4tigkeit im Praxislabor<\/td><\/tr><tr><td>&nbsp;<\/td><td>Hygiene-Beauftragte<\/td><\/tr><tr><td>&nbsp;<\/td><td><\/td><\/tr><tr><td>&nbsp;<\/td><td><\/td><\/tr><tr><td>&nbsp;<\/td><td><\/td><\/tr><tr><td>&nbsp;<\/td><td><\/td><\/tr><tr><td>&nbsp;<\/td><td><\/td><\/tr><tr><td>&nbsp;<\/td><td><\/td><\/tr><tr><td>&nbsp;<\/td><td><\/td><\/tr><\/tbody><\/table><\/figure>\n","protected":false},"excerpt":{"rendered":"<p>Fertigkeiten &nbsp; Selbst\u00e4ndige T\u00e4tigkeit im Praxislabor &nbsp; Hygiene-Beauftragte &nbsp; &nbsp; &nbsp; &nbsp; &nbsp; &nbsp; &nbsp;<\/p>\n","protected":false},"author":1,"featured_media":2104,"parent":0,"menu_order":0,"comment_status":"closed","ping_status":"closed","template":"","meta":{"_monsterinsights_skip_tracking":false,"_monsterinsights_sitenote_active":false,"_monsterinsights_sitenote_note":"","_monsterinsights_sitenote_category":0,"footnotes":""},"class_list":["post-2132","page","type-page","status-publish","has-post-thumbnail","hentry"],"yoast_head":"<!-- This site is optimized with the Yoast SEO plugin v27.4 - https:\/\/yoast.com\/product\/yoast-seo-wordpress\/ -->\n<title>Leonie Michalski - PRAXIS F\u00dcR ALLGEMEINMEDIZIN<\/title>\n<meta name=\"robots\" content=\"index, follow, max-snippet:-1, max-image-preview:large, max-video-preview:-1\" \/>\n<link rel=\"canonical\" href=\"https:\/\/praxis-beylich.de\/?page_id=2132\" \/>\n<meta property=\"og:locale\" content=\"de_DE\" \/>\n<meta property=\"og:type\" content=\"article\" \/>\n<meta property=\"og:title\" content=\"Leonie Michalski - PRAXIS F\u00dcR ALLGEMEINMEDIZIN\" \/>\n<meta property=\"og:description\" content=\"Fertigkeiten &nbsp; Selbst\u00e4ndige T\u00e4tigkeit im Praxislabor &nbsp; Hygiene-Beauftragte &nbsp; &nbsp; &nbsp; &nbsp; &nbsp; &nbsp; &nbsp;\" \/>\n<meta property=\"og:url\" content=\"https:\/\/praxis-beylich.de\/?page_id=2132\" \/>\n<meta property=\"og:site_name\" content=\"PRAXIS F\u00dcR ALLGEMEINMEDIZIN\" \/>\n<meta property=\"article:modified_time\" content=\"2025-12-02T15:58:16+00:00\" \/>\n<meta property=\"og:image\" content=\"https:\/\/praxis-beylich.de\/wp-content\/uploads\/2022\/09\/IMG_4578.jpg\" \/>\n\t<meta property=\"og:image:width\" content=\"1000\" \/>\n\t<meta property=\"og:image:height\" content=\"755\" \/>\n\t<meta property=\"og:image:type\" content=\"image\/jpeg\" \/>\n<meta name=\"twitter:card\" content=\"summary_large_image\" \/>\n<meta name=\"twitter:label1\" content=\"Gesch\u00e4tzte Lesezeit\" \/>\n\t<meta name=\"twitter:data1\" content=\"1\u00a0Minute\" \/>\n<script type=\"application\/ld+json\" class=\"yoast-schema-graph\">{\"@context\":\"https:\\\/\\\/schema.org\",\"@graph\":[{\"@type\":\"WebPage\",\"@id\":\"https:\\\/\\\/praxis-beylich.de\\\/?page_id=2132\",\"url\":\"https:\\\/\\\/praxis-beylich.de\\\/?page_id=2132\",\"name\":\"Leonie Michalski - PRAXIS F\u00dcR ALLGEMEINMEDIZIN\",\"isPartOf\":{\"@id\":\"https:\\\/\\\/praxis-beylich.de\\\/#website\"},\"primaryImageOfPage\":{\"@id\":\"https:\\\/\\\/praxis-beylich.de\\\/?page_id=2132#primaryimage\"},\"image\":{\"@id\":\"https:\\\/\\\/praxis-beylich.de\\\/?page_id=2132#primaryimage\"},\"thumbnailUrl\":\"https:\\\/\\\/praxis-beylich.de\\\/wp-content\\\/uploads\\\/2022\\\/09\\\/IMG_4578.jpg\",\"datePublished\":\"2022-09-10T15:56:29+00:00\",\"dateModified\":\"2025-12-02T15:58:16+00:00\",\"breadcrumb\":{\"@id\":\"https:\\\/\\\/praxis-beylich.de\\\/?page_id=2132#breadcrumb\"},\"inLanguage\":\"de\",\"potentialAction\":[{\"@type\":\"ReadAction\",\"target\":[\"https:\\\/\\\/praxis-beylich.de\\\/?page_id=2132\"]}]},{\"@type\":\"ImageObject\",\"inLanguage\":\"de\",\"@id\":\"https:\\\/\\\/praxis-beylich.de\\\/?page_id=2132#primaryimage\",\"url\":\"https:\\\/\\\/praxis-beylich.de\\\/wp-content\\\/uploads\\\/2022\\\/09\\\/IMG_4578.jpg\",\"contentUrl\":\"https:\\\/\\\/praxis-beylich.de\\\/wp-content\\\/uploads\\\/2022\\\/09\\\/IMG_4578.jpg\",\"width\":1000,\"height\":755},{\"@type\":\"BreadcrumbList\",\"@id\":\"https:\\\/\\\/praxis-beylich.de\\\/?page_id=2132#breadcrumb\",\"itemListElement\":[{\"@type\":\"ListItem\",\"position\":1,\"name\":\"Startseite\",\"item\":\"https:\\\/\\\/praxis-beylich.de\\\/\"},{\"@type\":\"ListItem\",\"position\":2,\"name\":\"Leonie Michalski\"}]},{\"@type\":\"WebSite\",\"@id\":\"https:\\\/\\\/praxis-beylich.de\\\/#website\",\"url\":\"https:\\\/\\\/praxis-beylich.de\\\/\",\"name\":\"PRAXIS F\u00dcR ALLGEMEINMEDIZIN\",\"description\":\"Dipl.-Med. Michael Beylich, Facharzt f\u00fcr Allgemeinmedizin, Notarzt, Badearzt, Akupunkturarzt\",\"publisher\":{\"@id\":\"https:\\\/\\\/praxis-beylich.de\\\/#organization\"},\"potentialAction\":[{\"@type\":\"SearchAction\",\"target\":{\"@type\":\"EntryPoint\",\"urlTemplate\":\"https:\\\/\\\/praxis-beylich.de\\\/?s={search_term_string}\"},\"query-input\":{\"@type\":\"PropertyValueSpecification\",\"valueRequired\":true,\"valueName\":\"search_term_string\"}}],\"inLanguage\":\"de\"},{\"@type\":\"Organization\",\"@id\":\"https:\\\/\\\/praxis-beylich.de\\\/#organization\",\"name\":\"Praxis f\u00fcr Allgemeinmedizin\",\"url\":\"https:\\\/\\\/praxis-beylich.de\\\/\",\"logo\":{\"@type\":\"ImageObject\",\"inLanguage\":\"de\",\"@id\":\"https:\\\/\\\/praxis-beylich.de\\\/#\\\/schema\\\/logo\\\/image\\\/\",\"url\":\"http:\\\/\\\/praxis-beylich.de\\\/wp-content\\\/uploads\\\/2018\\\/01\\\/YinYang-1.png\",\"contentUrl\":\"http:\\\/\\\/praxis-beylich.de\\\/wp-content\\\/uploads\\\/2018\\\/01\\\/YinYang-1.png\",\"width\":133,\"height\":134,\"caption\":\"Praxis f\u00fcr Allgemeinmedizin\"},\"image\":{\"@id\":\"https:\\\/\\\/praxis-beylich.de\\\/#\\\/schema\\\/logo\\\/image\\\/\"}}]}<\/script>\n<!-- \/ Yoast SEO plugin. -->","yoast_head_json":{"title":"Leonie Michalski - PRAXIS F\u00dcR ALLGEMEINMEDIZIN","robots":{"index":"index","follow":"follow","max-snippet":"max-snippet:-1","max-image-preview":"max-image-preview:large","max-video-preview":"max-video-preview:-1"},"canonical":"https:\/\/praxis-beylich.de\/?page_id=2132","og_locale":"de_DE","og_type":"article","og_title":"Leonie Michalski - PRAXIS F\u00dcR ALLGEMEINMEDIZIN","og_description":"Fertigkeiten &nbsp; Selbst\u00e4ndige T\u00e4tigkeit im Praxislabor &nbsp; Hygiene-Beauftragte &nbsp; &nbsp; &nbsp; &nbsp; &nbsp; &nbsp; &nbsp;","og_url":"https:\/\/praxis-beylich.de\/?page_id=2132","og_site_name":"PRAXIS F\u00dcR ALLGEMEINMEDIZIN","article_modified_time":"2025-12-02T15:58:16+00:00","og_image":[{"width":1000,"height":755,"url":"https:\/\/praxis-beylich.de\/wp-content\/uploads\/2022\/09\/IMG_4578.jpg","type":"image\/jpeg"}],"twitter_card":"summary_large_image","twitter_misc":{"Gesch\u00e4tzte Lesezeit":"1\u00a0Minute"},"schema":{"@context":"https:\/\/schema.org","@graph":[{"@type":"WebPage","@id":"https:\/\/praxis-beylich.de\/?page_id=2132","url":"https:\/\/praxis-beylich.de\/?page_id=2132","name":"Leonie Michalski - PRAXIS F\u00dcR ALLGEMEINMEDIZIN","isPartOf":{"@id":"https:\/\/praxis-beylich.de\/#website"},"primaryImageOfPage":{"@id":"https:\/\/praxis-beylich.de\/?page_id=2132#primaryimage"},"image":{"@id":"https:\/\/praxis-beylich.de\/?page_id=2132#primaryimage"},"thumbnailUrl":"https:\/\/praxis-beylich.de\/wp-content\/uploads\/2022\/09\/IMG_4578.jpg","datePublished":"2022-09-10T15:56:29+00:00","dateModified":"2025-12-02T15:58:16+00:00","breadcrumb":{"@id":"https:\/\/praxis-beylich.de\/?page_id=2132#breadcrumb"},"inLanguage":"de","potentialAction":[{"@type":"ReadAction","target":["https:\/\/praxis-beylich.de\/?page_id=2132"]}]},{"@type":"ImageObject","inLanguage":"de","@id":"https:\/\/praxis-beylich.de\/?page_id=2132#primaryimage","url":"https:\/\/praxis-beylich.de\/wp-content\/uploads\/2022\/09\/IMG_4578.jpg","contentUrl":"https:\/\/praxis-beylich.de\/wp-content\/uploads\/2022\/09\/IMG_4578.jpg","width":1000,"height":755},{"@type":"BreadcrumbList","@id":"https:\/\/praxis-beylich.de\/?page_id=2132#breadcrumb","itemListElement":[{"@type":"ListItem","position":1,"name":"Startseite","item":"https:\/\/praxis-beylich.de\/"},{"@type":"ListItem","position":2,"name":"Leonie Michalski"}]},{"@type":"WebSite","@id":"https:\/\/praxis-beylich.de\/#website","url":"https:\/\/praxis-beylich.de\/","name":"PRAXIS F\u00dcR ALLGEMEINMEDIZIN","description":"Dipl.-Med. Michael Beylich, Facharzt f\u00fcr Allgemeinmedizin, Notarzt, Badearzt, Akupunkturarzt","publisher":{"@id":"https:\/\/praxis-beylich.de\/#organization"},"potentialAction":[{"@type":"SearchAction","target":{"@type":"EntryPoint","urlTemplate":"https:\/\/praxis-beylich.de\/?s={search_term_string}"},"query-input":{"@type":"PropertyValueSpecification","valueRequired":true,"valueName":"search_term_string"}}],"inLanguage":"de"},{"@type":"Organization","@id":"https:\/\/praxis-beylich.de\/#organization","name":"Praxis f\u00fcr Allgemeinmedizin","url":"https:\/\/praxis-beylich.de\/","logo":{"@type":"ImageObject","inLanguage":"de","@id":"https:\/\/praxis-beylich.de\/#\/schema\/logo\/image\/","url":"http:\/\/praxis-beylich.de\/wp-content\/uploads\/2018\/01\/YinYang-1.png","contentUrl":"http:\/\/praxis-beylich.de\/wp-content\/uploads\/2018\/01\/YinYang-1.png","width":133,"height":134,"caption":"Praxis f\u00fcr Allgemeinmedizin"},"image":{"@id":"https:\/\/praxis-beylich.de\/#\/schema\/logo\/image\/"}}]}},"_links":{"self":[{"href":"https:\/\/praxis-beylich.de\/index.php?rest_route=\/wp\/v2\/pages\/2132","targetHints":{"allow":["GET"]}}],"collection":[{"href":"https:\/\/praxis-beylich.de\/index.php?rest_route=\/wp\/v2\/pages"}],"about":[{"href":"https:\/\/praxis-beylich.de\/index.php?rest_route=\/wp\/v2\/types\/page"}],"author":[{"embeddable":true,"href":"https:\/\/praxis-beylich.de\/index.php?rest_route=\/wp\/v2\/users\/1"}],"replies":[{"embeddable":true,"href":"https:\/\/praxis-beylich.de\/index.php?rest_route=%2Fwp%2Fv2%2Fcomments&post=2132"}],"version-history":[{"count":5,"href":"https:\/\/praxis-beylich.de\/index.php?rest_route=\/wp\/v2\/pages\/2132\/revisions"}],"predecessor-version":[{"id":2607,"href":"https:\/\/praxis-beylich.de\/index.php?rest_route=\/wp\/v2\/pages\/2132\/revisions\/2607"}],"wp:featuredmedia":[{"embeddable":true,"href":"https:\/\/praxis-beylich.de\/index.php?rest_route=\/wp\/v2\/media\/2104"}],"wp:attachment":[{"href":"https:\/\/praxis-beylich.de\/index.php?rest_route=%2Fwp%2Fv2%2Fmedia&parent=2132"}],"curies":[{"name":"wp","href":"https:\/\/api.w.org\/{rel}","templated":true}]}}