{"id":2260,"date":"2023-05-17T16:41:22","date_gmt":"2023-05-17T14:41:22","guid":{"rendered":"http:\/\/praxis-beylich.de\/?page_id=2260"},"modified":"2024-09-07T06:32:40","modified_gmt":"2024-09-07T04:32:40","slug":"telematik-infrastruktur-ti","status":"publish","type":"page","link":"https:\/\/praxis-beylich.de\/?page_id=2260","title":{"rendered":"Telematik-Infrastruktur (TI)"},"content":{"rendered":"<div class=\"wp-block-image\">\n<figure class=\"aligncenter size-full\"><img fetchpriority=\"high\" decoding=\"async\" width=\"218\" height=\"232\" src=\"https:\/\/praxis-beylich.de\/wp-content\/uploads\/2018\/11\/images.jpeg\" alt=\"\" class=\"wp-image-951\"\/><\/figure>\n<\/div>\n\n\n<p>Ab 2019 ist sie Pflicht. Seit Juli 2018 haben wie sie. Gemeint ist die neue Telematik-Infrastruktur &#8211; eine weitere &#8222;Erleichterung&#8220; im t\u00e4glichen Praxisleben.<\/p>\n\n\n\n<p>Regierung, Krankenkassen und Kassen\u00e4rztliche Bundesvereinigung haben eigens daf\u00fcr eine neue Arbeitsgruppe geschaffen (Gematik), die seit dem Jahre 2006 j\u00e4hrlich gesch\u00e4tzte 240 Millionen Euro &#8222;verbr\u00e4t&#8220;.<\/p>\n\n\n\n<p>Die Idee, die dahinter steckt, ist so einfach und genial wie bl\u00f6d. Analog der elektronischen Akte in der Verwaltung (die auch dort bisher nur zu Chaos, Katastrophen und immensen Kosten f\u00fchrte (siehe Das Schwarzbuch 2017\/18), ist man seit 2006 dabei, eine elektronische Gesundheitskarte zu entwickeln. Mittlerweile gibt es die Version 3, zu erkennen an einem kleinen &#8222;G3&#8220; in der rechten oberen Ecke der Chipkarte. Geplant war, analog dem aus DDR-Zeiten bekannten SV-Ausweis darauf neben den pers\u00f6nlichen Daten auch wichtige Gesundheitsdaten wie Blutgruppe, chronische Krankheiten , Allergien usw. und Dauermedikamente zu speichern. Und es sollten sogar Rezepte darauf gespeichert werden k\u00f6nnen oder \u00dcberweisungen nebst Mitteilungen f\u00fcr den weiterbehandelnden Arzt. Theoretisch also eine sinnvolle Sache, um B\u00fcrokratie abzubauen und Papier einzusparen.<\/p>\n\n\n\n<p>Praktisch funktioniert es schon deswegen nicht, weil erstens die n\u00f6tige Hardware daf\u00fcr nicht \u00fcberall rechtzeitig existierte oder nicht zuverl\u00e4ssig funktionierte, zweitens eine ganze Armee von Datensch\u00fctzern st\u00e4ndig wegen diesem und jenem und \u00fcberhaupt erhebliche Bedenken anmeldet, drittens vieles zu umst\u00e4ndlich und unausgegoren ist und viertens die gesamte Finanzierung nicht vern\u00fcnftig gekl\u00e4rt ist. Und so ist es mit der TI wie mit vielen anderen Dingen auch: Es funktioniert halbherzig bis gar nicht, statt einfacher und leichter wird es komplizierter, und weil die Finanzierung ungekl\u00e4rt ist, bleiben die Kosten wieder einmal bei denen, die den \u00c4rger damit ohnehin schon haben und die das alles gar nicht wollten &#8211; die sog. Endanwender, also die Arztpraxen.<\/p>\n\n\n\n<p>Was bedeutet das f\u00fcr uns und unsere Patienten? Der Arbeitsablauf wird nicht einfacher, sondern komplizierter. Aber: Alle erfahren eine gewisse &#8222;Entschleunigung&#8220;, weil alles deutlich langsamer geht. Also zumindest ein Vorteil, wenn auch so nicht gewollt.<\/p>\n\n\n\n<p>Was passiert? Die Chipkarte wird ins Leseger\u00e4t gesteckt (Die Technik daf\u00fcr wurde von uns bezahlt und zu etwa 80% von der Kassen\u00e4rztlichen Vereinigung zur\u00fcckerstattet, die laufenden Kosten muss die Praxis tragen), dann &#8222;ruft&#8220; das Leseger\u00e4t bei der Krankenkasse an und fragt nach, ob die Karte \u00fcberhaupt g\u00fcltig ist, und erst nach erfolgreicher Best\u00e4tigung erfolgt im Computer die Freigabe und die Schwester an der Anmeldung ist \u00fcberhaupt erst mal in der Lage, irgend etwas zu tun. Bis dahin ist einfach alles blockiert. Eine tolle Erleichterung, f\u00fcr das Personal und f\u00fcr die Patienten, ganz sicher aber f\u00fcr die Krankenkassen. StaSi l\u00e4sst gr\u00fc\u00dfen.<\/p>\n\n\n\n<p>Aber was war eigentlich das urspr\u00fcngliche Ziel dieser Neuerung? Und sp\u00e4testens hier zeigt sich ein grundlegendes Problem unserer Gesellschaft: Da gibt es Versprechen \u00fcber Versprechen (nicht nur vor der Wahl), doch am Ende interessiert das keinen mehr. Hauptsache, man belegt seine Daseinsberechtigung und hat ein paar Dumme, die das alles bezahlen. Wie hie\u00df es zu DDR-Zeiten? Keiner wei\u00df bescheid, aber alle machen mit. Das ging schon mal in die Hosen.<\/p>\n\n\n\n<p>Mittlerweile schreiben wir das Jahr 2022, doch grundlegende \u00c4nderungen gab es nicht. Die eAU &#8211; die elektronische Arbeitsunf\u00e4higkeitsbescheinigung &#8211; ist seit dem 01. Juli verpflichtend eingef\u00fchrt. Was hei\u00dft das konkret? Der Teil, den die Krankenkasse erh\u00e4lt, wird durch die Praxis elektronisch verschickt. Eine Erleichterung f\u00fcr die Krankenkassen. Alles andere bleibt, wie es war. Der Patient erh\u00e4lt eine ausgedruckte Kopie, der Arbeitgeber wird vom Patienten \u00fcber die AU informiert und bekommt seinen Teil von der Krankenkasse \u00fcbermittelt. Ist doch einfach, oder?<\/p>\n\n\n\n<p>Es gibt noch ein Bonbon dazu, die ePA, die elektronische Patientenakte. Sie soll alle relevanten Daten \u00fcber den Patienten (auch \u00fcber Patientinnen, diverse und sonstige Inhaber einer Chipkarte) enthalten. Damit w\u00e4re sie eine Erg\u00e4nzung\/Erweiterung des schon l\u00e4nger verf\u00fcgbaren Notfall-Datensatzes.<\/p>\n\n\n\n<p>Der Unterschied wird bereits bei der Bezeichnung klar. Notfall-Datensatz: alle f\u00fcr den Notfall relevanten Daten, also wichtige Diagnosen, Medikamente, Allergien oder Unvertr\u00e4glichkeiten, Genussmittel und Co. &nbsp;            &nbsp; &nbsp; &nbsp; &nbsp; &nbsp; &nbsp; &nbsp; &nbsp; &nbsp; &nbsp; &nbsp; &nbsp; &nbsp;              Die ePA hingegen enth\u00e4lt quasi den gesamten medizinischen \u201eLebenslauf\u201c und geht damit weit \u00fcber die Angaben im DDR-SV-Ausweis hinaus. Vorteil: Man hat immer seine komplette Krankenakte dabei, auch wenn man nicht zu Hause ist oder umzieht. Aber das war\u2018s dann auch schon.<\/p>\n\n\n\n<p>Ansonsten gibt es eigentlich nur Probleme, Ungereimtheiten und No-Go\u2018s aufzuz\u00e4hlen: Da gibt es eine gewisse Population, Datensch\u00fctzer genannt, \u2026 Da gibt es die Vorschrift, die zu speichernden Daten gemeinsam mit dem Patienten in einer&nbsp;<em>ausf\u00fchrlichen Beratung&nbsp;<\/em>und in \u00dcbereinstimmung mit diesem festzulegen. Das mag ja gut gemeint sein, aber was, wenn der Alkohol- oder Drogenabh\u00e4ngige genau das verschweigen will, obwohl das f\u00fcr die (Notfall)Behandlung absolut wichtig ist? Die Reihe lie\u00dfe sich fortsetzen. Und dann: \u201eausf\u00fchrliche Beratung\u201c ist definiert mit mindestens 20 Minuten. Das d\u00fcrfte in der Mehrzahl der F\u00e4lle nicht reichen, wenn vielleicht 20 oder 30 Jahre (oder gar noch mehr) Krankengeschichte aufzuarbeiten sind. Unn\u00f6tig zu erw\u00e4hnen, dass diese Leistung der Krankenkasse noch nicht einmal 10 \u20ac wert ist. Das liegt deutlich unter dem Mindestlohn. &nbsp; &nbsp; &nbsp; &nbsp; &nbsp;   &nbsp; &nbsp;  &nbsp; &nbsp; &nbsp; &nbsp; &nbsp; &nbsp; &nbsp; &nbsp; &nbsp; &nbsp; &nbsp; &nbsp; &nbsp;Ein weiterer wichtiger Punkt: Die mobilen Kartenleseger\u00e4te, die aktuell im Einsatz sind wie auch die meisten Praxisprogramme sind gar nicht in der Lage, die Daten auszulesen.<\/p>\n\n\n\n<p>Seit diesen Zeilen sind zwei Jahre ins Land gegangen und ein Herr Lauterbach hat einen Herrn Spahn abgel\u00f6st. Wir haben das eRezept bekommen, davor schon die eAU, und in K\u00fcrze wird die ePA (elektronische Patientenakte) verpflichtend werden, auch wenn \u00c4rzteverb\u00e4nde und Kassen\u00e4rztliche Vereinigungen dagegen Sturm laufen. Auf die Basis hat man selten geh\u00f6rt &#8211; und mitunter ging das dann schief, wenngleich das in diesem wie auch in anderen F\u00e4llen den oder die Verursacher nicht st\u00f6ren d\u00fcrfte. Den \u00c4rger haben &#8222;die da unten&#8220;.<\/p>\n\n\n\n<p>Und Herr Lauterbach wird nicht m\u00fcde, uns mit immer mehr &#8222;Segnungen&#8220; seines in den USA erworbenen Wissens zu \u00fcberraschen. Wenn man schon Medizin nicht fertig studiert hat (nachzulesen bei Wikipedia), kann man denen, die das taten, wenigstens klarmachen, wie der Hase anderswo l\u00e4uft und wie er hier zuk\u00fcnftig laufen sollte. Egal was man h\u00f6rt, Krankenhausreform, ambulantes Gesundheitswesen, Vorsorgeuntersuchungen beim Kardiologen (wir haben schon keine Fach\u00e4rzte f\u00fcr die Kranken!), \u00fcberall der Rotstift und &#8211; was noch schlimmer ist &#8211; der zweite Schritt vor dem ersten. Aber das hat Tradition, schon seit Frau Merkel. Damals war&#8217;s der Ausstieg aus Kohle und Kernenergie, dessen Folgen wir heute noch auszubaden haben. Sp\u00e4ter kam die Abkehr vom russischen \u00d6l, das wir zwar immer noch bekommen, aber \u00fcber Indien und andere, und wir kaufen teures Fracking-Gas aus den USA, das wir fr\u00fcher wegen seiner Umwelt-Un-Freundlichkeit abgelehnt haben, uns so setzt sich das fort, leider immer auf Kosten der Bev\u00f6lkerung. Und dann wundert man sich \u00fcber Wahlergebnisse?<\/p>\n\n\n\n<p><\/p>\n\n\n\n<figure class=\"wp-block-gallery alignleft has-nested-images columns-default is-cropped wp-block-gallery-2 is-layout-flex wp-block-gallery-is-layout-flex\"><\/figure>\n\n\n\n\n","protected":false},"excerpt":{"rendered":"<p>Ab 2019 ist sie Pflicht. Seit Juli 2018 haben wie sie. Gemeint ist die neue Telematik-Infrastruktur &#8211; eine weitere &#8222;Erleichterung&#8220; im t\u00e4glichen Praxisleben. Regierung, Krankenkassen und Kassen\u00e4rztliche Bundesvereinigung haben eigens daf\u00fcr eine neue Arbeitsgruppe geschaffen (Gematik), die seit dem Jahre 2006 j\u00e4hrlich gesch\u00e4tzte 240 Millionen Euro &#8222;verbr\u00e4t&#8220;. Die Idee, die dahinter steckt, ist so einfach &hellip; <\/p>\n<p class=\"link-more\"><a href=\"https:\/\/praxis-beylich.de\/?page_id=2260\" class=\"more-link\"><span class=\"screen-reader-text\">\u201eTelematik-Infrastruktur (TI)\u201c <\/span>weiterlesen<\/a><\/p>\n","protected":false},"author":1,"featured_media":0,"parent":0,"menu_order":0,"comment_status":"closed","ping_status":"closed","template":"","meta":{"_monsterinsights_skip_tracking":false,"_monsterinsights_sitenote_active":false,"_monsterinsights_sitenote_note":"","_monsterinsights_sitenote_category":0,"footnotes":""},"class_list":["post-2260","page","type-page","status-publish","hentry"],"yoast_head":"<!-- This site is optimized with the Yoast SEO plugin v27.4 - https:\/\/yoast.com\/product\/yoast-seo-wordpress\/ -->\n<title>Telematik-Infrastruktur (TI) - PRAXIS F\u00dcR ALLGEMEINMEDIZIN<\/title>\n<meta name=\"robots\" content=\"index, follow, max-snippet:-1, max-image-preview:large, max-video-preview:-1\" \/>\n<link rel=\"canonical\" href=\"https:\/\/praxis-beylich.de\/?page_id=2260\" \/>\n<meta property=\"og:locale\" content=\"de_DE\" \/>\n<meta property=\"og:type\" content=\"article\" \/>\n<meta property=\"og:title\" content=\"Telematik-Infrastruktur (TI) - PRAXIS F\u00dcR ALLGEMEINMEDIZIN\" \/>\n<meta property=\"og:description\" content=\"Ab 2019 ist sie Pflicht. Seit Juli 2018 haben wie sie. Gemeint ist die neue Telematik-Infrastruktur &#8211; eine weitere &#8222;Erleichterung&#8220; im t\u00e4glichen Praxisleben. Regierung, Krankenkassen und Kassen\u00e4rztliche Bundesvereinigung haben eigens daf\u00fcr eine neue Arbeitsgruppe geschaffen (Gematik), die seit dem Jahre 2006 j\u00e4hrlich gesch\u00e4tzte 240 Millionen Euro &#8222;verbr\u00e4t&#8220;. Die Idee, die dahinter steckt, ist so einfach &hellip; \u201eTelematik-Infrastruktur (TI)\u201c weiterlesen\" \/>\n<meta property=\"og:url\" content=\"https:\/\/praxis-beylich.de\/?page_id=2260\" \/>\n<meta property=\"og:site_name\" content=\"PRAXIS F\u00dcR ALLGEMEINMEDIZIN\" \/>\n<meta property=\"article:modified_time\" content=\"2024-09-07T04:32:40+00:00\" \/>\n<meta property=\"og:image\" content=\"http:\/\/praxis-beylich.de\/wp-content\/uploads\/2018\/11\/images.jpeg\" \/>\n<meta name=\"twitter:card\" content=\"summary_large_image\" \/>\n<meta name=\"twitter:label1\" content=\"Gesch\u00e4tzte Lesezeit\" \/>\n\t<meta name=\"twitter:data1\" content=\"7\u00a0Minuten\" \/>\n<script type=\"application\/ld+json\" class=\"yoast-schema-graph\">{\"@context\":\"https:\\\/\\\/schema.org\",\"@graph\":[{\"@type\":\"WebPage\",\"@id\":\"https:\\\/\\\/praxis-beylich.de\\\/?page_id=2260\",\"url\":\"https:\\\/\\\/praxis-beylich.de\\\/?page_id=2260\",\"name\":\"Telematik-Infrastruktur (TI) - PRAXIS F\u00dcR ALLGEMEINMEDIZIN\",\"isPartOf\":{\"@id\":\"https:\\\/\\\/praxis-beylich.de\\\/#website\"},\"primaryImageOfPage\":{\"@id\":\"https:\\\/\\\/praxis-beylich.de\\\/?page_id=2260#primaryimage\"},\"image\":{\"@id\":\"https:\\\/\\\/praxis-beylich.de\\\/?page_id=2260#primaryimage\"},\"thumbnailUrl\":\"http:\\\/\\\/praxis-beylich.de\\\/wp-content\\\/uploads\\\/2018\\\/11\\\/images.jpeg\",\"datePublished\":\"2023-05-17T14:41:22+00:00\",\"dateModified\":\"2024-09-07T04:32:40+00:00\",\"breadcrumb\":{\"@id\":\"https:\\\/\\\/praxis-beylich.de\\\/?page_id=2260#breadcrumb\"},\"inLanguage\":\"de\",\"potentialAction\":[{\"@type\":\"ReadAction\",\"target\":[\"https:\\\/\\\/praxis-beylich.de\\\/?page_id=2260\"]}]},{\"@type\":\"ImageObject\",\"inLanguage\":\"de\",\"@id\":\"https:\\\/\\\/praxis-beylich.de\\\/?page_id=2260#primaryimage\",\"url\":\"http:\\\/\\\/praxis-beylich.de\\\/wp-content\\\/uploads\\\/2018\\\/11\\\/images.jpeg\",\"contentUrl\":\"http:\\\/\\\/praxis-beylich.de\\\/wp-content\\\/uploads\\\/2018\\\/11\\\/images.jpeg\"},{\"@type\":\"BreadcrumbList\",\"@id\":\"https:\\\/\\\/praxis-beylich.de\\\/?page_id=2260#breadcrumb\",\"itemListElement\":[{\"@type\":\"ListItem\",\"position\":1,\"name\":\"Startseite\",\"item\":\"https:\\\/\\\/praxis-beylich.de\\\/\"},{\"@type\":\"ListItem\",\"position\":2,\"name\":\"Telematik-Infrastruktur (TI)\"}]},{\"@type\":\"WebSite\",\"@id\":\"https:\\\/\\\/praxis-beylich.de\\\/#website\",\"url\":\"https:\\\/\\\/praxis-beylich.de\\\/\",\"name\":\"PRAXIS F\u00dcR ALLGEMEINMEDIZIN\",\"description\":\"Dipl.-Med. Michael Beylich, Facharzt f\u00fcr Allgemeinmedizin, Notarzt, Badearzt, Akupunkturarzt\",\"publisher\":{\"@id\":\"https:\\\/\\\/praxis-beylich.de\\\/#organization\"},\"potentialAction\":[{\"@type\":\"SearchAction\",\"target\":{\"@type\":\"EntryPoint\",\"urlTemplate\":\"https:\\\/\\\/praxis-beylich.de\\\/?s={search_term_string}\"},\"query-input\":{\"@type\":\"PropertyValueSpecification\",\"valueRequired\":true,\"valueName\":\"search_term_string\"}}],\"inLanguage\":\"de\"},{\"@type\":\"Organization\",\"@id\":\"https:\\\/\\\/praxis-beylich.de\\\/#organization\",\"name\":\"Praxis f\u00fcr Allgemeinmedizin\",\"url\":\"https:\\\/\\\/praxis-beylich.de\\\/\",\"logo\":{\"@type\":\"ImageObject\",\"inLanguage\":\"de\",\"@id\":\"https:\\\/\\\/praxis-beylich.de\\\/#\\\/schema\\\/logo\\\/image\\\/\",\"url\":\"http:\\\/\\\/praxis-beylich.de\\\/wp-content\\\/uploads\\\/2018\\\/01\\\/YinYang-1.png\",\"contentUrl\":\"http:\\\/\\\/praxis-beylich.de\\\/wp-content\\\/uploads\\\/2018\\\/01\\\/YinYang-1.png\",\"width\":133,\"height\":134,\"caption\":\"Praxis f\u00fcr Allgemeinmedizin\"},\"image\":{\"@id\":\"https:\\\/\\\/praxis-beylich.de\\\/#\\\/schema\\\/logo\\\/image\\\/\"}}]}<\/script>\n<!-- \/ Yoast SEO plugin. -->","yoast_head_json":{"title":"Telematik-Infrastruktur (TI) - PRAXIS F\u00dcR ALLGEMEINMEDIZIN","robots":{"index":"index","follow":"follow","max-snippet":"max-snippet:-1","max-image-preview":"max-image-preview:large","max-video-preview":"max-video-preview:-1"},"canonical":"https:\/\/praxis-beylich.de\/?page_id=2260","og_locale":"de_DE","og_type":"article","og_title":"Telematik-Infrastruktur (TI) - PRAXIS F\u00dcR ALLGEMEINMEDIZIN","og_description":"Ab 2019 ist sie Pflicht. Seit Juli 2018 haben wie sie. Gemeint ist die neue Telematik-Infrastruktur &#8211; eine weitere &#8222;Erleichterung&#8220; im t\u00e4glichen Praxisleben. Regierung, Krankenkassen und Kassen\u00e4rztliche Bundesvereinigung haben eigens daf\u00fcr eine neue Arbeitsgruppe geschaffen (Gematik), die seit dem Jahre 2006 j\u00e4hrlich gesch\u00e4tzte 240 Millionen Euro &#8222;verbr\u00e4t&#8220;. Die Idee, die dahinter steckt, ist so einfach &hellip; \u201eTelematik-Infrastruktur (TI)\u201c weiterlesen","og_url":"https:\/\/praxis-beylich.de\/?page_id=2260","og_site_name":"PRAXIS F\u00dcR ALLGEMEINMEDIZIN","article_modified_time":"2024-09-07T04:32:40+00:00","og_image":[{"url":"http:\/\/praxis-beylich.de\/wp-content\/uploads\/2018\/11\/images.jpeg","type":"","width":"","height":""}],"twitter_card":"summary_large_image","twitter_misc":{"Gesch\u00e4tzte Lesezeit":"7\u00a0Minuten"},"schema":{"@context":"https:\/\/schema.org","@graph":[{"@type":"WebPage","@id":"https:\/\/praxis-beylich.de\/?page_id=2260","url":"https:\/\/praxis-beylich.de\/?page_id=2260","name":"Telematik-Infrastruktur (TI) - PRAXIS F\u00dcR ALLGEMEINMEDIZIN","isPartOf":{"@id":"https:\/\/praxis-beylich.de\/#website"},"primaryImageOfPage":{"@id":"https:\/\/praxis-beylich.de\/?page_id=2260#primaryimage"},"image":{"@id":"https:\/\/praxis-beylich.de\/?page_id=2260#primaryimage"},"thumbnailUrl":"http:\/\/praxis-beylich.de\/wp-content\/uploads\/2018\/11\/images.jpeg","datePublished":"2023-05-17T14:41:22+00:00","dateModified":"2024-09-07T04:32:40+00:00","breadcrumb":{"@id":"https:\/\/praxis-beylich.de\/?page_id=2260#breadcrumb"},"inLanguage":"de","potentialAction":[{"@type":"ReadAction","target":["https:\/\/praxis-beylich.de\/?page_id=2260"]}]},{"@type":"ImageObject","inLanguage":"de","@id":"https:\/\/praxis-beylich.de\/?page_id=2260#primaryimage","url":"http:\/\/praxis-beylich.de\/wp-content\/uploads\/2018\/11\/images.jpeg","contentUrl":"http:\/\/praxis-beylich.de\/wp-content\/uploads\/2018\/11\/images.jpeg"},{"@type":"BreadcrumbList","@id":"https:\/\/praxis-beylich.de\/?page_id=2260#breadcrumb","itemListElement":[{"@type":"ListItem","position":1,"name":"Startseite","item":"https:\/\/praxis-beylich.de\/"},{"@type":"ListItem","position":2,"name":"Telematik-Infrastruktur (TI)"}]},{"@type":"WebSite","@id":"https:\/\/praxis-beylich.de\/#website","url":"https:\/\/praxis-beylich.de\/","name":"PRAXIS F\u00dcR ALLGEMEINMEDIZIN","description":"Dipl.-Med. Michael Beylich, Facharzt f\u00fcr Allgemeinmedizin, Notarzt, Badearzt, Akupunkturarzt","publisher":{"@id":"https:\/\/praxis-beylich.de\/#organization"},"potentialAction":[{"@type":"SearchAction","target":{"@type":"EntryPoint","urlTemplate":"https:\/\/praxis-beylich.de\/?s={search_term_string}"},"query-input":{"@type":"PropertyValueSpecification","valueRequired":true,"valueName":"search_term_string"}}],"inLanguage":"de"},{"@type":"Organization","@id":"https:\/\/praxis-beylich.de\/#organization","name":"Praxis f\u00fcr Allgemeinmedizin","url":"https:\/\/praxis-beylich.de\/","logo":{"@type":"ImageObject","inLanguage":"de","@id":"https:\/\/praxis-beylich.de\/#\/schema\/logo\/image\/","url":"http:\/\/praxis-beylich.de\/wp-content\/uploads\/2018\/01\/YinYang-1.png","contentUrl":"http:\/\/praxis-beylich.de\/wp-content\/uploads\/2018\/01\/YinYang-1.png","width":133,"height":134,"caption":"Praxis f\u00fcr Allgemeinmedizin"},"image":{"@id":"https:\/\/praxis-beylich.de\/#\/schema\/logo\/image\/"}}]}},"_links":{"self":[{"href":"https:\/\/praxis-beylich.de\/index.php?rest_route=\/wp\/v2\/pages\/2260","targetHints":{"allow":["GET"]}}],"collection":[{"href":"https:\/\/praxis-beylich.de\/index.php?rest_route=\/wp\/v2\/pages"}],"about":[{"href":"https:\/\/praxis-beylich.de\/index.php?rest_route=\/wp\/v2\/types\/page"}],"author":[{"embeddable":true,"href":"https:\/\/praxis-beylich.de\/index.php?rest_route=\/wp\/v2\/users\/1"}],"replies":[{"embeddable":true,"href":"https:\/\/praxis-beylich.de\/index.php?rest_route=%2Fwp%2Fv2%2Fcomments&post=2260"}],"version-history":[{"count":6,"href":"https:\/\/praxis-beylich.de\/index.php?rest_route=\/wp\/v2\/pages\/2260\/revisions"}],"predecessor-version":[{"id":2388,"href":"https:\/\/praxis-beylich.de\/index.php?rest_route=\/wp\/v2\/pages\/2260\/revisions\/2388"}],"wp:attachment":[{"href":"https:\/\/praxis-beylich.de\/index.php?rest_route=%2Fwp%2Fv2%2Fmedia&parent=2260"}],"curies":[{"name":"wp","href":"https:\/\/api.w.org\/{rel}","templated":true}]}}