{"id":456,"date":"2018-02-06T18:12:31","date_gmt":"2018-02-06T18:12:31","guid":{"rendered":"http:\/\/praxis-beylich.de\/?page_id=456"},"modified":"2024-04-25T10:42:56","modified_gmt":"2024-04-25T08:42:56","slug":"ohr-akupunktur","status":"publish","type":"page","link":"https:\/\/praxis-beylich.de\/?page_id=456","title":{"rendered":"Ohr-Akupunktur"},"content":{"rendered":"<p><strong>Ohrakupunktur<\/strong><\/p>\n<p>In der Ohrakupunktur gibt es zwei grunds\u00e4tzliche Richtungen: die chinesische und die franz\u00f6sische Schule. Sie unterscheiden sich in Bezug auf die Punktelokalisation wie auch hinsichtlich der diagnostischen und therapeutischen Ans\u00e4tze. Wir wenden die franz\u00f6sische Methode an.<\/p>\n<p>Der franz\u00f6siche Arzt Dr. Paul Nogier entdeckte und entwickelte vor etwa 40 Jahren die (franz\u00f6sische) Ohrakupunktur. Die Ohroberfl\u00e4che bildet eine Reflexzone, auf der alle Organe des K\u00f6rpers abgebildet sind. Zusammenh\u00e4ngend ergibt sich ein auf dem Kopf stehender Embryo (s. Abb.).<\/p>\n<p>Die Untersuchung der Ohrreflexzonen erlaubt eine genaue Aussage dar\u00fcber, wo Schmerzen bestehen oder welche Organe des K\u00f6rpers bei unklaren Schmerzen betroffen sind. Au\u00dferdem kann man weitere St\u00f6rungen im K\u00f6rper ausfindig machen, die einen Heilungsprozess verz\u00f6gern oder sogar ganz verhindern k\u00f6nnen. Dies sind die sogenannten <strong>St\u00f6rherde, <\/strong>die auf den ersten Blick mit dem eigentlichen Krankheitsgeschehen gar nichts zu tun haben und von denen der Patient oftmals gar nichts merkt. Diese Herde k\u00f6nnen jedoch so negativ auf den K\u00f6rper wirken, dass er eher bereit ist, krank zu werden. Auch eine schon bestehende Krankheit wird daran \u201egehindert&#8220;, auf die \u00fcblichen Therapien zu reagieren &#8211; der K\u00f6rper wird sie nicht los.<\/p>\n<p>Solche Herde k\u00f6nnen z.B. sein: tote oder eitrige Z\u00e4hne, chronisch entz\u00fcndete Kieferh\u00f6hlen, entz\u00fcndete Mandeln und alle sonstigen Entz\u00fcndungen. Au\u00dferdem kann jede Narbe zum St\u00f6rfeld werden. Jede Narbe <strong>kann, <\/strong>muss aber nicht st\u00f6ren. Durch die Untersuchung der Ohrreflexzonen ist es dem Arzt m\u00f6glich, genau festzustellen, ob und welche Narbe zum St\u00f6rfeld geworden ist. Er kann auch feststellen, ob vielleicht irgendwo im K\u00f6rper eine Entz\u00fcndung vorliegt oder eine Giftbelastung (z.B. Quecksilberbelastung durch Amalgamf\u00fcllungen). Ohne die Mitbehandlung eines vorhandenen St\u00f6rherdes ist eine erfolgreiche Heilung nicht m\u00f6glich. Die Untersuchung erfolgt durch Messung von Spannungsdifferenzen an der Ohroberfl\u00e4che. Es werden die einzelnen Punkte der Organe auf elektrische Ver\u00e4nderungen gepr\u00fcft. Die Ohrmuschel ist sozusagen ein k\u00f6rpereigenes Diagnosezentrum, weil die Korrespondenzpunkte von K\u00f6rperteilen und Organen am Ohr nur dann erscheinen, wenn am fraglichen Organ eine St\u00f6rung vorliegt. Ist also auf der Ohrmuschel der Leberpunkt elektrisch ver\u00e4ndert, dann bedeutet dies eine St\u00f6rung im Bereich der Leber.<\/p>\n<p>Die Behandlung geschieht durch Stechen von Nadeln in die notwendigen Punkte am Ohr, gegebenenfalls zus\u00e4tzlich am K\u00f6rper. Kinder werden nicht gestochen, sondern mit dem Laserger\u00e4t an den betroffenen Ohrpunkten bestrahlt. Alle Reize oder Signale, die durch Ohrakupunktur ausgel\u00f6st werden, gelangen \u00fcber das Zwischenhirn zu den zugeh\u00f6rigen K\u00f6rperteilen, die diese Kommandos, eben weil sie vom Gehirn kommen, strikt befolgen. Die Ohr-Akupunktur bedient sich also stets der Steuerzentrale des Menschen, des Gehirns.<\/p>\n<p>Behandelt werden k\u00f6nnen durch Ohr- und auch durch K\u00f6rper-Akupunktur alle Erkrankungen, die auf eine gest\u00f6rte (nicht zerst\u00f6rte) Organfunktion zur\u00fcckzuf\u00fchren sind: Migr\u00e4ne, Schlaflosigkeit, Depression, Suchtkrankheiten, Verdauungsprobleme, vegetative Beschwerden, Rheuma, die meisten Schmerzzust\u00e4nde wie Tennisellenbogen, Schulter-, R\u00fccken-und Nackenschmerzen.<\/p>\n<p>Manche Patienten empfinden sofort Erleichterung, andere brauchen Tage dazu, etwa vier oder f\u00fcnf Behandlungen, bevor sie eine Besserung versp\u00fcren. Manche Menschen sp\u00fcren so etwas wie schwebende Leichtigkeit nach einer Behandlung, und fast alle f\u00fchlen sich danach sehr entspannt.<\/p>\n<p>Nicht behandelt werden k\u00f6nnen selbstverst\u00e4ndlich zerst\u00f6rte Strukturen wie z. B. kari\u00f6se Z\u00e4hne. Auch eine H\u00fcftgelenksarthrose l\u00e4\u00dft sich nicht mehr r\u00fcckg\u00e4ngig machen &#8211; durch eine Akupunkturbehandlung kann jedoch die Durchblutung des Gelenkes gesteigert und somit k\u00f6nnen die Schmerzen beeinflu\u00dft werden. Sowenig die Akupunktur Gallen- oder Nierensteine aufl\u00f6sen kann, sowenig vermag sie Knochenbr\u00fcche zu heilen. Nach einer Operation kann sie jedoch die Schmerzen nehmen. Notfallm\u00e4\u00dfig darf akupunktiert werden bei Herzschmerzen, Gallenkoliken, Nierenkoliken, Zahnschmerzen, Asthmaanf\u00e4llen, aber nur zus\u00e4tzlich zur \u00fcblichen schulmedizinischen Behandlung.<\/p>\n<p>Sowohl die K\u00f6rper- als auch die Ohr-Akupunktur ist eine wirkungsvolle Behandlungsform, die, wenn sie richtig durchgef\u00fchrt wird, keine Risiken und Nebenwirkungen hat. Sie sollte jedoch ausschlie\u00dflich in Verbindung mit einer klinischen Diagnostik, wie sie nur der Arzt vornehmen kann, erfolgen.<\/p>\n<p><img fetchpriority=\"high\" decoding=\"async\" class=\"alignnone size-full wp-image-460\" src=\"https:\/\/praxis-beylich.de\/wp-content\/uploads\/2018\/02\/Ohr-Akupunktur-web.png\" alt=\"\" width=\"2015\" height=\"2362\" srcset=\"https:\/\/praxis-beylich.de\/wp-content\/uploads\/2018\/02\/Ohr-Akupunktur-web.png 2015w, https:\/\/praxis-beylich.de\/wp-content\/uploads\/2018\/02\/Ohr-Akupunktur-web-256x300.png 256w, https:\/\/praxis-beylich.de\/wp-content\/uploads\/2018\/02\/Ohr-Akupunktur-web-768x900.png 768w, https:\/\/praxis-beylich.de\/wp-content\/uploads\/2018\/02\/Ohr-Akupunktur-web-874x1024.png 874w\" sizes=\"(max-width: 767px) 89vw, (max-width: 1000px) 54vw, (max-width: 1071px) 543px, 580px\" \/><\/p>\n","protected":false},"excerpt":{"rendered":"<p>Ohrakupunktur In der Ohrakupunktur gibt es zwei grunds\u00e4tzliche Richtungen: die chinesische und die franz\u00f6sische Schule. Sie unterscheiden sich in Bezug auf die Punktelokalisation wie auch hinsichtlich der diagnostischen und therapeutischen Ans\u00e4tze. Wir wenden die franz\u00f6sische Methode an. Der franz\u00f6siche Arzt Dr. Paul Nogier entdeckte und entwickelte vor etwa 40 Jahren die (franz\u00f6sische) Ohrakupunktur. Die Ohroberfl\u00e4che &hellip; <\/p>\n<p class=\"link-more\"><a href=\"https:\/\/praxis-beylich.de\/?page_id=456\" class=\"more-link\"><span class=\"screen-reader-text\">\u201eOhr-Akupunktur\u201c <\/span>weiterlesen<\/a><\/p>\n","protected":false},"author":1,"featured_media":0,"parent":0,"menu_order":0,"comment_status":"closed","ping_status":"closed","template":"","meta":{"_monsterinsights_skip_tracking":false,"_monsterinsights_sitenote_active":false,"_monsterinsights_sitenote_note":"","_monsterinsights_sitenote_category":0,"footnotes":""},"class_list":["post-456","page","type-page","status-publish","hentry"],"yoast_head":"<!-- This site is optimized with the Yoast SEO plugin v27.4 - https:\/\/yoast.com\/product\/yoast-seo-wordpress\/ -->\n<title>Ohr-Akupunktur - PRAXIS F\u00dcR ALLGEMEINMEDIZIN<\/title>\n<meta name=\"robots\" content=\"index, follow, max-snippet:-1, max-image-preview:large, max-video-preview:-1\" \/>\n<link rel=\"canonical\" href=\"https:\/\/praxis-beylich.de\/?page_id=456\" \/>\n<meta property=\"og:locale\" content=\"de_DE\" \/>\n<meta property=\"og:type\" content=\"article\" \/>\n<meta property=\"og:title\" content=\"Ohr-Akupunktur - PRAXIS F\u00dcR ALLGEMEINMEDIZIN\" \/>\n<meta property=\"og:description\" content=\"Ohrakupunktur In der Ohrakupunktur gibt es zwei grunds\u00e4tzliche Richtungen: die chinesische und die franz\u00f6sische Schule. Sie unterscheiden sich in Bezug auf die Punktelokalisation wie auch hinsichtlich der diagnostischen und therapeutischen Ans\u00e4tze. Wir wenden die franz\u00f6sische Methode an. Der franz\u00f6siche Arzt Dr. Paul Nogier entdeckte und entwickelte vor etwa 40 Jahren die (franz\u00f6sische) Ohrakupunktur. Die Ohroberfl\u00e4che &hellip; \u201eOhr-Akupunktur\u201c weiterlesen\" \/>\n<meta property=\"og:url\" content=\"https:\/\/praxis-beylich.de\/?page_id=456\" \/>\n<meta property=\"og:site_name\" content=\"PRAXIS F\u00dcR ALLGEMEINMEDIZIN\" \/>\n<meta property=\"article:modified_time\" content=\"2024-04-25T08:42:56+00:00\" \/>\n<meta property=\"og:image\" content=\"http:\/\/praxis-beylich.de\/wp-content\/uploads\/2018\/02\/Ohr-Akupunktur-web.png\" \/>\n<meta name=\"twitter:card\" content=\"summary_large_image\" \/>\n<meta name=\"twitter:label1\" content=\"Gesch\u00e4tzte Lesezeit\" \/>\n\t<meta name=\"twitter:data1\" content=\"4\u00a0Minuten\" \/>\n<script type=\"application\/ld+json\" class=\"yoast-schema-graph\">{\"@context\":\"https:\\\/\\\/schema.org\",\"@graph\":[{\"@type\":\"WebPage\",\"@id\":\"https:\\\/\\\/praxis-beylich.de\\\/?page_id=456\",\"url\":\"https:\\\/\\\/praxis-beylich.de\\\/?page_id=456\",\"name\":\"Ohr-Akupunktur - PRAXIS F\u00dcR ALLGEMEINMEDIZIN\",\"isPartOf\":{\"@id\":\"https:\\\/\\\/praxis-beylich.de\\\/#website\"},\"primaryImageOfPage\":{\"@id\":\"https:\\\/\\\/praxis-beylich.de\\\/?page_id=456#primaryimage\"},\"image\":{\"@id\":\"https:\\\/\\\/praxis-beylich.de\\\/?page_id=456#primaryimage\"},\"thumbnailUrl\":\"http:\\\/\\\/praxis-beylich.de\\\/wp-content\\\/uploads\\\/2018\\\/02\\\/Ohr-Akupunktur-web.png\",\"datePublished\":\"2018-02-06T18:12:31+00:00\",\"dateModified\":\"2024-04-25T08:42:56+00:00\",\"breadcrumb\":{\"@id\":\"https:\\\/\\\/praxis-beylich.de\\\/?page_id=456#breadcrumb\"},\"inLanguage\":\"de\",\"potentialAction\":[{\"@type\":\"ReadAction\",\"target\":[\"https:\\\/\\\/praxis-beylich.de\\\/?page_id=456\"]}]},{\"@type\":\"ImageObject\",\"inLanguage\":\"de\",\"@id\":\"https:\\\/\\\/praxis-beylich.de\\\/?page_id=456#primaryimage\",\"url\":\"https:\\\/\\\/praxis-beylich.de\\\/wp-content\\\/uploads\\\/2018\\\/02\\\/Ohr-Akupunktur-web.png\",\"contentUrl\":\"https:\\\/\\\/praxis-beylich.de\\\/wp-content\\\/uploads\\\/2018\\\/02\\\/Ohr-Akupunktur-web.png\",\"width\":2015,\"height\":2362},{\"@type\":\"BreadcrumbList\",\"@id\":\"https:\\\/\\\/praxis-beylich.de\\\/?page_id=456#breadcrumb\",\"itemListElement\":[{\"@type\":\"ListItem\",\"position\":1,\"name\":\"Startseite\",\"item\":\"https:\\\/\\\/praxis-beylich.de\\\/\"},{\"@type\":\"ListItem\",\"position\":2,\"name\":\"Ohr-Akupunktur\"}]},{\"@type\":\"WebSite\",\"@id\":\"https:\\\/\\\/praxis-beylich.de\\\/#website\",\"url\":\"https:\\\/\\\/praxis-beylich.de\\\/\",\"name\":\"PRAXIS F\u00dcR ALLGEMEINMEDIZIN\",\"description\":\"Dipl.-Med. Michael Beylich, Facharzt f\u00fcr Allgemeinmedizin, Notarzt, Badearzt, Akupunkturarzt\",\"publisher\":{\"@id\":\"https:\\\/\\\/praxis-beylich.de\\\/#organization\"},\"potentialAction\":[{\"@type\":\"SearchAction\",\"target\":{\"@type\":\"EntryPoint\",\"urlTemplate\":\"https:\\\/\\\/praxis-beylich.de\\\/?s={search_term_string}\"},\"query-input\":{\"@type\":\"PropertyValueSpecification\",\"valueRequired\":true,\"valueName\":\"search_term_string\"}}],\"inLanguage\":\"de\"},{\"@type\":\"Organization\",\"@id\":\"https:\\\/\\\/praxis-beylich.de\\\/#organization\",\"name\":\"Praxis f\u00fcr Allgemeinmedizin\",\"url\":\"https:\\\/\\\/praxis-beylich.de\\\/\",\"logo\":{\"@type\":\"ImageObject\",\"inLanguage\":\"de\",\"@id\":\"https:\\\/\\\/praxis-beylich.de\\\/#\\\/schema\\\/logo\\\/image\\\/\",\"url\":\"http:\\\/\\\/praxis-beylich.de\\\/wp-content\\\/uploads\\\/2018\\\/01\\\/YinYang-1.png\",\"contentUrl\":\"http:\\\/\\\/praxis-beylich.de\\\/wp-content\\\/uploads\\\/2018\\\/01\\\/YinYang-1.png\",\"width\":133,\"height\":134,\"caption\":\"Praxis f\u00fcr Allgemeinmedizin\"},\"image\":{\"@id\":\"https:\\\/\\\/praxis-beylich.de\\\/#\\\/schema\\\/logo\\\/image\\\/\"}}]}<\/script>\n<!-- \/ Yoast SEO plugin. -->","yoast_head_json":{"title":"Ohr-Akupunktur - PRAXIS F\u00dcR ALLGEMEINMEDIZIN","robots":{"index":"index","follow":"follow","max-snippet":"max-snippet:-1","max-image-preview":"max-image-preview:large","max-video-preview":"max-video-preview:-1"},"canonical":"https:\/\/praxis-beylich.de\/?page_id=456","og_locale":"de_DE","og_type":"article","og_title":"Ohr-Akupunktur - PRAXIS F\u00dcR ALLGEMEINMEDIZIN","og_description":"Ohrakupunktur In der Ohrakupunktur gibt es zwei grunds\u00e4tzliche Richtungen: die chinesische und die franz\u00f6sische Schule. Sie unterscheiden sich in Bezug auf die Punktelokalisation wie auch hinsichtlich der diagnostischen und therapeutischen Ans\u00e4tze. Wir wenden die franz\u00f6sische Methode an. Der franz\u00f6siche Arzt Dr. Paul Nogier entdeckte und entwickelte vor etwa 40 Jahren die (franz\u00f6sische) Ohrakupunktur. Die Ohroberfl\u00e4che &hellip; \u201eOhr-Akupunktur\u201c weiterlesen","og_url":"https:\/\/praxis-beylich.de\/?page_id=456","og_site_name":"PRAXIS F\u00dcR ALLGEMEINMEDIZIN","article_modified_time":"2024-04-25T08:42:56+00:00","og_image":[{"url":"http:\/\/praxis-beylich.de\/wp-content\/uploads\/2018\/02\/Ohr-Akupunktur-web.png","type":"","width":"","height":""}],"twitter_card":"summary_large_image","twitter_misc":{"Gesch\u00e4tzte Lesezeit":"4\u00a0Minuten"},"schema":{"@context":"https:\/\/schema.org","@graph":[{"@type":"WebPage","@id":"https:\/\/praxis-beylich.de\/?page_id=456","url":"https:\/\/praxis-beylich.de\/?page_id=456","name":"Ohr-Akupunktur - PRAXIS F\u00dcR ALLGEMEINMEDIZIN","isPartOf":{"@id":"https:\/\/praxis-beylich.de\/#website"},"primaryImageOfPage":{"@id":"https:\/\/praxis-beylich.de\/?page_id=456#primaryimage"},"image":{"@id":"https:\/\/praxis-beylich.de\/?page_id=456#primaryimage"},"thumbnailUrl":"http:\/\/praxis-beylich.de\/wp-content\/uploads\/2018\/02\/Ohr-Akupunktur-web.png","datePublished":"2018-02-06T18:12:31+00:00","dateModified":"2024-04-25T08:42:56+00:00","breadcrumb":{"@id":"https:\/\/praxis-beylich.de\/?page_id=456#breadcrumb"},"inLanguage":"de","potentialAction":[{"@type":"ReadAction","target":["https:\/\/praxis-beylich.de\/?page_id=456"]}]},{"@type":"ImageObject","inLanguage":"de","@id":"https:\/\/praxis-beylich.de\/?page_id=456#primaryimage","url":"https:\/\/praxis-beylich.de\/wp-content\/uploads\/2018\/02\/Ohr-Akupunktur-web.png","contentUrl":"https:\/\/praxis-beylich.de\/wp-content\/uploads\/2018\/02\/Ohr-Akupunktur-web.png","width":2015,"height":2362},{"@type":"BreadcrumbList","@id":"https:\/\/praxis-beylich.de\/?page_id=456#breadcrumb","itemListElement":[{"@type":"ListItem","position":1,"name":"Startseite","item":"https:\/\/praxis-beylich.de\/"},{"@type":"ListItem","position":2,"name":"Ohr-Akupunktur"}]},{"@type":"WebSite","@id":"https:\/\/praxis-beylich.de\/#website","url":"https:\/\/praxis-beylich.de\/","name":"PRAXIS F\u00dcR ALLGEMEINMEDIZIN","description":"Dipl.-Med. Michael Beylich, Facharzt f\u00fcr Allgemeinmedizin, Notarzt, Badearzt, Akupunkturarzt","publisher":{"@id":"https:\/\/praxis-beylich.de\/#organization"},"potentialAction":[{"@type":"SearchAction","target":{"@type":"EntryPoint","urlTemplate":"https:\/\/praxis-beylich.de\/?s={search_term_string}"},"query-input":{"@type":"PropertyValueSpecification","valueRequired":true,"valueName":"search_term_string"}}],"inLanguage":"de"},{"@type":"Organization","@id":"https:\/\/praxis-beylich.de\/#organization","name":"Praxis f\u00fcr Allgemeinmedizin","url":"https:\/\/praxis-beylich.de\/","logo":{"@type":"ImageObject","inLanguage":"de","@id":"https:\/\/praxis-beylich.de\/#\/schema\/logo\/image\/","url":"http:\/\/praxis-beylich.de\/wp-content\/uploads\/2018\/01\/YinYang-1.png","contentUrl":"http:\/\/praxis-beylich.de\/wp-content\/uploads\/2018\/01\/YinYang-1.png","width":133,"height":134,"caption":"Praxis f\u00fcr Allgemeinmedizin"},"image":{"@id":"https:\/\/praxis-beylich.de\/#\/schema\/logo\/image\/"}}]}},"_links":{"self":[{"href":"https:\/\/praxis-beylich.de\/index.php?rest_route=\/wp\/v2\/pages\/456","targetHints":{"allow":["GET"]}}],"collection":[{"href":"https:\/\/praxis-beylich.de\/index.php?rest_route=\/wp\/v2\/pages"}],"about":[{"href":"https:\/\/praxis-beylich.de\/index.php?rest_route=\/wp\/v2\/types\/page"}],"author":[{"embeddable":true,"href":"https:\/\/praxis-beylich.de\/index.php?rest_route=\/wp\/v2\/users\/1"}],"replies":[{"embeddable":true,"href":"https:\/\/praxis-beylich.de\/index.php?rest_route=%2Fwp%2Fv2%2Fcomments&post=456"}],"version-history":[{"count":3,"href":"https:\/\/praxis-beylich.de\/index.php?rest_route=\/wp\/v2\/pages\/456\/revisions"}],"predecessor-version":[{"id":2304,"href":"https:\/\/praxis-beylich.de\/index.php?rest_route=\/wp\/v2\/pages\/456\/revisions\/2304"}],"wp:attachment":[{"href":"https:\/\/praxis-beylich.de\/index.php?rest_route=%2Fwp%2Fv2%2Fmedia&parent=456"}],"curies":[{"name":"wp","href":"https:\/\/api.w.org\/{rel}","templated":true}]}}