{"id":814,"date":"2018-03-13T11:59:06","date_gmt":"2018-03-13T11:59:06","guid":{"rendered":"http:\/\/praxis-beylich.de\/?page_id=814"},"modified":"2024-02-06T22:11:04","modified_gmt":"2024-02-06T21:11:04","slug":"diagnose-und-behandlung-durch-handauflegen","status":"publish","type":"page","link":"https:\/\/praxis-beylich.de\/?page_id=814","title":{"rendered":"Diagnose und Behandlung durch &#8222;Handauflegen&#8220;"},"content":{"rendered":"<p>Wer die Diagnose &#8222;unspezifischer R\u00fcckenschmerz&#8220; bekommt, hat ein Problem. Er erf\u00e4hrt die Ursache seiner Beschwerden nie, denn die Beschwerden sind nicht morphologisch, durch organische Ver\u00e4nderungen bedingt.<br \/>\nBei einem sehr grossen Teil unserer Patienten (etwa 75% aller Schmerzen des unteren R\u00fcckens) m\u00fcssen wir leider die Diagnose &#8222;unspezifischer R\u00fcckenschmerz&#8220; stellen, weil die Ursache weniger in &#8222;Abnutzungserscheinungen&#8220; liegt, sondern ihre Ursachen eher in sogenannten Muskelverspannungen (&#8222;Weichteilrheuma&#8220; im Volksmund) zu suchen sind. Durch diese Muskelverspannungen entsteht kr\u00e4ftem\u00e4\u00dfig ein Ungleichgewicht zwischen gegens\u00e4tzlich arbeitenden Muskeln. Dadurch kommt es zu teilweisen \u00dcberlastungen der Muskeln, die diesem Zug oder Druck &#8222;nichts dagegen halten&#8220; k\u00f6nnen. Sie m\u00fcssen sich st\u00e4ndig anspannen, werden schlechter durchblutet und kommen in einen Sauerstoffmangel. Die Folge ist eine Stoffwechselumstellung und die Bildung saurer Stoffwechselprodukte. Es kommt zum Muskelschmerz, den als normale Reaktion auf st\u00e4rkere Belastungen jeder kennt: Muskelkater.<br \/>\nBleibt dem Muskel aber zwischendurch keine Zeit, sich wieder zu entspannen, normalisiert sich auch der Stoffwechsel nicht, und der Muskelschmerz bleibt oder verschlechtert sich weiter.<br \/>\nEin zweiter Punkt, der nun eine Rolle spielt, ist, dass durch das Muskelungleichgewicht auf Gelenke und B\u00e4nder ein unphysiologischer Zug ausge\u00fcbt wird, so dass es zur &#8222;Verschiebung&#8220; in einzelnen Gelenken kommen kann. Diese Verschiebungen sind in der Regel minimal, aber die Folgen in Bezug auf Schmerzempfinden und Funktion der Gelenke sind teilweise gravierend. Der Volksmund bezeichnet diesen Zustand als &#8222;ausgerenkt&#8220;, der Fachmann nennt es richtiger Blockierungen.<br \/>\nBei der manuellen Diagnostik tastet der Arzt den Patienten ab und f\u00fchlt, ob Wirbelgelenke, Muskulatur und Gewebe in Ordnung sind und zum Beispiel nichts hart oder verspannt ist. So l\u00e4sst sich feststellen, ob etwa das Gelenkspiel gest\u00f6rt ist. Normalerweise hat jedes Gelenk einen gewissen Bewegungsrahmen. Gibt es dagegen einen harten Anschlag, sprechen wir von einer Blockierung. Der Patient nimmt oft gar keine Bewegungseinschr\u00e4nkung war. Was er sp\u00fcrt, ist der Schmerzkreis, der sich um die Blockierung bildet. Oft verspannt die Muskulatur &#8211; ein Zeichen, dass im K\u00f6rper etwas nicht stimmt, er zum Beispiel einseitig be- oder \u00fcberlastet wird.<br \/>\nDass in diesen F\u00e4llen trotzdem oft auf bildgebende Verfahren gesetzt wird &#8211; sowohl vom Mediziner als auch vom Patienten gefordert &#8211; ist ein Ph\u00e4nomen, das generell in der Medizin gilt, aber besonders dann, wenn es um Gelenke, Knochen und Muskeln geht. Oft findet man mit der R\u00f6ntgen-Technik etwas, das v\u00f6llig irrelevant ist und keine Auswirkungen auf den K\u00f6rper hat. Trotzdem wird es behandelt. Dabei f\u00e4llt die eigentliche Ursache unter den Tisch. Sie liegt eben oft in der Muskulatur, die nicht gut funktioniert, weil sie zu schwach oder im Ungleichgewicht ist. Jungen Menschen geht es fast immer gut, sie sind fit und leistungsf\u00e4hig. Werden wir \u00e4lter, wird unsere Muskulatur schw\u00e4cher, wenn wir nicht trainieren.<br \/>\nBeim Muskel-Aufbau-Training (zum Beispiel Kieser-Training) geben Funktionstests und die wissenschaftlich fundierte R\u00fcckenanalyse Auskunft \u00fcber die Beweglichkeit der Wirbels\u00e4ule und Kraftdefizite der tiefen R\u00fcckenstrecker. Die R\u00fcckenstrecker sind es ja, die unsere Wirbels\u00e4ule ma\u00dfgeblich stabilisieren.<br \/>\nDurch das Muskelkorsett werden Wirbelk\u00f6rper, Gelenke und Bandscheiben entlastet. Und eine starke Muskulatur sch\u00fctzt uns vor irreversiblen Sch\u00e4den beispielsweise am Knorpel. Im Training l\u00f6sen sich viele Blockierungen und Verspannungen. Die Patienten gewinnen meist an Stabilit\u00e4t und Balance, dann tritt so eine Blockierung oder Muskelverspannung im Idealfall gar nicht mehr auf. L\u00f6sen sich die Blockierungen nicht, kann die manuelle Medizin helfen. Dabei wird sanft mit Druck und Zug gearbeitet. Ziel ist es, durch Mobilisation das Gelenkspiel wiederherzustellen und damit die Blockierung zu l\u00f6sen oder die Muskulatur durch bewusstes An- und Entspannen zu lockern. Am besten ist es nat\u00fcrlich, gar nicht erst zu warten, bis man Probleme bekommt, sondern schon vorher zu trainieren. Um sich die Gesundheit zu erhalten, kommt niemand um Krafttraining herum.<\/p>\n","protected":false},"excerpt":{"rendered":"<p>Wer die Diagnose &#8222;unspezifischer R\u00fcckenschmerz&#8220; bekommt, hat ein Problem. Er erf\u00e4hrt die Ursache seiner Beschwerden nie, denn die Beschwerden sind nicht morphologisch, durch organische Ver\u00e4nderungen bedingt. Bei einem sehr grossen Teil unserer Patienten (etwa 75% aller Schmerzen des unteren R\u00fcckens) m\u00fcssen wir leider die Diagnose &#8222;unspezifischer R\u00fcckenschmerz&#8220; stellen, weil die Ursache weniger in &#8222;Abnutzungserscheinungen&#8220; liegt, &hellip; <\/p>\n<p class=\"link-more\"><a href=\"https:\/\/praxis-beylich.de\/?page_id=814\" class=\"more-link\"><span class=\"screen-reader-text\">\u201eDiagnose und Behandlung durch &#8222;Handauflegen&#8220;\u201c <\/span>weiterlesen<\/a><\/p>\n","protected":false},"author":1,"featured_media":820,"parent":0,"menu_order":0,"comment_status":"closed","ping_status":"closed","template":"","meta":{"_monsterinsights_skip_tracking":false,"_monsterinsights_sitenote_active":false,"_monsterinsights_sitenote_note":"","_monsterinsights_sitenote_category":0,"footnotes":""},"class_list":["post-814","page","type-page","status-publish","has-post-thumbnail","hentry"],"yoast_head":"<!-- This site is optimized with the Yoast SEO plugin v27.4 - https:\/\/yoast.com\/product\/yoast-seo-wordpress\/ -->\n<title>Diagnose und Behandlung durch &quot;Handauflegen&quot; - PRAXIS F\u00dcR ALLGEMEINMEDIZIN<\/title>\n<meta name=\"robots\" content=\"index, follow, max-snippet:-1, max-image-preview:large, max-video-preview:-1\" \/>\n<link rel=\"canonical\" href=\"https:\/\/praxis-beylich.de\/?page_id=814\" \/>\n<meta property=\"og:locale\" content=\"de_DE\" \/>\n<meta property=\"og:type\" content=\"article\" \/>\n<meta property=\"og:title\" content=\"Diagnose und Behandlung durch &quot;Handauflegen&quot; - PRAXIS F\u00dcR ALLGEMEINMEDIZIN\" \/>\n<meta property=\"og:description\" content=\"Wer die Diagnose &#8222;unspezifischer R\u00fcckenschmerz&#8220; bekommt, hat ein Problem. Er erf\u00e4hrt die Ursache seiner Beschwerden nie, denn die Beschwerden sind nicht morphologisch, durch organische Ver\u00e4nderungen bedingt. Bei einem sehr grossen Teil unserer Patienten (etwa 75% aller Schmerzen des unteren R\u00fcckens) m\u00fcssen wir leider die Diagnose &#8222;unspezifischer R\u00fcckenschmerz&#8220; stellen, weil die Ursache weniger in &#8222;Abnutzungserscheinungen&#8220; liegt, &hellip; \u201eDiagnose und Behandlung durch &#8222;Handauflegen&#8220;\u201c weiterlesen\" \/>\n<meta property=\"og:url\" content=\"https:\/\/praxis-beylich.de\/?page_id=814\" \/>\n<meta property=\"og:site_name\" content=\"PRAXIS F\u00dcR ALLGEMEINMEDIZIN\" \/>\n<meta property=\"article:modified_time\" content=\"2024-02-06T21:11:04+00:00\" \/>\n<meta property=\"og:image\" content=\"https:\/\/praxis-beylich.de\/wp-content\/uploads\/2018\/03\/MT-Kieser-e1521014827194.png\" \/>\n\t<meta property=\"og:image:width\" content=\"260\" \/>\n\t<meta property=\"og:image:height\" content=\"220\" \/>\n\t<meta property=\"og:image:type\" content=\"image\/png\" \/>\n<meta name=\"twitter:card\" content=\"summary_large_image\" \/>\n<meta name=\"twitter:label1\" content=\"Gesch\u00e4tzte Lesezeit\" \/>\n\t<meta name=\"twitter:data1\" content=\"4\u00a0Minuten\" \/>\n<script type=\"application\/ld+json\" class=\"yoast-schema-graph\">{\"@context\":\"https:\\\/\\\/schema.org\",\"@graph\":[{\"@type\":\"WebPage\",\"@id\":\"https:\\\/\\\/praxis-beylich.de\\\/?page_id=814\",\"url\":\"https:\\\/\\\/praxis-beylich.de\\\/?page_id=814\",\"name\":\"Diagnose und Behandlung durch \\\"Handauflegen\\\" - PRAXIS F\u00dcR ALLGEMEINMEDIZIN\",\"isPartOf\":{\"@id\":\"https:\\\/\\\/praxis-beylich.de\\\/#website\"},\"primaryImageOfPage\":{\"@id\":\"https:\\\/\\\/praxis-beylich.de\\\/?page_id=814#primaryimage\"},\"image\":{\"@id\":\"https:\\\/\\\/praxis-beylich.de\\\/?page_id=814#primaryimage\"},\"thumbnailUrl\":\"https:\\\/\\\/praxis-beylich.de\\\/wp-content\\\/uploads\\\/2018\\\/03\\\/MT-Kieser-e1521014827194.png\",\"datePublished\":\"2018-03-13T11:59:06+00:00\",\"dateModified\":\"2024-02-06T21:11:04+00:00\",\"breadcrumb\":{\"@id\":\"https:\\\/\\\/praxis-beylich.de\\\/?page_id=814#breadcrumb\"},\"inLanguage\":\"de\",\"potentialAction\":[{\"@type\":\"ReadAction\",\"target\":[\"https:\\\/\\\/praxis-beylich.de\\\/?page_id=814\"]}]},{\"@type\":\"ImageObject\",\"inLanguage\":\"de\",\"@id\":\"https:\\\/\\\/praxis-beylich.de\\\/?page_id=814#primaryimage\",\"url\":\"https:\\\/\\\/praxis-beylich.de\\\/wp-content\\\/uploads\\\/2018\\\/03\\\/MT-Kieser-e1521014827194.png\",\"contentUrl\":\"https:\\\/\\\/praxis-beylich.de\\\/wp-content\\\/uploads\\\/2018\\\/03\\\/MT-Kieser-e1521014827194.png\",\"width\":260,\"height\":220},{\"@type\":\"BreadcrumbList\",\"@id\":\"https:\\\/\\\/praxis-beylich.de\\\/?page_id=814#breadcrumb\",\"itemListElement\":[{\"@type\":\"ListItem\",\"position\":1,\"name\":\"Startseite\",\"item\":\"https:\\\/\\\/praxis-beylich.de\\\/\"},{\"@type\":\"ListItem\",\"position\":2,\"name\":\"Diagnose und Behandlung durch &#8222;Handauflegen&#8220;\"}]},{\"@type\":\"WebSite\",\"@id\":\"https:\\\/\\\/praxis-beylich.de\\\/#website\",\"url\":\"https:\\\/\\\/praxis-beylich.de\\\/\",\"name\":\"PRAXIS F\u00dcR ALLGEMEINMEDIZIN\",\"description\":\"Dipl.-Med. Michael Beylich, Facharzt f\u00fcr Allgemeinmedizin, Notarzt, Badearzt, Akupunkturarzt\",\"publisher\":{\"@id\":\"https:\\\/\\\/praxis-beylich.de\\\/#organization\"},\"potentialAction\":[{\"@type\":\"SearchAction\",\"target\":{\"@type\":\"EntryPoint\",\"urlTemplate\":\"https:\\\/\\\/praxis-beylich.de\\\/?s={search_term_string}\"},\"query-input\":{\"@type\":\"PropertyValueSpecification\",\"valueRequired\":true,\"valueName\":\"search_term_string\"}}],\"inLanguage\":\"de\"},{\"@type\":\"Organization\",\"@id\":\"https:\\\/\\\/praxis-beylich.de\\\/#organization\",\"name\":\"Praxis f\u00fcr Allgemeinmedizin\",\"url\":\"https:\\\/\\\/praxis-beylich.de\\\/\",\"logo\":{\"@type\":\"ImageObject\",\"inLanguage\":\"de\",\"@id\":\"https:\\\/\\\/praxis-beylich.de\\\/#\\\/schema\\\/logo\\\/image\\\/\",\"url\":\"http:\\\/\\\/praxis-beylich.de\\\/wp-content\\\/uploads\\\/2018\\\/01\\\/YinYang-1.png\",\"contentUrl\":\"http:\\\/\\\/praxis-beylich.de\\\/wp-content\\\/uploads\\\/2018\\\/01\\\/YinYang-1.png\",\"width\":133,\"height\":134,\"caption\":\"Praxis f\u00fcr Allgemeinmedizin\"},\"image\":{\"@id\":\"https:\\\/\\\/praxis-beylich.de\\\/#\\\/schema\\\/logo\\\/image\\\/\"}}]}<\/script>\n<!-- \/ Yoast SEO plugin. -->","yoast_head_json":{"title":"Diagnose und Behandlung durch \"Handauflegen\" - PRAXIS F\u00dcR ALLGEMEINMEDIZIN","robots":{"index":"index","follow":"follow","max-snippet":"max-snippet:-1","max-image-preview":"max-image-preview:large","max-video-preview":"max-video-preview:-1"},"canonical":"https:\/\/praxis-beylich.de\/?page_id=814","og_locale":"de_DE","og_type":"article","og_title":"Diagnose und Behandlung durch \"Handauflegen\" - PRAXIS F\u00dcR ALLGEMEINMEDIZIN","og_description":"Wer die Diagnose &#8222;unspezifischer R\u00fcckenschmerz&#8220; bekommt, hat ein Problem. Er erf\u00e4hrt die Ursache seiner Beschwerden nie, denn die Beschwerden sind nicht morphologisch, durch organische Ver\u00e4nderungen bedingt. Bei einem sehr grossen Teil unserer Patienten (etwa 75% aller Schmerzen des unteren R\u00fcckens) m\u00fcssen wir leider die Diagnose &#8222;unspezifischer R\u00fcckenschmerz&#8220; stellen, weil die Ursache weniger in &#8222;Abnutzungserscheinungen&#8220; liegt, &hellip; \u201eDiagnose und Behandlung durch &#8222;Handauflegen&#8220;\u201c weiterlesen","og_url":"https:\/\/praxis-beylich.de\/?page_id=814","og_site_name":"PRAXIS F\u00dcR ALLGEMEINMEDIZIN","article_modified_time":"2024-02-06T21:11:04+00:00","og_image":[{"width":260,"height":220,"url":"https:\/\/praxis-beylich.de\/wp-content\/uploads\/2018\/03\/MT-Kieser-e1521014827194.png","type":"image\/png"}],"twitter_card":"summary_large_image","twitter_misc":{"Gesch\u00e4tzte Lesezeit":"4\u00a0Minuten"},"schema":{"@context":"https:\/\/schema.org","@graph":[{"@type":"WebPage","@id":"https:\/\/praxis-beylich.de\/?page_id=814","url":"https:\/\/praxis-beylich.de\/?page_id=814","name":"Diagnose und Behandlung durch \"Handauflegen\" - PRAXIS F\u00dcR ALLGEMEINMEDIZIN","isPartOf":{"@id":"https:\/\/praxis-beylich.de\/#website"},"primaryImageOfPage":{"@id":"https:\/\/praxis-beylich.de\/?page_id=814#primaryimage"},"image":{"@id":"https:\/\/praxis-beylich.de\/?page_id=814#primaryimage"},"thumbnailUrl":"https:\/\/praxis-beylich.de\/wp-content\/uploads\/2018\/03\/MT-Kieser-e1521014827194.png","datePublished":"2018-03-13T11:59:06+00:00","dateModified":"2024-02-06T21:11:04+00:00","breadcrumb":{"@id":"https:\/\/praxis-beylich.de\/?page_id=814#breadcrumb"},"inLanguage":"de","potentialAction":[{"@type":"ReadAction","target":["https:\/\/praxis-beylich.de\/?page_id=814"]}]},{"@type":"ImageObject","inLanguage":"de","@id":"https:\/\/praxis-beylich.de\/?page_id=814#primaryimage","url":"https:\/\/praxis-beylich.de\/wp-content\/uploads\/2018\/03\/MT-Kieser-e1521014827194.png","contentUrl":"https:\/\/praxis-beylich.de\/wp-content\/uploads\/2018\/03\/MT-Kieser-e1521014827194.png","width":260,"height":220},{"@type":"BreadcrumbList","@id":"https:\/\/praxis-beylich.de\/?page_id=814#breadcrumb","itemListElement":[{"@type":"ListItem","position":1,"name":"Startseite","item":"https:\/\/praxis-beylich.de\/"},{"@type":"ListItem","position":2,"name":"Diagnose und Behandlung durch &#8222;Handauflegen&#8220;"}]},{"@type":"WebSite","@id":"https:\/\/praxis-beylich.de\/#website","url":"https:\/\/praxis-beylich.de\/","name":"PRAXIS F\u00dcR ALLGEMEINMEDIZIN","description":"Dipl.-Med. Michael Beylich, Facharzt f\u00fcr Allgemeinmedizin, Notarzt, Badearzt, Akupunkturarzt","publisher":{"@id":"https:\/\/praxis-beylich.de\/#organization"},"potentialAction":[{"@type":"SearchAction","target":{"@type":"EntryPoint","urlTemplate":"https:\/\/praxis-beylich.de\/?s={search_term_string}"},"query-input":{"@type":"PropertyValueSpecification","valueRequired":true,"valueName":"search_term_string"}}],"inLanguage":"de"},{"@type":"Organization","@id":"https:\/\/praxis-beylich.de\/#organization","name":"Praxis f\u00fcr Allgemeinmedizin","url":"https:\/\/praxis-beylich.de\/","logo":{"@type":"ImageObject","inLanguage":"de","@id":"https:\/\/praxis-beylich.de\/#\/schema\/logo\/image\/","url":"http:\/\/praxis-beylich.de\/wp-content\/uploads\/2018\/01\/YinYang-1.png","contentUrl":"http:\/\/praxis-beylich.de\/wp-content\/uploads\/2018\/01\/YinYang-1.png","width":133,"height":134,"caption":"Praxis f\u00fcr Allgemeinmedizin"},"image":{"@id":"https:\/\/praxis-beylich.de\/#\/schema\/logo\/image\/"}}]}},"_links":{"self":[{"href":"https:\/\/praxis-beylich.de\/index.php?rest_route=\/wp\/v2\/pages\/814","targetHints":{"allow":["GET"]}}],"collection":[{"href":"https:\/\/praxis-beylich.de\/index.php?rest_route=\/wp\/v2\/pages"}],"about":[{"href":"https:\/\/praxis-beylich.de\/index.php?rest_route=\/wp\/v2\/types\/page"}],"author":[{"embeddable":true,"href":"https:\/\/praxis-beylich.de\/index.php?rest_route=\/wp\/v2\/users\/1"}],"replies":[{"embeddable":true,"href":"https:\/\/praxis-beylich.de\/index.php?rest_route=%2Fwp%2Fv2%2Fcomments&post=814"}],"version-history":[{"count":4,"href":"https:\/\/praxis-beylich.de\/index.php?rest_route=\/wp\/v2\/pages\/814\/revisions"}],"predecessor-version":[{"id":2277,"href":"https:\/\/praxis-beylich.de\/index.php?rest_route=\/wp\/v2\/pages\/814\/revisions\/2277"}],"wp:featuredmedia":[{"embeddable":true,"href":"https:\/\/praxis-beylich.de\/index.php?rest_route=\/wp\/v2\/media\/820"}],"wp:attachment":[{"href":"https:\/\/praxis-beylich.de\/index.php?rest_route=%2Fwp%2Fv2%2Fmedia&parent=814"}],"curies":[{"name":"wp","href":"https:\/\/api.w.org\/{rel}","templated":true}]}}