{"id":822,"date":"2018-03-14T08:11:14","date_gmt":"2018-03-14T08:11:14","guid":{"rendered":"http:\/\/praxis-beylich.de\/?page_id=822"},"modified":"2025-08-01T13:49:26","modified_gmt":"2025-08-01T11:49:26","slug":"rueckenschmerzen-2","status":"publish","type":"page","link":"https:\/\/praxis-beylich.de\/?page_id=822","title":{"rendered":"R\u00fcckenschmerzen"},"content":{"rendered":"<p>R\u00fcckenschmerzen sind mit die h\u00e4ufigsten Anl\u00e4sse, die allgemeinmedizinische Sprechstunde aufzusuchen und dar\u00fcber hinaus offenbar eine wesentliche Ursache der schlechten Laune vieler Orthop\u00e4den.<br \/>\nDas Motto von Kieser-Studio, der einzigen vom T\u00dcV Rheinland nach DIN-33961 zertifizierten Gruppe von &#8222;Fitness-Studios&#8220; war \u00fcber viele Jahre hinweg: <strong>&#8222;Ein starker R\u00fccken kennt keinen Schmerz.&#8220;<\/strong><\/p>\n","protected":false},"excerpt":{"rendered":"<p>R\u00fcckenschmerzen sind mit die h\u00e4ufigsten Anl\u00e4sse, die allgemeinmedizinische Sprechstunde aufzusuchen und dar\u00fcber hinaus offenbar eine wesentliche Ursache der schlechten Laune vieler Orthop\u00e4den. Das Motto von Kieser-Studio, der einzigen vom T\u00dcV Rheinland nach DIN-33961 zertifizierten Gruppe von &#8222;Fitness-Studios&#8220; war \u00fcber viele Jahre hinweg: &#8222;Ein starker R\u00fccken kennt keinen Schmerz.&#8220;<\/p>\n","protected":false},"author":1,"featured_media":779,"parent":0,"menu_order":0,"comment_status":"closed","ping_status":"closed","template":"","meta":{"_monsterinsights_skip_tracking":false,"_monsterinsights_sitenote_active":false,"_monsterinsights_sitenote_note":"","_monsterinsights_sitenote_category":0,"footnotes":""},"class_list":["post-822","page","type-page","status-publish","has-post-thumbnail","hentry"],"yoast_head":"<!-- This site is optimized with the Yoast SEO plugin v27.4 - https:\/\/yoast.com\/product\/yoast-seo-wordpress\/ -->\n<title>R\u00fcckenschmerzen - PRAXIS F\u00dcR ALLGEMEINMEDIZIN<\/title>\n<meta name=\"robots\" content=\"index, follow, max-snippet:-1, max-image-preview:large, max-video-preview:-1\" \/>\n<link rel=\"canonical\" href=\"https:\/\/praxis-beylich.de\/?page_id=822\" \/>\n<meta property=\"og:locale\" content=\"de_DE\" \/>\n<meta property=\"og:type\" content=\"article\" \/>\n<meta property=\"og:title\" content=\"R\u00fcckenschmerzen - PRAXIS F\u00dcR ALLGEMEINMEDIZIN\" \/>\n<meta property=\"og:description\" content=\"R\u00fcckenschmerzen sind mit die h\u00e4ufigsten Anl\u00e4sse, die allgemeinmedizinische Sprechstunde aufzusuchen und dar\u00fcber hinaus offenbar eine wesentliche Ursache der schlechten Laune vieler Orthop\u00e4den. Das Motto von Kieser-Studio, der einzigen vom T\u00dcV Rheinland nach DIN-33961 zertifizierten Gruppe von &#8222;Fitness-Studios&#8220; war \u00fcber viele Jahre hinweg: &#8222;Ein starker R\u00fccken kennt keinen Schmerz.&#8220;\" \/>\n<meta property=\"og:url\" content=\"https:\/\/praxis-beylich.de\/?page_id=822\" \/>\n<meta property=\"og:site_name\" content=\"PRAXIS F\u00dcR ALLGEMEINMEDIZIN\" \/>\n<meta property=\"article:modified_time\" content=\"2025-08-01T11:49:26+00:00\" \/>\n<meta property=\"og:image\" content=\"https:\/\/praxis-beylich.de\/wp-content\/uploads\/2018\/03\/R\u00fcckenschmerzen-e1521015459767.jpg\" \/>\n\t<meta property=\"og:image:width\" content=\"300\" \/>\n\t<meta property=\"og:image:height\" content=\"254\" \/>\n\t<meta property=\"og:image:type\" content=\"image\/jpeg\" \/>\n<meta name=\"twitter:card\" content=\"summary_large_image\" \/>\n<meta name=\"twitter:label1\" content=\"Gesch\u00e4tzte Lesezeit\" \/>\n\t<meta name=\"twitter:data1\" content=\"1\u00a0Minute\" \/>\n<script type=\"application\/ld+json\" class=\"yoast-schema-graph\">{\"@context\":\"https:\\\/\\\/schema.org\",\"@graph\":[{\"@type\":\"WebPage\",\"@id\":\"https:\\\/\\\/praxis-beylich.de\\\/?page_id=822\",\"url\":\"https:\\\/\\\/praxis-beylich.de\\\/?page_id=822\",\"name\":\"R\u00fcckenschmerzen - PRAXIS F\u00dcR ALLGEMEINMEDIZIN\",\"isPartOf\":{\"@id\":\"https:\\\/\\\/praxis-beylich.de\\\/#website\"},\"primaryImageOfPage\":{\"@id\":\"https:\\\/\\\/praxis-beylich.de\\\/?page_id=822#primaryimage\"},\"image\":{\"@id\":\"https:\\\/\\\/praxis-beylich.de\\\/?page_id=822#primaryimage\"},\"thumbnailUrl\":\"https:\\\/\\\/praxis-beylich.de\\\/wp-content\\\/uploads\\\/2018\\\/03\\\/R\u00fcckenschmerzen-e1521015459767.jpg\",\"datePublished\":\"2018-03-14T08:11:14+00:00\",\"dateModified\":\"2025-08-01T11:49:26+00:00\",\"breadcrumb\":{\"@id\":\"https:\\\/\\\/praxis-beylich.de\\\/?page_id=822#breadcrumb\"},\"inLanguage\":\"de\",\"potentialAction\":[{\"@type\":\"ReadAction\",\"target\":[\"https:\\\/\\\/praxis-beylich.de\\\/?page_id=822\"]}]},{\"@type\":\"ImageObject\",\"inLanguage\":\"de\",\"@id\":\"https:\\\/\\\/praxis-beylich.de\\\/?page_id=822#primaryimage\",\"url\":\"https:\\\/\\\/praxis-beylich.de\\\/wp-content\\\/uploads\\\/2018\\\/03\\\/R\u00fcckenschmerzen-e1521015459767.jpg\",\"contentUrl\":\"https:\\\/\\\/praxis-beylich.de\\\/wp-content\\\/uploads\\\/2018\\\/03\\\/R\u00fcckenschmerzen-e1521015459767.jpg\",\"width\":300,\"height\":254},{\"@type\":\"BreadcrumbList\",\"@id\":\"https:\\\/\\\/praxis-beylich.de\\\/?page_id=822#breadcrumb\",\"itemListElement\":[{\"@type\":\"ListItem\",\"position\":1,\"name\":\"Startseite\",\"item\":\"https:\\\/\\\/praxis-beylich.de\\\/\"},{\"@type\":\"ListItem\",\"position\":2,\"name\":\"R\u00fcckenschmerzen\"}]},{\"@type\":\"WebSite\",\"@id\":\"https:\\\/\\\/praxis-beylich.de\\\/#website\",\"url\":\"https:\\\/\\\/praxis-beylich.de\\\/\",\"name\":\"PRAXIS F\u00dcR ALLGEMEINMEDIZIN\",\"description\":\"Dipl.-Med. Michael Beylich, Facharzt f\u00fcr Allgemeinmedizin, Notarzt, Badearzt, Akupunkturarzt\",\"publisher\":{\"@id\":\"https:\\\/\\\/praxis-beylich.de\\\/#organization\"},\"potentialAction\":[{\"@type\":\"SearchAction\",\"target\":{\"@type\":\"EntryPoint\",\"urlTemplate\":\"https:\\\/\\\/praxis-beylich.de\\\/?s={search_term_string}\"},\"query-input\":{\"@type\":\"PropertyValueSpecification\",\"valueRequired\":true,\"valueName\":\"search_term_string\"}}],\"inLanguage\":\"de\"},{\"@type\":\"Organization\",\"@id\":\"https:\\\/\\\/praxis-beylich.de\\\/#organization\",\"name\":\"Praxis f\u00fcr Allgemeinmedizin\",\"url\":\"https:\\\/\\\/praxis-beylich.de\\\/\",\"logo\":{\"@type\":\"ImageObject\",\"inLanguage\":\"de\",\"@id\":\"https:\\\/\\\/praxis-beylich.de\\\/#\\\/schema\\\/logo\\\/image\\\/\",\"url\":\"http:\\\/\\\/praxis-beylich.de\\\/wp-content\\\/uploads\\\/2018\\\/01\\\/YinYang-1.png\",\"contentUrl\":\"http:\\\/\\\/praxis-beylich.de\\\/wp-content\\\/uploads\\\/2018\\\/01\\\/YinYang-1.png\",\"width\":133,\"height\":134,\"caption\":\"Praxis f\u00fcr Allgemeinmedizin\"},\"image\":{\"@id\":\"https:\\\/\\\/praxis-beylich.de\\\/#\\\/schema\\\/logo\\\/image\\\/\"}}]}<\/script>\n<!-- \/ Yoast SEO plugin. -->","yoast_head_json":{"title":"R\u00fcckenschmerzen - PRAXIS F\u00dcR ALLGEMEINMEDIZIN","robots":{"index":"index","follow":"follow","max-snippet":"max-snippet:-1","max-image-preview":"max-image-preview:large","max-video-preview":"max-video-preview:-1"},"canonical":"https:\/\/praxis-beylich.de\/?page_id=822","og_locale":"de_DE","og_type":"article","og_title":"R\u00fcckenschmerzen - PRAXIS F\u00dcR ALLGEMEINMEDIZIN","og_description":"R\u00fcckenschmerzen sind mit die h\u00e4ufigsten Anl\u00e4sse, die allgemeinmedizinische Sprechstunde aufzusuchen und dar\u00fcber hinaus offenbar eine wesentliche Ursache der schlechten Laune vieler Orthop\u00e4den. Das Motto von Kieser-Studio, der einzigen vom T\u00dcV Rheinland nach DIN-33961 zertifizierten Gruppe von &#8222;Fitness-Studios&#8220; war \u00fcber viele Jahre hinweg: &#8222;Ein starker R\u00fccken kennt keinen Schmerz.&#8220;","og_url":"https:\/\/praxis-beylich.de\/?page_id=822","og_site_name":"PRAXIS F\u00dcR ALLGEMEINMEDIZIN","article_modified_time":"2025-08-01T11:49:26+00:00","og_image":[{"width":300,"height":254,"url":"https:\/\/praxis-beylich.de\/wp-content\/uploads\/2018\/03\/R\u00fcckenschmerzen-e1521015459767.jpg","type":"image\/jpeg"}],"twitter_card":"summary_large_image","twitter_misc":{"Gesch\u00e4tzte Lesezeit":"1\u00a0Minute"},"schema":{"@context":"https:\/\/schema.org","@graph":[{"@type":"WebPage","@id":"https:\/\/praxis-beylich.de\/?page_id=822","url":"https:\/\/praxis-beylich.de\/?page_id=822","name":"R\u00fcckenschmerzen - PRAXIS F\u00dcR ALLGEMEINMEDIZIN","isPartOf":{"@id":"https:\/\/praxis-beylich.de\/#website"},"primaryImageOfPage":{"@id":"https:\/\/praxis-beylich.de\/?page_id=822#primaryimage"},"image":{"@id":"https:\/\/praxis-beylich.de\/?page_id=822#primaryimage"},"thumbnailUrl":"https:\/\/praxis-beylich.de\/wp-content\/uploads\/2018\/03\/R\u00fcckenschmerzen-e1521015459767.jpg","datePublished":"2018-03-14T08:11:14+00:00","dateModified":"2025-08-01T11:49:26+00:00","breadcrumb":{"@id":"https:\/\/praxis-beylich.de\/?page_id=822#breadcrumb"},"inLanguage":"de","potentialAction":[{"@type":"ReadAction","target":["https:\/\/praxis-beylich.de\/?page_id=822"]}]},{"@type":"ImageObject","inLanguage":"de","@id":"https:\/\/praxis-beylich.de\/?page_id=822#primaryimage","url":"https:\/\/praxis-beylich.de\/wp-content\/uploads\/2018\/03\/R\u00fcckenschmerzen-e1521015459767.jpg","contentUrl":"https:\/\/praxis-beylich.de\/wp-content\/uploads\/2018\/03\/R\u00fcckenschmerzen-e1521015459767.jpg","width":300,"height":254},{"@type":"BreadcrumbList","@id":"https:\/\/praxis-beylich.de\/?page_id=822#breadcrumb","itemListElement":[{"@type":"ListItem","position":1,"name":"Startseite","item":"https:\/\/praxis-beylich.de\/"},{"@type":"ListItem","position":2,"name":"R\u00fcckenschmerzen"}]},{"@type":"WebSite","@id":"https:\/\/praxis-beylich.de\/#website","url":"https:\/\/praxis-beylich.de\/","name":"PRAXIS F\u00dcR ALLGEMEINMEDIZIN","description":"Dipl.-Med. Michael Beylich, Facharzt f\u00fcr Allgemeinmedizin, Notarzt, Badearzt, Akupunkturarzt","publisher":{"@id":"https:\/\/praxis-beylich.de\/#organization"},"potentialAction":[{"@type":"SearchAction","target":{"@type":"EntryPoint","urlTemplate":"https:\/\/praxis-beylich.de\/?s={search_term_string}"},"query-input":{"@type":"PropertyValueSpecification","valueRequired":true,"valueName":"search_term_string"}}],"inLanguage":"de"},{"@type":"Organization","@id":"https:\/\/praxis-beylich.de\/#organization","name":"Praxis f\u00fcr Allgemeinmedizin","url":"https:\/\/praxis-beylich.de\/","logo":{"@type":"ImageObject","inLanguage":"de","@id":"https:\/\/praxis-beylich.de\/#\/schema\/logo\/image\/","url":"http:\/\/praxis-beylich.de\/wp-content\/uploads\/2018\/01\/YinYang-1.png","contentUrl":"http:\/\/praxis-beylich.de\/wp-content\/uploads\/2018\/01\/YinYang-1.png","width":133,"height":134,"caption":"Praxis f\u00fcr Allgemeinmedizin"},"image":{"@id":"https:\/\/praxis-beylich.de\/#\/schema\/logo\/image\/"}}]}},"_links":{"self":[{"href":"https:\/\/praxis-beylich.de\/index.php?rest_route=\/wp\/v2\/pages\/822","targetHints":{"allow":["GET"]}}],"collection":[{"href":"https:\/\/praxis-beylich.de\/index.php?rest_route=\/wp\/v2\/pages"}],"about":[{"href":"https:\/\/praxis-beylich.de\/index.php?rest_route=\/wp\/v2\/types\/page"}],"author":[{"embeddable":true,"href":"https:\/\/praxis-beylich.de\/index.php?rest_route=\/wp\/v2\/users\/1"}],"replies":[{"embeddable":true,"href":"https:\/\/praxis-beylich.de\/index.php?rest_route=%2Fwp%2Fv2%2Fcomments&post=822"}],"version-history":[{"count":1,"href":"https:\/\/praxis-beylich.de\/index.php?rest_route=\/wp\/v2\/pages\/822\/revisions"}],"predecessor-version":[{"id":823,"href":"https:\/\/praxis-beylich.de\/index.php?rest_route=\/wp\/v2\/pages\/822\/revisions\/823"}],"wp:featuredmedia":[{"embeddable":true,"href":"https:\/\/praxis-beylich.de\/index.php?rest_route=\/wp\/v2\/media\/779"}],"wp:attachment":[{"href":"https:\/\/praxis-beylich.de\/index.php?rest_route=%2Fwp%2Fv2%2Fmedia&parent=822"}],"curies":[{"name":"wp","href":"https:\/\/api.w.org\/{rel}","templated":true}]}}