{"id":853,"date":"2018-05-26T16:16:49","date_gmt":"2018-05-26T16:16:49","guid":{"rendered":"http:\/\/praxis-beylich.de\/?page_id=853"},"modified":"2025-08-01T13:42:52","modified_gmt":"2025-08-01T11:42:52","slug":"datenschutzerklaerung","status":"publish","type":"page","link":"https:\/\/praxis-beylich.de\/?page_id=853","title":{"rendered":"Datenschutzerkl\u00e4rung"},"content":{"rendered":"<p><span style=\"font-size: 14pt;\"><strong>Datenschutz-Information<\/strong><\/span><\/p>\n<ol>\n<li><strong>Verantwortlich f\u00fcr den Datenschutz ist:<\/strong><\/li>\n<\/ol>\n<p>Dipl.-Med. Michael Beylich,\u00a0Br\u00fcckenstr. 33, 99955 Bad Tennstedt, Tel. 036041-578033<\/p>\n<ol start=\"2\">\n<li><strong> Bereitstellung der Website und Erstellung von Protokoll- oder Log-Dateien <\/strong><\/li>\n<\/ol>\n<p>Die Seite www.praxis-beylich.de ist besuchbar, ohne Angaben zu Ihrer Person zu machen. Gleichwohl werden schon bei dem einfachen Seitenaufruf Informationen zum Zugriff (Datum, Uhrzeit, \u00fcbertragene Datenmenge, Naviga-tionsherkunft, Browser, Betriebssystem, IP-Adresse) gespeichert.<\/p>\n<p>Das Internetangebot wird bei 1 &amp; 1 IONOS SE, Eigendorfer Str. 57, 56410 Montabaur gehostet. Der Hoster empf\u00e4ngt zu diesem Zweck folgende, bei jedem Zugriff auf Inhalte des Internetangebotes in sogenannten Protokoll- oder Log-Dateien vor\u00fcbergehend gespeicherte Daten, die m\u00f6glicherweise eine Identifizierung zulassen. Folgende Daten werden hierbei erhoben:<\/p>\n<ul>\n<li>Datum und Uhrzeit des Abrufs<\/li>\n<li>Name des aufgerufenen Internetdienstes, der aufgerufenen Ressource und der verwendeten Aktion<\/li>\n<li>Abfrage, die die Person (Client) gestellt hat<\/li>\n<li>\u00fcbertragene Datenmenge<\/li>\n<li>Meldung, ob der Abruf erfolgreich war<\/li>\n<li>IP-Adresse des aufrufenden Rechners<\/li>\n<li>Clientinformationen (u.a. Browser, Betriebssystem)<\/li>\n<\/ul>\n<p>Rechtsgrundlage f\u00fcr die vor\u00fcbergehende Speicherung dieser Daten ist Art. 6 Abs. 1 lit. f DS-GVO.<\/p>\n<p>Die Daten aus den Protokoll- bzw. Logdateien dienen zur Sicherstellung der Funktionsf\u00e4higkeit der Website. Zudem dienen sie zur Abwehr und Analyse von Angriffen.<\/p>\n<p>In diesen Zwecken liegt auch unser berechtigtes Interesse an der Daten-verarbeitung.<\/p>\n<p>Die Daten werden bis zu 24 Stunden direkt und ausschlie\u00dflich f\u00fcr Admini-stratoren zug\u00e4nglich aufbewahrt. Danach sind sie nur noch indirekt \u00fcber die Rekonstruktion von Sicherungsb\u00e4ndern verf\u00fcgbar und werden nach 72 Stunden endg\u00fcltig gel\u00f6scht.<\/p>\n<p><strong>3 . Cookies\/ Analyse-Software <\/strong><\/p>\n<p>Wir selbst nutzen keine Cookies und keine automatische Weiterleitung. Allerdings werden durch den Hoster der Seite regelm\u00e4\u00dfig Analysen den Seitenauf-ruf betreffend durchgef\u00fchrt und teilweise an uns weitergeleitet. Dies erfolgt ausschlie\u00dflich in anonymisierter Form und l\u00e4sst keinerlei R\u00fcckschl\u00fcsse auf den Nutzer zu.<\/p>\n<ol start=\"4\">\n<li><strong> Kommunikation mit uns <\/strong><\/li>\n<\/ol>\n<p><strong>E-Mails\/Formulare<br \/>\n<\/strong>Wir bieten als Service an, Dauermedikamente und regelm\u00e4\u00dfig wiederkeh-rende \u00dcberweisungen \u00fcber unsere Internetseite online zu bestellen. Die in diesen Formularen \u00fcbermittelten Daten werden von uns grunds\u00e4tzlich nur in der Praxissoftware gespeichert.<\/p>\n<ol start=\"5\">\n<li><strong> Ihre Rechte <\/strong><\/li>\n<\/ol>\n<p>Sie haben das Recht, \u00fcber die Sie betreffenden personenbezogenen Daten einschlie\u00dflich eventueller Empf\u00e4nger und der geplanten Speicherdauer Auskunft zu erhalten sowie erteilte Einwilligungen mit Wirkung f\u00fcr die Zukunft zu widerrufen. Auch k\u00f6nnen Sie die Berichtigung unrichtiger Daten verlangen.<\/p>\n<p>Sollten unrichtige personenbezogene Daten verarbeitet werden, steht Ihnen gem\u00e4\u00df Art. 16 DS-GVO ein Recht auf Berichtigung zu. Liegen die gesetzlichen Voraussetzungen vor, so k\u00f6nnen Sie die L\u00f6schung oder Einschr\u00e4nkung der Verarbeitung verlangen sowie Widerspruch gegen die Verarbeitung einlegen (Art. 17, 18 und 21 DS-GVO). Dar\u00fcber hinaus steht Ihnen unter bestimmten Vor-aussetzungen das Recht auf L\u00f6schung von Daten, das Recht auf Einschr\u00e4n-kung der Datenverarbeitung sowie das Recht auf Daten\u00fcbertragbarkeit zu.<\/p>\n<p>Die Verarbeitung Ihrer Daten erfolgt auf Basis von gesetzlichen Regelungen. Nur in Ausnahmef\u00e4llen ben\u00f6tigen wir Ihr Einverst\u00e4ndnis. In diesen F\u00e4llen haben Sie das Recht, die Einwilligung f\u00fcr die zuk\u00fcnftige Verarbeitung zu widerrufen.<\/p>\n<p>Sie haben ferner das Recht, sich bei einer Datenschutzaufsichtsbeh\u00f6rde Ihrer Wahl zu beschweren, wenn Sie der Ansicht sind, dass die Verarbeitung Ihrer personenbezogenen Daten nicht rechtm\u00e4\u00dfig erfolgt. Hierzu geh\u00f6rt auch die f\u00fcr uns zust\u00e4ndige Aufsichtsbeh\u00f6rde in Th\u00fcringen, die Sie unter folgenden Kontaktdaten erreichen k\u00f6nnen:<\/p>\n<p>Der Landesbeauftragte f\u00fcr den Datenschutz und die Informationsfreiheit in Th\u00fcringen, H\u00e4\u00dflerstra\u00dfe 8, 99096 Erfurt, Telefon: <a href=\"https:\/\/www.google.com\/search?client=safari&amp;rls=en&amp;q=landesbeauftragter+f%C3%BCr+dtenschutz+th%C3%BCringen&amp;ie=UTF-8&amp;oe=UTF-8\">0361 573112900<\/a>, Fax: 0361 573112904, \u00a0E-Mail: poststelle@datenschutz.thueringen.de<\/p>\n","protected":false},"excerpt":{"rendered":"<p>Datenschutz-Information Verantwortlich f\u00fcr den Datenschutz ist: Dipl.-Med. Michael Beylich,\u00a0Br\u00fcckenstr. 33, 99955 Bad Tennstedt, Tel. 036041-578033 Bereitstellung der Website und Erstellung von Protokoll- oder Log-Dateien Die Seite www.praxis-beylich.de ist besuchbar, ohne Angaben zu Ihrer Person zu machen. Gleichwohl werden schon bei dem einfachen Seitenaufruf Informationen zum Zugriff (Datum, Uhrzeit, \u00fcbertragene Datenmenge, Naviga-tionsherkunft, Browser, Betriebssystem, IP-Adresse) gespeichert. &hellip; <\/p>\n<p class=\"link-more\"><a href=\"https:\/\/praxis-beylich.de\/?page_id=853\" class=\"more-link\"><span class=\"screen-reader-text\">\u201eDatenschutzerkl\u00e4rung\u201c <\/span>weiterlesen<\/a><\/p>\n","protected":false},"author":1,"featured_media":0,"parent":0,"menu_order":0,"comment_status":"closed","ping_status":"closed","template":"","meta":{"_monsterinsights_skip_tracking":false,"_monsterinsights_sitenote_active":false,"_monsterinsights_sitenote_note":"","_monsterinsights_sitenote_category":0,"footnotes":""},"class_list":["post-853","page","type-page","status-publish","hentry"],"yoast_head":"<!-- This site is optimized with the Yoast SEO plugin v27.4 - https:\/\/yoast.com\/product\/yoast-seo-wordpress\/ -->\n<title>Datenschutzerkl\u00e4rung - PRAXIS F\u00dcR ALLGEMEINMEDIZIN<\/title>\n<meta name=\"robots\" content=\"index, follow, max-snippet:-1, max-image-preview:large, max-video-preview:-1\" \/>\n<link rel=\"canonical\" href=\"https:\/\/praxis-beylich.de\/?page_id=853\" \/>\n<meta property=\"og:locale\" content=\"de_DE\" \/>\n<meta property=\"og:type\" content=\"article\" \/>\n<meta property=\"og:title\" content=\"Datenschutzerkl\u00e4rung - PRAXIS F\u00dcR ALLGEMEINMEDIZIN\" \/>\n<meta property=\"og:description\" content=\"Datenschutz-Information Verantwortlich f\u00fcr den Datenschutz ist: Dipl.-Med. Michael Beylich,\u00a0Br\u00fcckenstr. 33, 99955 Bad Tennstedt, Tel. 036041-578033 Bereitstellung der Website und Erstellung von Protokoll- oder Log-Dateien Die Seite www.praxis-beylich.de ist besuchbar, ohne Angaben zu Ihrer Person zu machen. Gleichwohl werden schon bei dem einfachen Seitenaufruf Informationen zum Zugriff (Datum, Uhrzeit, \u00fcbertragene Datenmenge, Naviga-tionsherkunft, Browser, Betriebssystem, IP-Adresse) gespeichert. &hellip; \u201eDatenschutzerkl\u00e4rung\u201c weiterlesen\" \/>\n<meta property=\"og:url\" content=\"https:\/\/praxis-beylich.de\/?page_id=853\" \/>\n<meta property=\"og:site_name\" content=\"PRAXIS F\u00dcR ALLGEMEINMEDIZIN\" \/>\n<meta property=\"article:modified_time\" content=\"2025-08-01T11:42:52+00:00\" \/>\n<meta name=\"twitter:card\" content=\"summary_large_image\" \/>\n<meta name=\"twitter:label1\" content=\"Gesch\u00e4tzte Lesezeit\" \/>\n\t<meta name=\"twitter:data1\" content=\"3\u00a0Minuten\" \/>\n<script type=\"application\/ld+json\" class=\"yoast-schema-graph\">{\"@context\":\"https:\\\/\\\/schema.org\",\"@graph\":[{\"@type\":\"WebPage\",\"@id\":\"https:\\\/\\\/praxis-beylich.de\\\/?page_id=853\",\"url\":\"https:\\\/\\\/praxis-beylich.de\\\/?page_id=853\",\"name\":\"Datenschutzerkl\u00e4rung - PRAXIS F\u00dcR ALLGEMEINMEDIZIN\",\"isPartOf\":{\"@id\":\"https:\\\/\\\/praxis-beylich.de\\\/#website\"},\"datePublished\":\"2018-05-26T16:16:49+00:00\",\"dateModified\":\"2025-08-01T11:42:52+00:00\",\"breadcrumb\":{\"@id\":\"https:\\\/\\\/praxis-beylich.de\\\/?page_id=853#breadcrumb\"},\"inLanguage\":\"de\",\"potentialAction\":[{\"@type\":\"ReadAction\",\"target\":[\"https:\\\/\\\/praxis-beylich.de\\\/?page_id=853\"]}]},{\"@type\":\"BreadcrumbList\",\"@id\":\"https:\\\/\\\/praxis-beylich.de\\\/?page_id=853#breadcrumb\",\"itemListElement\":[{\"@type\":\"ListItem\",\"position\":1,\"name\":\"Startseite\",\"item\":\"https:\\\/\\\/praxis-beylich.de\\\/\"},{\"@type\":\"ListItem\",\"position\":2,\"name\":\"Datenschutzerkl\u00e4rung\"}]},{\"@type\":\"WebSite\",\"@id\":\"https:\\\/\\\/praxis-beylich.de\\\/#website\",\"url\":\"https:\\\/\\\/praxis-beylich.de\\\/\",\"name\":\"PRAXIS F\u00dcR ALLGEMEINMEDIZIN\",\"description\":\"Dipl.-Med. Michael Beylich, Facharzt f\u00fcr Allgemeinmedizin, Notarzt, Badearzt, Akupunkturarzt\",\"publisher\":{\"@id\":\"https:\\\/\\\/praxis-beylich.de\\\/#organization\"},\"potentialAction\":[{\"@type\":\"SearchAction\",\"target\":{\"@type\":\"EntryPoint\",\"urlTemplate\":\"https:\\\/\\\/praxis-beylich.de\\\/?s={search_term_string}\"},\"query-input\":{\"@type\":\"PropertyValueSpecification\",\"valueRequired\":true,\"valueName\":\"search_term_string\"}}],\"inLanguage\":\"de\"},{\"@type\":\"Organization\",\"@id\":\"https:\\\/\\\/praxis-beylich.de\\\/#organization\",\"name\":\"Praxis f\u00fcr Allgemeinmedizin\",\"url\":\"https:\\\/\\\/praxis-beylich.de\\\/\",\"logo\":{\"@type\":\"ImageObject\",\"inLanguage\":\"de\",\"@id\":\"https:\\\/\\\/praxis-beylich.de\\\/#\\\/schema\\\/logo\\\/image\\\/\",\"url\":\"http:\\\/\\\/praxis-beylich.de\\\/wp-content\\\/uploads\\\/2018\\\/01\\\/YinYang-1.png\",\"contentUrl\":\"http:\\\/\\\/praxis-beylich.de\\\/wp-content\\\/uploads\\\/2018\\\/01\\\/YinYang-1.png\",\"width\":133,\"height\":134,\"caption\":\"Praxis f\u00fcr Allgemeinmedizin\"},\"image\":{\"@id\":\"https:\\\/\\\/praxis-beylich.de\\\/#\\\/schema\\\/logo\\\/image\\\/\"}}]}<\/script>\n<!-- \/ Yoast SEO plugin. -->","yoast_head_json":{"title":"Datenschutzerkl\u00e4rung - PRAXIS F\u00dcR ALLGEMEINMEDIZIN","robots":{"index":"index","follow":"follow","max-snippet":"max-snippet:-1","max-image-preview":"max-image-preview:large","max-video-preview":"max-video-preview:-1"},"canonical":"https:\/\/praxis-beylich.de\/?page_id=853","og_locale":"de_DE","og_type":"article","og_title":"Datenschutzerkl\u00e4rung - PRAXIS F\u00dcR ALLGEMEINMEDIZIN","og_description":"Datenschutz-Information Verantwortlich f\u00fcr den Datenschutz ist: Dipl.-Med. Michael Beylich,\u00a0Br\u00fcckenstr. 33, 99955 Bad Tennstedt, Tel. 036041-578033 Bereitstellung der Website und Erstellung von Protokoll- oder Log-Dateien Die Seite www.praxis-beylich.de ist besuchbar, ohne Angaben zu Ihrer Person zu machen. Gleichwohl werden schon bei dem einfachen Seitenaufruf Informationen zum Zugriff (Datum, Uhrzeit, \u00fcbertragene Datenmenge, Naviga-tionsherkunft, Browser, Betriebssystem, IP-Adresse) gespeichert. &hellip; \u201eDatenschutzerkl\u00e4rung\u201c weiterlesen","og_url":"https:\/\/praxis-beylich.de\/?page_id=853","og_site_name":"PRAXIS F\u00dcR ALLGEMEINMEDIZIN","article_modified_time":"2025-08-01T11:42:52+00:00","twitter_card":"summary_large_image","twitter_misc":{"Gesch\u00e4tzte Lesezeit":"3\u00a0Minuten"},"schema":{"@context":"https:\/\/schema.org","@graph":[{"@type":"WebPage","@id":"https:\/\/praxis-beylich.de\/?page_id=853","url":"https:\/\/praxis-beylich.de\/?page_id=853","name":"Datenschutzerkl\u00e4rung - PRAXIS F\u00dcR ALLGEMEINMEDIZIN","isPartOf":{"@id":"https:\/\/praxis-beylich.de\/#website"},"datePublished":"2018-05-26T16:16:49+00:00","dateModified":"2025-08-01T11:42:52+00:00","breadcrumb":{"@id":"https:\/\/praxis-beylich.de\/?page_id=853#breadcrumb"},"inLanguage":"de","potentialAction":[{"@type":"ReadAction","target":["https:\/\/praxis-beylich.de\/?page_id=853"]}]},{"@type":"BreadcrumbList","@id":"https:\/\/praxis-beylich.de\/?page_id=853#breadcrumb","itemListElement":[{"@type":"ListItem","position":1,"name":"Startseite","item":"https:\/\/praxis-beylich.de\/"},{"@type":"ListItem","position":2,"name":"Datenschutzerkl\u00e4rung"}]},{"@type":"WebSite","@id":"https:\/\/praxis-beylich.de\/#website","url":"https:\/\/praxis-beylich.de\/","name":"PRAXIS F\u00dcR ALLGEMEINMEDIZIN","description":"Dipl.-Med. Michael Beylich, Facharzt f\u00fcr Allgemeinmedizin, Notarzt, Badearzt, Akupunkturarzt","publisher":{"@id":"https:\/\/praxis-beylich.de\/#organization"},"potentialAction":[{"@type":"SearchAction","target":{"@type":"EntryPoint","urlTemplate":"https:\/\/praxis-beylich.de\/?s={search_term_string}"},"query-input":{"@type":"PropertyValueSpecification","valueRequired":true,"valueName":"search_term_string"}}],"inLanguage":"de"},{"@type":"Organization","@id":"https:\/\/praxis-beylich.de\/#organization","name":"Praxis f\u00fcr Allgemeinmedizin","url":"https:\/\/praxis-beylich.de\/","logo":{"@type":"ImageObject","inLanguage":"de","@id":"https:\/\/praxis-beylich.de\/#\/schema\/logo\/image\/","url":"http:\/\/praxis-beylich.de\/wp-content\/uploads\/2018\/01\/YinYang-1.png","contentUrl":"http:\/\/praxis-beylich.de\/wp-content\/uploads\/2018\/01\/YinYang-1.png","width":133,"height":134,"caption":"Praxis f\u00fcr Allgemeinmedizin"},"image":{"@id":"https:\/\/praxis-beylich.de\/#\/schema\/logo\/image\/"}}]}},"_links":{"self":[{"href":"https:\/\/praxis-beylich.de\/index.php?rest_route=\/wp\/v2\/pages\/853","targetHints":{"allow":["GET"]}}],"collection":[{"href":"https:\/\/praxis-beylich.de\/index.php?rest_route=\/wp\/v2\/pages"}],"about":[{"href":"https:\/\/praxis-beylich.de\/index.php?rest_route=\/wp\/v2\/types\/page"}],"author":[{"embeddable":true,"href":"https:\/\/praxis-beylich.de\/index.php?rest_route=\/wp\/v2\/users\/1"}],"replies":[{"embeddable":true,"href":"https:\/\/praxis-beylich.de\/index.php?rest_route=%2Fwp%2Fv2%2Fcomments&post=853"}],"version-history":[{"count":14,"href":"https:\/\/praxis-beylich.de\/index.php?rest_route=\/wp\/v2\/pages\/853\/revisions"}],"predecessor-version":[{"id":2534,"href":"https:\/\/praxis-beylich.de\/index.php?rest_route=\/wp\/v2\/pages\/853\/revisions\/2534"}],"wp:attachment":[{"href":"https:\/\/praxis-beylich.de\/index.php?rest_route=%2Fwp%2Fv2%2Fmedia&parent=853"}],"curies":[{"name":"wp","href":"https:\/\/api.w.org\/{rel}","templated":true}]}}